{"id":119996,"date":"2025-12-07T00:00:00","date_gmt":"2025-12-06T23:00:00","guid":{"rendered":"https:\/\/gpl-love.com\/fr\/produit\/fancy-product-designer-et-plus-addon\/"},"modified":"2026-03-20T23:05:41","modified_gmt":"2026-03-20T22:05:41","slug":"fancy-product-designer-et-plus-addon","status":"publish","type":"product","link":"https:\/\/gpl-love.com\/fr\/produit\/fancy-product-designer-et-plus-addon\/","title":{"rendered":"Fancy Product Designer et Plus Addon 6.5.0"},"content":{"rendered":"<h3>Fancy Product Designer et Plus Addon Traits<\/h3>\n<p>Le concepteur de produits fantaisie, en combinaison avec l&rsquo;addon plus, est une solution de Web \u00e0 imprim\u00e9e extr\u00eamement robuste et formidable qui accorde aux entreprises la capacit\u00e9 remarquable de g\u00e9n\u00e9rer et d&rsquo;adapter un vaste assortiment de produits dans un cadre en ligne. En utilisant ce logiciel, les utilisateurs sont autoris\u00e9s \u00e0 concevoir et \u00e0 personnaliser un \u00e9ventail de marchandises, y compris, mais sans s&rsquo;y limiter, des t-shirts, des \u00e9tuis de t\u00e9l\u00e9phone, des cartes de visite et un assortiment d&rsquo;autres articles. De plus, l&rsquo;addon plus augmente la fonctionnalit\u00e9 du concepteur de produits fantaisie en transmettant les utilisateurs avec des attributs suppl\u00e9mentaires englobant des outils de manipulation de texte avanc\u00e9s, des filtres d&rsquo;image et de l&rsquo;installation pour t\u00e9l\u00e9charger plusieurs images simultan\u00e9ment. Ce logiciel, qui poss\u00e8de une interface conviviale, permet aux entreprises de rationaliser leur proc\u00e9dure de conception, d&rsquo;am\u00e9liorer leur productivit\u00e9 et, finalement, d&rsquo;augmenter leur rentabilit\u00e9. Que vous soyez propri\u00e9taire d&rsquo;une entreprise modeste, d&rsquo;un graphiste ou d&rsquo;un \u00e9tablissement d&rsquo;impression, des cr\u00e9ateurs de produits fantaisistes, en collaboration avec l&rsquo;addon plus, constitue la solution id\u00e9ale pour vos conditions de Web \u00e0 imprim\u00e9.<\/p>\n<ul>\n<li>Un outil de conception puissant et intuitif pour cr\u00e9er des produits personnalis\u00e9s tels que des t-shirts, des \u00e9tuis de t\u00e9l\u00e9phone et plus<\/li>\n<li>Interface conviviale avec des fonctionnalit\u00e9s de glisser-d\u00e9poser pour une cr\u00e9ation et une personnalisation de conception facile<\/li>\n<li>Une vaste biblioth\u00e8que de clipart, de polices et d&rsquo;\u00e9l\u00e9ments de conception au choix<\/li>\n<li>Caract\u00e9ristiques avanc\u00e9es telles que l&rsquo;effet de masque et les filtres d&rsquo;image pour am\u00e9liorer les conceptions<\/li>\n<li>Int\u00e9gration transparente avec des plateformes de commerce \u00e9lectronique populaires, notamment WooCommerce et Shopify<\/li>\n<li>Plus Addon \u00e9tend les capacit\u00e9s avec des fonctionnalit\u00e9s telles que plusieurs vues, des mod\u00e8les de conception et des codes QR<\/li>\n<li>Option pour les clients pour enregistrer et partager leurs conceptions via les m\u00e9dias sociaux ou les e-mails<\/li>\n<li>Conception adapt\u00e9e aux mobiles pour la personnalisation en d\u00e9placement<\/li>\n<li>Support et documentation robustes pour une configuration et une utilisation faciles<\/li>\n<li>Un incontournable pour toute entreprise ou site Web offrant une cr\u00e9ation de produits personnalis\u00e9s.<\/li>\n<\/ul>\n","protected":false},"excerpt":{"rendered":"<p>Le concepteur de produits fantaisie, ainsi que son plus addon, s&rsquo;av\u00e8re \u00eatre l&rsquo;outil par excellence pour fabriquer des produits sur mesure. B\u00e9n\u00e9ficiant d&rsquo;une interface tr\u00e8s intuitive et d&rsquo;une vaste gamme de fonctionnalit\u00e9s de conception, ce logiciel permet aux utilisateurs de modeler sans effort des produits personnalis\u00e9s qui d\u00e9gagent son flair individuel. De plus, l&rsquo;addon plus \u00e9largit le domaine des possibilit\u00e9s de personnalisation, offrant des capacit\u00e9s avanc\u00e9es dans l&rsquo;\u00e9dition de texte et d&rsquo;image, la gestion de la conception, ainsi que la capacit\u00e9 d&rsquo;utiliser des polices et des conceptions auto-t\u00e9l\u00e9charg\u00e9es. Que ce soit la cr\u00e9ation de conceptions de t-shirts sur mesure ou la conservation des cartes de visite individualis\u00e9es, le concepteur de produits de fantaisie et plus addon d\u00e9passent une \u00e9tendue sans limites d&rsquo;opportunit\u00e9s pour vos activit\u00e9s cr\u00e9atives.<\/p>\n","protected":false},"featured_media":143854,"comment_status":"open","ping_status":"open","template":"","meta":[],"product_brand":[2544],"product_cat":[1189,1181,1186],"product_tag":[1269],"class_list":{"0":"post-119996","1":"product","2":"type-product","3":"status-publish","4":"has-post-thumbnail","6":"product_brand-fancy","7":"product_cat-personnalisation","8":"product_cat-plugins","9":"product_cat-wordpress-plugins","10":"product_tag-fancy","11":"member-discount","12":"discount-restricted","14":"first","15":"instock","16":"sale","17":"downloadable","18":"virtual","19":"sold-individually","20":"purchasable","21":"product-type-simple"},"_links":{"self":[{"href":"https:\/\/gpl-love.com\/fr\/wp-json\/wp\/v2\/product\/119996","targetHints":{"allow":["GET"]}}],"collection":[{"href":"https:\/\/gpl-love.com\/fr\/wp-json\/wp\/v2\/product"}],"about":[{"href":"https:\/\/gpl-love.com\/fr\/wp-json\/wp\/v2\/types\/product"}],"replies":[{"embeddable":true,"href":"https:\/\/gpl-love.com\/fr\/wp-json\/wp\/v2\/comments?post=119996"}],"wp:featuredmedia":[{"embeddable":true,"href":"https:\/\/gpl-love.com\/fr\/wp-json\/wp\/v2\/media\/143854"}],"wp:attachment":[{"href":"https:\/\/gpl-love.com\/fr\/wp-json\/wp\/v2\/media?parent=119996"}],"wp:term":[{"taxonomy":"product_brand","embeddable":true,"href":"https:\/\/gpl-love.com\/fr\/wp-json\/wp\/v2\/product_brand?post=119996"},{"taxonomy":"product_cat","embeddable":true,"href":"https:\/\/gpl-love.com\/fr\/wp-json\/wp\/v2\/product_cat?post=119996"},{"taxonomy":"product_tag","embeddable":true,"href":"https:\/\/gpl-love.com\/fr\/wp-json\/wp\/v2\/product_tag?post=119996"}],"curies":[{"name":"wp","href":"https:\/\/api.w.org\/{rel}","templated":true}]}}