{"id":119992,"date":"2026-04-16T00:00:00","date_gmt":"2026-04-15T22:00:00","guid":{"rendered":"https:\/\/gpl-love.com\/fr\/produit\/essential-add-ons-pour-elementor-pro\/"},"modified":"2026-04-17T00:30:36","modified_gmt":"2026-04-16T22:30:36","slug":"essential-add-ons-pour-elementor-pro","status":"publish","type":"product","link":"https:\/\/gpl-love.com\/fr\/produit\/essential-add-ons-pour-elementor-pro\/","title":{"rendered":"Essential Addons pour Elementor Pro 6.8.0"},"content":{"rendered":"<h3>Essential Addons pour Elementor Pro Traits<\/h3>\n<p>Le plugin Addons pour Elementor Pro Elementor est un outil global qui d\u00e9veloppe consid\u00e9rablement les capacit\u00e9s d\u00e9j\u00e0 robustes du constructeur de page Elementor. B\u00e9n\u00e9ficiant d&rsquo;un nombre impressionnant de plus de 70 widgets et extensions, ce plugin permet aux utilisateurs de modeler sans effort visuellement \u00e9tonnants et tr\u00e8s personnalisables. Notamment, il offre une pl\u00e9thore d&rsquo;\u00e9l\u00e9ments avanc\u00e9s, y compris, mais sans s&rsquo;y limiter, la grille post-grille, le feuilleton et la table de tarification. En outre, ce plugin offre une int\u00e9gration transparente avec des plates-formes tierces estim\u00e9es telles que MailChimp, WooCommerce et Google Maps. En mettant en \u0153uvre des addons essentiels pour Elementor Pro, on peut \u00e9conomiser beaucoup de temps et d&rsquo;efforts tout en r\u00e9alisant simultan\u00e9ment une esth\u00e9tique polie et professionnelle pour leur site Web. En tant que tel, ce plugin est la quintessence de l&rsquo;excellence pour les concepteurs, les d\u00e9veloppeurs et les propri\u00e9taires de sites Web qui aspirent \u00e0 \u00e9lever les prouesses de la conception de leur site Web et \u00e0 obtenir un succ\u00e8s in\u00e9gal\u00e9.<\/p>\n<ul>\n<li>Plus de 70 widgets avanc\u00e9s et addons pour Elementor Pro<\/li>\n<li>Cr\u00e9er des sites Web \u00e9poustouflants avec une large gamme d&rsquo;options de personnalisation<\/li>\n<li>Boostez votre productivit\u00e9 avec des mod\u00e8les et des blocs pr\u00e9-con\u00e7us<\/li>\n<li>Personnalisez la disposition et la conception de votre site Web sans comp\u00e9tences de codage<\/li>\n<li>Am\u00e9liorer l&rsquo;exp\u00e9rience utilisateur avec des \u00e9l\u00e9ments et des animations interactifs<\/li>\n<li>Compatible avec des plugins tiers pour une flexibilit\u00e9 de conception ultime<\/li>\n<li>\u00c9quipe d&rsquo;assistance d\u00e9di\u00e9e \u00e0 toute question ou probl\u00e8me<\/li>\n<li>Mises \u00e0 jour r\u00e9guli\u00e8res et am\u00e9liorations de la compatibilit\u00e9 continue avec Elementor Pro<\/li>\n<li>Options de tarification abordables pour les entreprises et les particuliers de toute taille<\/li>\n<li>Disponible \u00e0 l&rsquo;achat et t\u00e9l\u00e9charger directement sur le site Web Essential Addons<\/li>\n<\/ul>\n","protected":false},"excerpt":{"rendered":"<p>Am\u00e9liorez votre exp\u00e9rience avec Elementor Pro en incorporant le remarquable plugin Addons essentiels! Cet outil indispensable pr\u00e9sente un \u00e9ventail \u00e9tendu de plus de 60 widgets et extensions, englobant non seulement des animations de pointe, mais aussi des outils de marketing et de conversion de pointe, ainsi qu&rsquo;un assortiment de fonctionnalit\u00e9s de conception imaginatives. Que vous poss\u00e9diez le r\u00f4le d&rsquo;un blogueur diligent, d&rsquo;un propri\u00e9taire d&rsquo;entreprise astucieux ou d&rsquo;un concepteur Web comp\u00e9tent, des addons essentiels englobent tous les composants essentiels n\u00e9cessaires pour garantir que votre site Web brille non seulement parmi ses concurrents, mais parvient \u00e9galement \u00e0 convertir un nombre plus \u00e9lev\u00e9 de plus de nombre de personnes plus \u00e9lev\u00e9es de Les visiteurs en clients d\u00e9vou\u00e9s. N&rsquo;h\u00e9sitez pas, saisissez l&rsquo;occasion de le tester aujourd&rsquo;hui et assistez de premi\u00e8re main \u00e0 la transformation de votre site Web en une entit\u00e9 dynamique et engageante!<\/p>\n","protected":false},"featured_media":143781,"comment_status":"open","ping_status":"open","template":"","meta":[],"product_brand":[2539],"product_cat":[1189,1181,1186],"product_tag":[1264],"class_list":{"0":"post-119992","1":"product","2":"type-product","3":"status-publish","4":"has-post-thumbnail","6":"product_brand-elementor","7":"product_cat-personnalisation","8":"product_cat-plugins","9":"product_cat-wordpress-plugins","10":"product_tag-elementor","11":"member-discount","12":"discount-restricted","14":"first","15":"instock","16":"sale","17":"downloadable","18":"virtual","19":"sold-individually","20":"purchasable","21":"product-type-simple"},"_links":{"self":[{"href":"https:\/\/gpl-love.com\/fr\/wp-json\/wp\/v2\/product\/119992","targetHints":{"allow":["GET"]}}],"collection":[{"href":"https:\/\/gpl-love.com\/fr\/wp-json\/wp\/v2\/product"}],"about":[{"href":"https:\/\/gpl-love.com\/fr\/wp-json\/wp\/v2\/types\/product"}],"replies":[{"embeddable":true,"href":"https:\/\/gpl-love.com\/fr\/wp-json\/wp\/v2\/comments?post=119992"}],"wp:featuredmedia":[{"embeddable":true,"href":"https:\/\/gpl-love.com\/fr\/wp-json\/wp\/v2\/media\/143781"}],"wp:attachment":[{"href":"https:\/\/gpl-love.com\/fr\/wp-json\/wp\/v2\/media?parent=119992"}],"wp:term":[{"taxonomy":"product_brand","embeddable":true,"href":"https:\/\/gpl-love.com\/fr\/wp-json\/wp\/v2\/product_brand?post=119992"},{"taxonomy":"product_cat","embeddable":true,"href":"https:\/\/gpl-love.com\/fr\/wp-json\/wp\/v2\/product_cat?post=119992"},{"taxonomy":"product_tag","embeddable":true,"href":"https:\/\/gpl-love.com\/fr\/wp-json\/wp\/v2\/product_tag?post=119992"}],"curies":[{"name":"wp","href":"https:\/\/api.w.org\/{rel}","templated":true}]}}