{"id":119990,"date":"2026-03-16T00:00:00","date_gmt":"2026-03-15T23:00:00","guid":{"rendered":"https:\/\/gpl-love.com\/fr\/produit\/elessi-woocommerce-ajax-wordpress-theme-rtl-support\/"},"modified":"2026-04-07T00:31:04","modified_gmt":"2026-04-06T22:31:04","slug":"elessi-woocommerce-ajax-wordpress-theme-rtl-support","status":"publish","type":"product","link":"https:\/\/gpl-love.com\/fr\/produit\/elessi-woocommerce-ajax-wordpress-theme-rtl-support\/","title":{"rendered":"Elessi WooCommerce AJAX WordPress Th\u00e8me RTL support 6.6.0"},"content":{"rendered":"<h3>Elessi WooCommerce AJAX WordPress Th\u00e8me RTL support Traits<\/h3>\n<p>Elessi, un th\u00e8me WooCommerce Ajax WordPress, poss\u00e8de une fonction de support RTL inh\u00e9rente, ce qui en fait un choix impeccable pour l&rsquo;\u00e9tablissement de vitrines num\u00e9riques adapt\u00e9es aux besoins des personnes qui communiquent \u00e0 travers des langues qui circulent de droite \u00e0 gauche. En raison de sa conception m\u00e9ticuleusement con\u00e7ue, ce th\u00e8me garantit des exp\u00e9riences en ligne rapides et effervescentes, garantissant ainsi que votre site Web se charge rapidement et gracieusement. Elessi englobe un \u00e9ventail d&rsquo;attributs remarquables, y compris une page d&rsquo;accueil enti\u00e8rement personnalisable, une pl\u00e9thore d&rsquo;alternatives d&rsquo;en-t\u00eate et de pied de page, un mega menu int\u00e9gr\u00e9 et une fonctionnalit\u00e9 ing\u00e9nieuse de vue rapide de produit. En exploitant les capacit\u00e9s d&rsquo;Elessi, vous pouvez concevoir sans effort un emporium en ligne visuellement s\u00e9duisant et hautement fonctionnel, adapt\u00e9 \u00e0 la fois pour les interfaces de bureau traditionnelles et mobiles toujours pr\u00e9sents.<\/p>\n<ul>\n<li>Conception personnalisable pour correspondre aux pr\u00e9f\u00e9rences de marque ou personnelles<\/li>\n<li>Fonctionnalit\u00e9 WooCommerce int\u00e9gr\u00e9e pour la cr\u00e9ation et la gestion des magasins en ligne faciles<\/li>\n<li>Technologie de l&rsquo;Ajax pour les transitions et les temps de chargement rapides et sans couture<\/li>\n<li>Prise en charge du RTL pour les sites Web destin\u00e9s au public arabe ou h\u00e9bra\u00efque<\/li>\n<li>Plusieurs d\u00e9mos \u00e0 choisir avec divers styles et dispositions<\/li>\n<li>Conception r\u00e9active et adapt\u00e9e aux mobiles pour une vision optimale sur diff\u00e9rents appareils<\/li>\n<li>Options de typographie avanc\u00e9e pour am\u00e9liorer l&rsquo;esth\u00e9tique et la lisibilit\u00e9 du site Web<\/li>\n<li>Int\u00e9gration avec des plugins populaires comme le formulaire de contact 7 et le WPML pour des fonctionnalit\u00e9s suppl\u00e9mentaires<\/li>\n<li>Optimis\u00e9 pour que SEO am\u00e9liore la visibilit\u00e9 et les classements des moteurs de recherche<\/li>\n<li>\u00c9quipe de support client d\u00e9di\u00e9e disponible pour l&rsquo;aide et le d\u00e9pannage.<\/li>\n<\/ul>\n","protected":false},"excerpt":{"rendered":"<p>Le th\u00e8me Elessi WooCommerce Ajax WordPress est \u00e9quip\u00e9 d&rsquo;une pl\u00e9thore de fonctionnalit\u00e9s avanc\u00e9es sp\u00e9cialement con\u00e7ues pour amplifier les performances de votre boutique en ligne. Ce th\u00e8me exceptionnel fournit non seulement un support pour les langues du droit \u00e0 gauche (RTL), mais s&rsquo;adresse \u00e9galement parfaitement aux entreprises ciblant la client\u00e8le arabe, h\u00e9breu ou persan. Son utilisation de la technologie Ajax am\u00e9liore non seulement sa vitesse, mais assure \u00e9galement un niveau de r\u00e9activit\u00e9 accru. Avec sa conception contemporaine, sa mise en page adaptable et ses personnalisations sans effort, il appara\u00eet comme le choix ultime pour toute boutique en ligne. Embarquez dans votre voyage de vente en ligne avec la plus grande commodit\u00e9 et la facilit\u00e9 en optant pour le th\u00e8me remarquable Elessi WooCommerce Ajax WordPress.<\/p>\n","protected":false},"featured_media":143711,"comment_status":"open","ping_status":"open","template":"","meta":[],"product_brand":[2433],"product_cat":[1238,1851,1212],"product_tag":[1366],"class_list":{"0":"post-119990","1":"product","2":"type-product","3":"status-publish","4":"has-post-thumbnail","6":"product_brand-themeforest","7":"product_cat-commerce-electronique-themes","8":"product_cat-entreprise-commerce-electronique-themes","9":"product_cat-themes","10":"product_tag-themeforest","11":"member-discount","12":"discount-restricted","14":"first","15":"instock","16":"sale","17":"downloadable","18":"virtual","19":"sold-individually","20":"purchasable","21":"product-type-simple"},"_links":{"self":[{"href":"https:\/\/gpl-love.com\/fr\/wp-json\/wp\/v2\/product\/119990","targetHints":{"allow":["GET"]}}],"collection":[{"href":"https:\/\/gpl-love.com\/fr\/wp-json\/wp\/v2\/product"}],"about":[{"href":"https:\/\/gpl-love.com\/fr\/wp-json\/wp\/v2\/types\/product"}],"replies":[{"embeddable":true,"href":"https:\/\/gpl-love.com\/fr\/wp-json\/wp\/v2\/comments?post=119990"}],"wp:featuredmedia":[{"embeddable":true,"href":"https:\/\/gpl-love.com\/fr\/wp-json\/wp\/v2\/media\/143711"}],"wp:attachment":[{"href":"https:\/\/gpl-love.com\/fr\/wp-json\/wp\/v2\/media?parent=119990"}],"wp:term":[{"taxonomy":"product_brand","embeddable":true,"href":"https:\/\/gpl-love.com\/fr\/wp-json\/wp\/v2\/product_brand?post=119990"},{"taxonomy":"product_cat","embeddable":true,"href":"https:\/\/gpl-love.com\/fr\/wp-json\/wp\/v2\/product_cat?post=119990"},{"taxonomy":"product_tag","embeddable":true,"href":"https:\/\/gpl-love.com\/fr\/wp-json\/wp\/v2\/product_tag?post=119990"}],"curies":[{"name":"wp","href":"https:\/\/api.w.org\/{rel}","templated":true}]}}