{"id":119988,"date":"2026-04-16T00:00:00","date_gmt":"2026-04-15T22:00:00","guid":{"rendered":"https:\/\/gpl-love.com\/fr\/produit\/elements-kit-all-in-one-add-ons-pour-elementor\/"},"modified":"2026-04-17T00:30:35","modified_gmt":"2026-04-16T22:30:35","slug":"elements-kit-all-in-one-add-ons-pour-elementor","status":"publish","type":"product","link":"https:\/\/gpl-love.com\/fr\/produit\/elements-kit-all-in-one-add-ons-pour-elementor\/","title":{"rendered":"Elements Kit All In One Add-ons pour Elementor 4.3.2"},"content":{"rendered":"<h3>Elements Kit All In One Add-ons pour Elementor Traits<\/h3>\n<p>Le kit Elements All in One Ad-ons pour Elementor, qui est un outil complet m\u00e9ticuleusement con\u00e7u pour renforcer la fonctionnalit\u00e9 de l&rsquo;\u00e9l\u00e9mentor de page WordPress extr\u00eamement populaire, offre \u00e0 ses utilisateurs un vaste r\u00e9pertoire de fonctionnalit\u00e9s et de fonctions englobant des widgets, des mod\u00e8les, des blocs et des blocs et extensions. Ces attributs susmentionn\u00e9s permettent aux utilisateurs de mode \u00e0 la mode et aux dispositions sur mesure sans effort, pr\u00eatant ainsi un air de faille \u00e0 l&rsquo;ensemble du processus. Avec ce compl\u00e9ment extraordinaire \u00e0 leur disposition, les utilisateurs sont \u00e9quip\u00e9s pour \u00e9laborer sans effort des conceptions r\u00e9actives, assimiler de mani\u00e8re transparente les animations et orner leurs sites Web avec des effets distinctifs. Avec sa facilit\u00e9 d&rsquo;utilisation et les possibilit\u00e9s illimit\u00e9es qu&rsquo;il confondues \u00e0 ses utilisateurs, le kit Elements All in One Ad-ons pour Elementor est le compagnon par excellence pour les concepteurs, les d\u00e9veloppeurs et leurs sites Web au z\u00e9nith de son potentiel.<\/p>\n<ul>\n<li>Collection compl\u00e8te de modules compl\u00e9mentaires pour le constructeur de page Elementor<\/li>\n<li>Comprend plus 18 widgets uniques<\/li>\n<li>Facile \u00e0 installer et \u00e0 utiliser<\/li>\n<li>Aucune comp\u00e9tence de codage requise<\/li>\n<li>Enti\u00e8rement personnalisable pour correspondre \u00e0 la conception et au style de votre site Web<\/li>\n<li>R\u00e9guli\u00e8rement mis \u00e0 jour avec de nouvelles fonctionnalit\u00e9s et am\u00e9liorations<\/li>\n<li>Conception r\u00e9active mobile pour l&rsquo;affichage parfait sur tous les appareils<\/li>\n<li>Boose la fonctionnalit\u00e9 de votre site Web et l&rsquo;engagement des utilisateurs<\/li>\n<li>Prix \u200b\u200babordables par rapport aux produits similaires sur le march\u00e9<\/li>\n<li>\u00c9quipe de support client d\u00e9di\u00e9e pour aider \u00e0 tous les probl\u00e8mes ou questions<\/li>\n<\/ul>\n","protected":false},"excerpt":{"rendered":"<p>Le kit Elements All In One pour Elementor, pr\u00e9sent\u00e9 comme l&rsquo;outil ultime pour renforcer et \u00e9lever votre exp\u00e9rience de conception Web, pr\u00e9sente une pl\u00e9thore de widgets puissants et conviviaux qui catapultent vos prouesses de conception Elementor \u00e0 des niveaux d&rsquo;excellence sans pr\u00e9c\u00e9dent. Avec un \u00e9ventail impressionnant de fonctionnalit\u00e9s, telles que le menu Mega, le carrousel avanc\u00e9 et les widgets de chronologie, vous \u00eates \u00e9quip\u00e9 de tous les outils n\u00e9cessaires pour adapter et optimiser votre conception Web. Ce package complet garantit un processus transparent et sans effort pour cr\u00e9er des conceptions Web visuellement \u00e9tonnantes et r\u00e9actives. En int\u00e9grant sans effort ce kit dans votre site Web Elementor, vous assisterai sans aucun doute une transformation remarquable de la fonctionnalit\u00e9 et de l&rsquo;exp\u00e9rience utilisateur globale de votre site Web.<\/p>\n","protected":false},"featured_media":143709,"comment_status":"open","ping_status":"open","template":"","meta":[],"product_brand":[2534],"product_cat":[1189,1181,1186],"product_tag":[2353],"class_list":{"0":"post-119988","1":"product","2":"type-product","3":"status-publish","4":"has-post-thumbnail","6":"product_brand-elementskit","7":"product_cat-personnalisation","8":"product_cat-plugins","9":"product_cat-wordpress-plugins","10":"product_tag-elementskit","11":"member-discount","12":"discount-restricted","14":"first","15":"instock","16":"sale","17":"downloadable","18":"virtual","19":"sold-individually","20":"purchasable","21":"product-type-simple"},"_links":{"self":[{"href":"https:\/\/gpl-love.com\/fr\/wp-json\/wp\/v2\/product\/119988","targetHints":{"allow":["GET"]}}],"collection":[{"href":"https:\/\/gpl-love.com\/fr\/wp-json\/wp\/v2\/product"}],"about":[{"href":"https:\/\/gpl-love.com\/fr\/wp-json\/wp\/v2\/types\/product"}],"replies":[{"embeddable":true,"href":"https:\/\/gpl-love.com\/fr\/wp-json\/wp\/v2\/comments?post=119988"}],"wp:featuredmedia":[{"embeddable":true,"href":"https:\/\/gpl-love.com\/fr\/wp-json\/wp\/v2\/media\/143709"}],"wp:attachment":[{"href":"https:\/\/gpl-love.com\/fr\/wp-json\/wp\/v2\/media?parent=119988"}],"wp:term":[{"taxonomy":"product_brand","embeddable":true,"href":"https:\/\/gpl-love.com\/fr\/wp-json\/wp\/v2\/product_brand?post=119988"},{"taxonomy":"product_cat","embeddable":true,"href":"https:\/\/gpl-love.com\/fr\/wp-json\/wp\/v2\/product_cat?post=119988"},{"taxonomy":"product_tag","embeddable":true,"href":"https:\/\/gpl-love.com\/fr\/wp-json\/wp\/v2\/product_tag?post=119988"}],"curies":[{"name":"wp","href":"https:\/\/api.w.org\/{rel}","templated":true}]}}