{"id":119986,"date":"2021-02-09T00:00:00","date_gmt":"2021-02-08T23:00:00","guid":{"rendered":"https:\/\/gpl-love.com\/fr\/produit\/elementor-widgets-mega-pack\/"},"modified":"2026-03-20T23:03:23","modified_gmt":"2026-03-20T22:03:23","slug":"elementor-widgets-mega-pack","status":"publish","type":"product","link":"https:\/\/gpl-love.com\/fr\/produit\/elementor-widgets-mega-pack\/","title":{"rendered":"Elementor Widgets Mega Pack 1.0.0"},"content":{"rendered":"<h3>Elementor Widgets Mega Pack Traits<\/h3>\n<p>Le Mega Pack Elementor Widgets propose une vaste gamme de widgets qui s&rsquo;int\u00e8grent de mani\u00e8re transparente avec le constructeur de page Elementor. Ce pack est particuli\u00e8rement avantageux pour les personnes qui cherchent \u00e0 \u00e9lever la conception et les fonctionnalit\u00e9s de leur site Web sans avoir \u00e0 se plonger dans les subtilit\u00e9s du codage. B\u00e9n\u00e9ficiant de plus de 100 widgets, englobant diverses fonctionnalit\u00e9s telles que les ic\u00f4nes de m\u00e9dias sociaux, les tables de tarification, les minuteries de compte \u00e0 rebours et les formulaires de contact, ce pack vous offre tous les outils n\u00e9cessaires pour fa\u00e7onner rapidement un site Web poli et professionnel. De plus, les widgets sont enti\u00e8rement personnalisables, vous permettant de les adapter sans effort pour s&rsquo;aligner sur vos pr\u00e9f\u00e9rences uniques de marque et de conception. Que vous soyez un concepteur Web assaisonn\u00e9, un d\u00e9veloppeur comp\u00e9tent ou un propri\u00e9taire d&rsquo;entreprise d\u00e9termin\u00e9, le Mega Pack Elementor Widgets est une ressource indispensable pour propulser votre site Web vers de nouveaux sommets.<\/p>\n<ul>\n<li>Plus de 90 widgets uniques et personnalisables pour am\u00e9liorer votre site Web Elementor<\/li>\n<li>Les widgets incluent les ic\u00f4nes des m\u00e9dias sociaux, les tables de tarification,<\/li>\n<li>Enti\u00e8rement compatible avec Elementor Pro et la version \u00e9l\u00e9mentor gratuite<\/li>\n<li>Fonctionnalit\u00e9 facile de glisser-d\u00e9poser pour simplifier le processus de conception<\/li>\n<li>R\u00e9guli\u00e8rement mis \u00e0 jour avec de nouveaux widgets et fonctionnalit\u00e9s<\/li>\n<li>Optimis\u00e9 pour les vitesses de chargement rapide et la r\u00e9activit\u00e9 mobile<\/li>\n<li>Aucun codage requis, parfait pour ceux qui ont une exp\u00e9rience de d\u00e9veloppement Web limit\u00e9e<\/li>\n<li>Livr\u00e9 avec une documentation d\u00e9taill\u00e9e et un soutien de la communaut\u00e9 Elementor<\/li>\n<li>Options de style personnalisables pour correspondre \u00e0 la marque et \u00e0 l&rsquo;esth\u00e9tique de votre site Web<\/li>\n<li>Peut \u00eatre utilis\u00e9 sur plusieurs sites Web, ce qui en fait un investissement rentable pour les concepteurs de sites Web et les agences.<\/li>\n<\/ul>\n","protected":false},"excerpt":{"rendered":"<p>Le Mega Pack Elementor Widgets propose une pl\u00e9thore de widgets pratiques qui vous permettra d&rsquo;amplifier et de personnaliser votre site Web ou blog ax\u00e9 sur l&rsquo;\u00e9l\u00e9mentor. Ce pack complet vous donne acc\u00e8s \u00e0 une myriade de widgets, allant de carrousels d&rsquo;image visuellement attrayants aux boutons engageants d&rsquo;appel \u00e0 l&rsquo;action, de chronom\u00e9traux captivants, d&rsquo;ic\u00f4nes de m\u00e9dias sociaux captivantes et d&rsquo;un \u00e9ventail d&rsquo;autres fonctionnalit\u00e9s remarquables. Ces widgets sont m\u00e9ticuleusement con\u00e7us pour vous assurer qu&rsquo;ils sont r\u00e9actifs et conviviaux, vous permettant ainsi de construire sans effort et rapidement les dispositions de sites Web impressionnantes. Peu importe que votre objectif soit de montrer votre portefeuille, de pr\u00e9senter des t\u00e9moignages ou d&rsquo;approuver votre derni\u00e8re marchandise, soyez assur\u00e9 que le Mega Pack Elementor Widgets r\u00e9pondra \u00e0 vos exigences. Embarquez dans le voyage de la conception du site Web de vos r\u00eaves aujourd&rsquo;hui en exploitant les capacit\u00e9s in\u00e9gal\u00e9es de ces widgets Elementor exceptionnels.<\/p>\n","protected":false},"featured_media":143707,"comment_status":"open","ping_status":"open","template":"","meta":[],"product_brand":[2435],"product_cat":[1189,1181,1186],"product_tag":[1231],"class_list":{"0":"post-119986","1":"product","2":"type-product","3":"status-publish","4":"has-post-thumbnail","6":"product_brand-codecanyon","7":"product_cat-personnalisation","8":"product_cat-plugins","9":"product_cat-wordpress-plugins","10":"product_tag-codecanyon","11":"member-discount","12":"discount-restricted","14":"first","15":"instock","16":"sale","17":"downloadable","18":"virtual","19":"sold-individually","20":"purchasable","21":"product-type-simple"},"_links":{"self":[{"href":"https:\/\/gpl-love.com\/fr\/wp-json\/wp\/v2\/product\/119986","targetHints":{"allow":["GET"]}}],"collection":[{"href":"https:\/\/gpl-love.com\/fr\/wp-json\/wp\/v2\/product"}],"about":[{"href":"https:\/\/gpl-love.com\/fr\/wp-json\/wp\/v2\/types\/product"}],"replies":[{"embeddable":true,"href":"https:\/\/gpl-love.com\/fr\/wp-json\/wp\/v2\/comments?post=119986"}],"wp:featuredmedia":[{"embeddable":true,"href":"https:\/\/gpl-love.com\/fr\/wp-json\/wp\/v2\/media\/143707"}],"wp:attachment":[{"href":"https:\/\/gpl-love.com\/fr\/wp-json\/wp\/v2\/media?parent=119986"}],"wp:term":[{"taxonomy":"product_brand","embeddable":true,"href":"https:\/\/gpl-love.com\/fr\/wp-json\/wp\/v2\/product_brand?post=119986"},{"taxonomy":"product_cat","embeddable":true,"href":"https:\/\/gpl-love.com\/fr\/wp-json\/wp\/v2\/product_cat?post=119986"},{"taxonomy":"product_tag","embeddable":true,"href":"https:\/\/gpl-love.com\/fr\/wp-json\/wp\/v2\/product_tag?post=119986"}],"curies":[{"name":"wp","href":"https:\/\/api.w.org\/{rel}","templated":true}]}}