{"id":119984,"date":"2026-04-21T00:00:00","date_gmt":"2026-04-20T22:00:00","guid":{"rendered":"https:\/\/gpl-love.com\/fr\/produit\/elementor-whmcs-elements-pro\/"},"modified":"2026-04-21T18:30:21","modified_gmt":"2026-04-21T16:30:21","slug":"elementor-whmcs-elements-pro","status":"publish","type":"product","link":"https:\/\/gpl-love.com\/fr\/produit\/elementor-whmcs-elements-pro\/","title":{"rendered":"Elementor WHMCS Elements Pro 4.0"},"content":{"rendered":"<h3>Elementor WHMCS Elements Pro Traits<\/h3>\n<p>Elementor WHMCS Elements Pro appara\u00eet comme un plugin extr\u00eamement robuste m\u00e9ticuleusement con\u00e7u pour r\u00e9pondre aux besoins des utilisateurs de WordPress \u00e0 la recherche d&rsquo;int\u00e9gration sans effort de leur syst\u00e8me de facturation WHMCS dans leur site Web. Offrant une myriade de widgets personnalisables, y compris, mais sans s&rsquo;y limiter, les tables de prix, la recherche de domaine et la connexion du client, ce plugin accorde aux utilisateurs la possibilit\u00e9 d&rsquo;incorporer de mani\u00e8re transparente ces fonctionnalit\u00e9s sur n&rsquo;importe quelle page via l&rsquo;utilisation du constructeur de page Elementor. En vertu de son interface conviviale et d&rsquo;une vaste gamme d&rsquo;options de conception, Elementor WHMCS Elements Pro simplifie le processus de fa\u00e7on de fa\u00e7onner un site Web supr\u00eamement professionnel qui se synchronise parfaitement avec votre syst\u00e8me de facturation WHMCS. Que vous vous trouviez absorb\u00e9 par le fonctionnement d&rsquo;une entreprise d&rsquo;h\u00e9bergement Web, des noms de domaine automatique ou de rendre d&rsquo;autres services en ligne, ce plugin appara\u00eet ind\u00e9niablement comme un outil indispensable, rationalisant votre site Web et augmentant l&rsquo;exp\u00e9rience de vos clients \u00e0 des niveaux sans pr\u00e9c\u00e9dent.<\/p>\n<ul>\n<li>Int\u00e9gration puissante entre Elementor et WHMCS<\/li>\n<li>Vous permet de cr\u00e9er et de personnaliser une vari\u00e9t\u00e9 d&rsquo;\u00e9l\u00e9ments WHMCS directement dans l&rsquo;interface Elementor<\/li>\n<li>Livr\u00e9 avec une gamme de widgets pr\u00e9d\u00e9finis, y compris des formulaires de connexion, des tables de tarification et des affichages de produits<\/li>\n<li>Options de conception tr\u00e8s flexibles et personnalisables, vous permettant de cr\u00e9er des dispositions uniques et \u00e9tonnantes<\/li>\n<li>\u00c9diteur de glisser-d\u00e9poser intuitif pour cr\u00e9er diff\u00e9rentes mises en page et conceptions<\/li>\n<li>Compatibilit\u00e9 transparente avec Elementor et WHMC, sans aucun conflit ni probl\u00e8me technique<\/li>\n<li>Documentation compl\u00e8te et soutien disponibles pour le d\u00e9pannage et la r\u00e9ponse \u00e0 toutes les questions que vous pourriez avoir<\/li>\n<li>Salant du temps et efficace, vous permettant de cr\u00e9er et de g\u00e9rer facilement vos vitrines WHMCS<\/li>\n<li>Id\u00e9al pour les concepteurs de sites Web, les blogueurs et les d\u00e9veloppeurs qui cherchent \u00e0 rationaliser leur flux de travail et \u00e0 am\u00e9liorer leur processus de cr\u00e9ation de contenu.<\/li>\n<\/ul>\n","protected":false},"excerpt":{"rendered":"<p>Le plugin Elementor WHMCS Elements Pro est ing\u00e9nieusement con\u00e7u pour fusionner sans effort le constructeur de page Elementor avec WHMCS, vous permettant ainsi de fabriquer un site Web \u00e0 couper le souffle et supr\u00eamement efficace pour votre entreprise d&rsquo;h\u00e9bergement. Arm\u00e9s de son interface remarquablement conviviale de glisser-d\u00e9poser, vous avez la capacit\u00e9 remarquable de fa\u00e7onner sans effort les pages sur mesure de la sophistication et de la fonctionnalit\u00e9 les plus grandes, englobant un \u00e9ventail impressionnant d&rsquo;\u00e9l\u00e9ments tels que des tables de prix, des formulaires de commande, un client zones, et bien plus encore. De plus, ce plugin impressionnant est absolument d\u00e9bordant d&rsquo;un vaste assortiment de mod\u00e8les pr\u00eats \u00e0 l&#8217;emploi, m\u00e9ticuleusement con\u00e7us pour faciliter l&rsquo;\u00e9tablissement rapide et rationalis\u00e9 de votre site Web. En substance, c&rsquo;est un outil indispensable qui est pr\u00eat \u00e0 propulser et \u00e0 \u00e9lever votre entreprise d&rsquo;h\u00e9bergement \u00e0 des sommets in\u00e9gal\u00e9s de succ\u00e8s et de prosp\u00e9rit\u00e9.<\/p>\n","protected":false},"featured_media":143706,"comment_status":"open","ping_status":"open","template":"","meta":[],"product_brand":[2533],"product_cat":[1189,1181,1186],"product_tag":[1396],"class_list":{"0":"post-119984","1":"product","2":"type-product","3":"status-publish","4":"has-post-thumbnail","6":"product_brand-whmcs","7":"product_cat-personnalisation","8":"product_cat-plugins","9":"product_cat-wordpress-plugins","10":"product_tag-whmcs","11":"member-discount","12":"discount-restricted","14":"first","15":"instock","16":"sale","17":"downloadable","18":"virtual","19":"sold-individually","20":"purchasable","21":"product-type-simple"},"_links":{"self":[{"href":"https:\/\/gpl-love.com\/fr\/wp-json\/wp\/v2\/product\/119984","targetHints":{"allow":["GET"]}}],"collection":[{"href":"https:\/\/gpl-love.com\/fr\/wp-json\/wp\/v2\/product"}],"about":[{"href":"https:\/\/gpl-love.com\/fr\/wp-json\/wp\/v2\/types\/product"}],"replies":[{"embeddable":true,"href":"https:\/\/gpl-love.com\/fr\/wp-json\/wp\/v2\/comments?post=119984"}],"wp:featuredmedia":[{"embeddable":true,"href":"https:\/\/gpl-love.com\/fr\/wp-json\/wp\/v2\/media\/143706"}],"wp:attachment":[{"href":"https:\/\/gpl-love.com\/fr\/wp-json\/wp\/v2\/media?parent=119984"}],"wp:term":[{"taxonomy":"product_brand","embeddable":true,"href":"https:\/\/gpl-love.com\/fr\/wp-json\/wp\/v2\/product_brand?post=119984"},{"taxonomy":"product_cat","embeddable":true,"href":"https:\/\/gpl-love.com\/fr\/wp-json\/wp\/v2\/product_cat?post=119984"},{"taxonomy":"product_tag","embeddable":true,"href":"https:\/\/gpl-love.com\/fr\/wp-json\/wp\/v2\/product_tag?post=119984"}],"curies":[{"name":"wp","href":"https:\/\/api.w.org\/{rel}","templated":true}]}}