{"id":119982,"date":"2026-04-21T00:00:00","date_gmt":"2026-04-20T22:00:00","guid":{"rendered":"https:\/\/gpl-love.com\/fr\/produit\/elementor-pro-wordpress-page-builder-et-full-templates-kit\/"},"modified":"2026-04-21T18:30:20","modified_gmt":"2026-04-21T16:30:20","slug":"elementor-pro-wordpress-page-builder-et-full-templates-kit","status":"publish","type":"product","link":"https:\/\/gpl-love.com\/fr\/produit\/elementor-pro-wordpress-page-builder-et-full-templates-kit\/","title":{"rendered":"Elementor Pro WordPress Page Builder et Full Templates Kit 4.0.3"},"content":{"rendered":"<h3>Elementor Pro WordPress Page Builder et Full Templates Kit Traits<\/h3>\n<p>Elementor Pro, un constructeur de pages robuste sp\u00e9cialement con\u00e7u pour WordPress, permet aux utilisateurs d&rsquo;\u00e9laborer sans effort des sites Web captivants visuellement sans la condition pr\u00e9alable \u00e0 l&rsquo;expertise de codage. B\u00e9n\u00e9ficiant d&rsquo;une interface de glisser-d\u00e9poser, d&rsquo;un \u00e9diteur intuitif et d&rsquo;une vaste gamme d&rsquo;options de personnalisation, cet outil remarquable facilite la cr\u00e9ation transparente et la modification adapt\u00e9e de votre site Web en fonction de vos pr\u00e9f\u00e9rences et exigences pr\u00e9cises. Notamment, Elementor Pro propose en outre un kit de mod\u00e8les complet englobant une myriade de mod\u00e8les pr\u00e9-con\u00e7us s&rsquo;adressant \u00e0 diverses pages, y compris, mais sans s&rsquo;y limiter, les pages d&rsquo;accueil, les pages de destination et les pages de produits. Cet ajout inestimable rationalise consid\u00e9rablement le processus de fa\u00e7onner rapidement et efficacement un site Web poli de qualit\u00e9 professionnelle. Que vous poss\u00e9diez une comp\u00e9tence novice ou avanc\u00e9e dans la conception Web, la synergie Paramount entre Elementor Pro et son kit complet de mod\u00e8les promet de propulser votre conception de site Web \u00e0 des hauteurs sans pr\u00e9c\u00e9dent.<\/p>\n<ul>\n<li>ELEMENTOR Pro WordPress Page Builder avec interface glisser-d\u00e9poser pour une personnalisation facile<\/li>\n<li>300+ mod\u00e8les con\u00e7us professionnellement pour les pages de destination, les pages d&rsquo;accueil, les blogs, les portefeuilles, et plus encore<\/li>\n<li>De nouveaux mod\u00e8les ajout\u00e9s r\u00e9guli\u00e8rement pour garder votre site Web frais et \u00e0 jour<\/li>\n<li>Conceptions r\u00e9actives mobiles pour assurer une exp\u00e9rience transparente pour tous les utilisateurs<\/li>\n<li>Caract\u00e9ristiques de conception avanc\u00e9es telles que les polices personnalis\u00e9es, les animations et les effets de d\u00e9filement de parallaxe<\/li>\n<li>Int\u00e9gration compl\u00e8te avec des th\u00e8mes et plugins WordPress populaires<\/li>\n<li>Fonctionnalit\u00e9s d&rsquo;optimisation SEO int\u00e9gr\u00e9es pour am\u00e9liorer la visibilit\u00e9 et le classement de votre site Web dans les moteurs de recherche<\/li>\n<li>Mises \u00e0 jour r\u00e9guli\u00e8res et support client pour assurer la meilleure exp\u00e9rience utilisateur possible<\/li>\n<li>Interface conviviale avec aucune comp\u00e9tence de codage requise pour la personnalisation du site Web<\/li>\n<\/ul>\n","protected":false},"excerpt":{"rendered":"<p>Elementor Pro, un constructeur de page WordPress exceptionnellement puissant, offre aux individus la possibilit\u00e9 de construire des sites Web visuellement captivants, m\u00eame sans poss\u00e9der aucune expertise de codage. Gr\u00e2ce \u00e0 l&rsquo;incorporation d&rsquo;un large \u00e9ventail de mod\u00e8les et de blocs pr\u00e9-con\u00e7us, on peut g\u00e9n\u00e9rer sans effort des pages, des publications et des dispositions personnalis\u00e9es qui refl\u00e8tent avec pr\u00e9cision leur style distinct. B\u00e9n\u00e9ficiant d&rsquo;une vaste biblioth\u00e8que de mod\u00e8les et de blocs \u00e9labor\u00e9s, le kit de mod\u00e8les complet offre une abondance de possibilit\u00e9s de conception qui sont pratiquement illimit\u00e9es. Offrant aux utilisateurs la capacit\u00e9 de personnaliser pleinement chaque facette de leur site Web, Elementor Pro offre un contr\u00f4le complet sur l&rsquo;esth\u00e9tique et l&rsquo;ambiance de son domaine en ligne. Ind\u00e9pendamment de savoir si un individu s&rsquo;identifie comme un blogueur, un entrepreneur ou un propri\u00e9taire de petite entreprise, Elementor Pro appara\u00eet comme l&rsquo;outil par excellence pour cr\u00e9er rapidement un site Web qui rayonne de professionnalisme.<\/p>\n","protected":false},"featured_media":143705,"comment_status":"open","ping_status":"open","template":"","meta":[],"product_brand":[2532],"product_cat":[1189,1181,1186],"product_tag":[2262],"class_list":{"0":"post-119982","1":"product","2":"type-product","3":"status-publish","4":"has-post-thumbnail","6":"product_brand-elementor-pagebuilder","7":"product_cat-personnalisation","8":"product_cat-plugins","9":"product_cat-wordpress-plugins","10":"product_tag-elementor-pagebuilder","11":"member-discount","12":"discount-restricted","14":"first","15":"instock","16":"sale","17":"downloadable","18":"virtual","19":"sold-individually","20":"purchasable","21":"product-type-simple"},"_links":{"self":[{"href":"https:\/\/gpl-love.com\/fr\/wp-json\/wp\/v2\/product\/119982","targetHints":{"allow":["GET"]}}],"collection":[{"href":"https:\/\/gpl-love.com\/fr\/wp-json\/wp\/v2\/product"}],"about":[{"href":"https:\/\/gpl-love.com\/fr\/wp-json\/wp\/v2\/types\/product"}],"replies":[{"embeddable":true,"href":"https:\/\/gpl-love.com\/fr\/wp-json\/wp\/v2\/comments?post=119982"}],"wp:featuredmedia":[{"embeddable":true,"href":"https:\/\/gpl-love.com\/fr\/wp-json\/wp\/v2\/media\/143705"}],"wp:attachment":[{"href":"https:\/\/gpl-love.com\/fr\/wp-json\/wp\/v2\/media?parent=119982"}],"wp:term":[{"taxonomy":"product_brand","embeddable":true,"href":"https:\/\/gpl-love.com\/fr\/wp-json\/wp\/v2\/product_brand?post=119982"},{"taxonomy":"product_cat","embeddable":true,"href":"https:\/\/gpl-love.com\/fr\/wp-json\/wp\/v2\/product_cat?post=119982"},{"taxonomy":"product_tag","embeddable":true,"href":"https:\/\/gpl-love.com\/fr\/wp-json\/wp\/v2\/product_tag?post=119982"}],"curies":[{"name":"wp","href":"https:\/\/api.w.org\/{rel}","templated":true}]}}