{"id":119980,"date":"2024-04-21T00:00:00","date_gmt":"2024-04-20T22:00:00","guid":{"rendered":"https:\/\/gpl-love.com\/fr\/produit\/elementor-extras\/"},"modified":"2026-03-20T23:03:18","modified_gmt":"2026-03-20T22:03:18","slug":"elementor-extras","status":"publish","type":"product","link":"https:\/\/gpl-love.com\/fr\/produit\/elementor-extras\/","title":{"rendered":"Elementor Extras 2.2.52"},"content":{"rendered":"<h3>Elementor Extras Traits<\/h3>\n<p>Elementor Extras, un module compl\u00e9mentaire robuste con\u00e7u pour le constructeur de page Elementor, propose une vaste gamme de fonctionnalit\u00e9s et de fonctionnalit\u00e9s suppl\u00e9mentaires. Cet outil puissant permet aux utilisateurs d&rsquo;\u00e9laborer des dispositions complexes sans effort, de mettre en \u0153uvre du contenu dynamique et d&rsquo;adapter sans effort toutes les facettes de leur site Web. B\u00e9n\u00e9ficiant d&rsquo;une nature adaptable et fiable, les extras Elementor englobent un assortiment de widgets personnalisables, de modules, d&rsquo;alternatives de style avanc\u00e9es et d&rsquo;animations captivantes. Que vous ayez des comp\u00e9tences novices ou avanc\u00e9es en mati\u00e8re de d\u00e9veloppement, les extras Elementor se r\u00e9v\u00e8lent \u00eatre un ajout indispensable \u00e0 votre bo\u00eete \u00e0 outils, propulsant votre site Web \u00e0 des sommets sans pr\u00e9c\u00e9dent.<\/p>\n<ul>\n<li>Un ensemble puissant de widgets et de modules compl\u00e9mentaires pour le constructeur de page Elementor<\/li>\n<li>Am\u00e9liore la fonctionnalit\u00e9 de Elementor avec de nouveaux modules et fonctionnalit\u00e9s<\/li>\n<li>L&rsquo;interface de glisser-d\u00e9poser facilite la personnalisation des conceptions sans codage de connaissances<\/li>\n<li>Offre des \u00e9l\u00e9ments uniques tels que la grille de post, la chronologie et le menu de navigation<\/li>\n<li>Fournit de nouvelles possibilit\u00e9s de conception avec des modules de parallaxe et de modules de hotspots<\/li>\n<li>Compatible avec n&rsquo;importe quel th\u00e8me bas\u00e9 sur Elementor et peut \u00eatre int\u00e9gr\u00e9 de mani\u00e8re transparente dans les conceptions existantes<\/li>\n<li>R\u00e9guli\u00e8rement mis \u00e0 jour avec de nouvelles fonctionnalit\u00e9s et am\u00e9liorations pour rester \u00e0 jour avec les tendances de conception<\/li>\n<li>\u00c9quipe de soutien professionnel disponible pour vous aider \u00e0 toute question ou probl\u00e8me<\/li>\n<li>Peut r\u00e9duire consid\u00e9rablement le temps et les efforts n\u00e9cessaires pour cr\u00e9er des conceptions personnalis\u00e9es avec Elementor<\/li>\n<li>Offre un excellent rapport qualit\u00e9-prix avec un paiement unique pour un acc\u00e8s \u00e0 vie au produit.<\/li>\n<\/ul>\n","protected":false},"excerpt":{"rendered":"<p>Elementor Extras, un plugin WordPress exquis de qualit\u00e9 exceptionnelle, pr\u00e9sente un tableau de widgets et de fonctionnalit\u00e9s suppl\u00e9mentaires qui s&rsquo;int\u00e8grent de mani\u00e8re transparente avec le constructeur de page Elementor tr\u00e8s acclam\u00e9. Sa vaste collection comprend plus de 30 widgets de pointe, passant des grilles de poste captivantes aux flip-boxes s\u00e9duisantes, en fascinant les gros titres anim\u00e9s, et bien plus encore. En raison de son vaste r\u00e9pertoire, Elementor Extras permet aux concepteurs Web de possibilit\u00e9s de conception sans limites, ce qui leur permet de g\u00e9rer des sites Web vraiment distinctifs et immersifs. Au-del\u00e0 de son assortiment de widget, ce plugin poss\u00e8de \u00e9galement un assortiment de fonctionnalit\u00e9s suppl\u00e9mentaires, telles que les s\u00e9parateurs de forme, les points chauds, les SVG en ligne et les effets de particules fascinants. Ainsi, les extras Elementor sont un choix superlatif pour les concepteurs et les d\u00e9veloppeurs exigeants souhaitant \u00e9lever leurs projets Elementor vers de nouveaux sommets.<\/p>\n","protected":false},"featured_media":143702,"comment_status":"open","ping_status":"open","template":"","meta":[],"product_brand":[2530],"product_cat":[1189,1181,1186],"product_tag":[1594],"class_list":{"0":"post-119980","1":"product","2":"type-product","3":"status-publish","4":"has-post-thumbnail","6":"product_brand-namogo","7":"product_cat-personnalisation","8":"product_cat-plugins","9":"product_cat-wordpress-plugins","10":"product_tag-namogo","11":"member-discount","12":"discount-restricted","14":"first","15":"instock","16":"sale","17":"downloadable","18":"virtual","19":"sold-individually","20":"purchasable","21":"product-type-simple"},"_links":{"self":[{"href":"https:\/\/gpl-love.com\/fr\/wp-json\/wp\/v2\/product\/119980","targetHints":{"allow":["GET"]}}],"collection":[{"href":"https:\/\/gpl-love.com\/fr\/wp-json\/wp\/v2\/product"}],"about":[{"href":"https:\/\/gpl-love.com\/fr\/wp-json\/wp\/v2\/types\/product"}],"replies":[{"embeddable":true,"href":"https:\/\/gpl-love.com\/fr\/wp-json\/wp\/v2\/comments?post=119980"}],"wp:featuredmedia":[{"embeddable":true,"href":"https:\/\/gpl-love.com\/fr\/wp-json\/wp\/v2\/media\/143702"}],"wp:attachment":[{"href":"https:\/\/gpl-love.com\/fr\/wp-json\/wp\/v2\/media?parent=119980"}],"wp:term":[{"taxonomy":"product_brand","embeddable":true,"href":"https:\/\/gpl-love.com\/fr\/wp-json\/wp\/v2\/product_brand?post=119980"},{"taxonomy":"product_cat","embeddable":true,"href":"https:\/\/gpl-love.com\/fr\/wp-json\/wp\/v2\/product_cat?post=119980"},{"taxonomy":"product_tag","embeddable":true,"href":"https:\/\/gpl-love.com\/fr\/wp-json\/wp\/v2\/product_tag?post=119980"}],"curies":[{"name":"wp","href":"https:\/\/api.w.org\/{rel}","templated":true}]}}