{"id":119976,"date":"2024-11-27T00:00:00","date_gmt":"2024-11-26T23:00:00","guid":{"rendered":"https:\/\/gpl-love.com\/fr\/produit\/elegant-themes-extra-wordpress-theme\/"},"modified":"2026-03-20T23:03:09","modified_gmt":"2026-03-20T22:03:09","slug":"elegant-themes-extra-wordpress-theme","status":"publish","type":"product","link":"https:\/\/gpl-love.com\/fr\/produit\/elegant-themes-extra-wordpress-theme\/","title":{"rendered":"Elegant Themes Extra WordPress Theme 4.27.4"},"content":{"rendered":"<h3>Elegant Themes Extra WordPress Theme Traits<\/h3>\n<p>Le th\u00e8me WordPress suppl\u00e9mentaire \u00e9l\u00e9gant est un th\u00e8me exceptionnellement polyvalent et remarquablement puissant qui est parfaitement adapt\u00e9 \u00e0 la cr\u00e9ation d&rsquo;un site Web professionnel et ind\u00e9niablement \u00e9l\u00e9gant. B\u00e9n\u00e9ficiant d&rsquo;un design propre et moderne, ce th\u00e8me impressionnant est exceptionnellement bien adapt\u00e9 aux blogueurs, aux magazines en ligne et aux entreprises, qui souhaitent tous \u00e9lever leur pr\u00e9sence en ligne \u00e0 des hauteurs sans pr\u00e9c\u00e9dent. Ce qui distingue vraiment ce th\u00e8me, c&rsquo;est sa vaste gamme d&rsquo;options de personnalisation, vous offrant la possibilit\u00e9 d&rsquo;adapter votre site Web pour rencontrer tous vos caprices et d\u00e9sir. De plus, sa conception enti\u00e8rement r\u00e9active garantit que votre site Web rayonne de magnificence sur tous les appareils. Il importe que vos aspirations impliquent de commencer un blog, de pr\u00e9senter votre portefeuille ou de promouvoir votre entreprise en ligne, comme le th\u00e8me \u00e9l\u00e9gant WordPress suppl\u00e9mentaire r\u00e8gne ind\u00e9nigablement supr\u00eame comme le choix in\u00e9gal\u00e9 pour la cr\u00e9ation d&rsquo;un site Web \u00e0 couper le souffle qui captise l&rsquo;attention et l&rsquo;admiration de votre public estim\u00e9.<\/p>\n<ul>\n<li>Beau th\u00e8me personnalisable pour les sites Web WordPress<\/li>\n<li>Comprend plusieurs dispositions et d\u00e9mos pr\u00e9-faites au choix<\/li>\n<li>Builateur de glisser-d\u00e9poser pour cr\u00e9er des conceptions de pages personnalis\u00e9es<\/li>\n<li>Compatible avec WooCommerce pour une int\u00e9gration facile du commerce \u00e9lectronique<\/li>\n<li>Syst\u00e8me d&rsquo;examen int\u00e9gr\u00e9 pour la notation et l&rsquo;examen des produits ou des services<\/li>\n<li>Conception r\u00e9active qui a fi\u00e8re allure sur tous les appareils<\/li>\n<li>Comprend plusieurs formats de publication, y compris la vid\u00e9o et la galerie<\/li>\n<li>SEO optimis\u00e9 pour am\u00e9liorer le classement des moteurs de recherche<\/li>\n<li>Comprend une documentation approfondie et un soutien de th\u00e8mes \u00e9l\u00e9gants<\/li>\n<li>R\u00e9guli\u00e8rement mis \u00e0 jour avec de nouvelles fonctionnalit\u00e9s et am\u00e9liorations.<\/li>\n<\/ul>\n","protected":false},"excerpt":{"rendered":"<p>Le th\u00e8me WordPress suppl\u00e9mentaire \u00e9l\u00e9gant se pr\u00e9sente comme le rem\u00e8de ultime pour les personnes engag\u00e9es dans le domaine des blogs et des magazines en ligne qui recherchent un design poli et \u00e0 jour. B\u00e9n\u00e9ficiant d&rsquo;une pl\u00e9thore de dispositions de postes et de pages diverses, une fonctionnalit\u00e9 de personnalisation de glisser-d\u00e9poser intuitive, et un syst\u00e8me de r\u00e9vision influent, facilite plus sans effort la cr\u00e9ation d&rsquo;un site Web qui d\u00e9gage le professionnalisme en quelques minutes. En outre, avec sa mise en page adaptable et son support inh\u00e9rent \u00e0 la plate-forme WooCommerce largement acclam\u00e9e, ce th\u00e8me s&rsquo;av\u00e8re \u00eatre la quintessence de la perfection pour tout site Web aspirant \u00e0 laisser une marque ind\u00e9l\u00e9bile sur ses visiteurs estim\u00e9s. Par cons\u00e9quent, il n&rsquo;existe pas de rationalit\u00e9 pour y consacrer un temps pr\u00e9cieux sur les th\u00e8mes de WordPress. Embrassez les progr\u00e8s et \u00e9levez la stature de votre site Web en faisant la transition vers un extra sans d\u00e9lai!<\/p>\n","protected":false},"featured_media":143692,"comment_status":"open","ping_status":"closed","template":"","meta":[],"product_brand":[2511],"product_cat":[1220,1212,1213],"product_tag":[1261],"class_list":{"0":"post-119976","1":"product","2":"type-product","3":"status-publish","4":"has-post-thumbnail","6":"product_brand-elegant-themes","7":"product_cat-blog-magazine","8":"product_cat-themes","9":"product_cat-wordpress-themes","10":"product_tag-elegant-themes","11":"member-discount","12":"discount-restricted","14":"first","15":"instock","16":"sale","17":"downloadable","18":"virtual","19":"sold-individually","20":"purchasable","21":"product-type-simple"},"_links":{"self":[{"href":"https:\/\/gpl-love.com\/fr\/wp-json\/wp\/v2\/product\/119976","targetHints":{"allow":["GET"]}}],"collection":[{"href":"https:\/\/gpl-love.com\/fr\/wp-json\/wp\/v2\/product"}],"about":[{"href":"https:\/\/gpl-love.com\/fr\/wp-json\/wp\/v2\/types\/product"}],"replies":[{"embeddable":true,"href":"https:\/\/gpl-love.com\/fr\/wp-json\/wp\/v2\/comments?post=119976"}],"wp:featuredmedia":[{"embeddable":true,"href":"https:\/\/gpl-love.com\/fr\/wp-json\/wp\/v2\/media\/143692"}],"wp:attachment":[{"href":"https:\/\/gpl-love.com\/fr\/wp-json\/wp\/v2\/media?parent=119976"}],"wp:term":[{"taxonomy":"product_brand","embeddable":true,"href":"https:\/\/gpl-love.com\/fr\/wp-json\/wp\/v2\/product_brand?post=119976"},{"taxonomy":"product_cat","embeddable":true,"href":"https:\/\/gpl-love.com\/fr\/wp-json\/wp\/v2\/product_cat?post=119976"},{"taxonomy":"product_tag","embeddable":true,"href":"https:\/\/gpl-love.com\/fr\/wp-json\/wp\/v2\/product_tag?post=119976"}],"curies":[{"name":"wp","href":"https:\/\/api.w.org\/{rel}","templated":true}]}}