{"id":119972,"date":"2026-03-25T00:00:00","date_gmt":"2026-03-24T23:00:00","guid":{"rendered":"https:\/\/gpl-love.com\/fr\/produit\/eduma-education-wordpress-theme\/"},"modified":"2026-03-25T23:30:20","modified_gmt":"2026-03-25T22:30:20","slug":"eduma-education-wordpress-theme","status":"publish","type":"product","link":"https:\/\/gpl-love.com\/fr\/produit\/eduma-education-wordpress-theme\/","title":{"rendered":"Eduma Education WordPress Theme 5.8.6"},"content":{"rendered":"<h3>Eduma Education WordPress Theme Traits<\/h3>\n<p>Le th\u00e8me WordPress Eduma Education est un th\u00e8me WordPress global et tr\u00e8s robuste qui a \u00e9t\u00e9 sp\u00e9cifiquement con\u00e7u pour r\u00e9pondre aux besoins des \u00e9tablissements d&rsquo;enseignement et des plateformes d&rsquo;apprentissage en ligne. Il poss\u00e8de un vaste \u00e9ventail de fonctionnalit\u00e9s et de fonctionnalit\u00e9s qui permettent aux utilisateurs de construire et de g\u00e9rer sans effort leurs propres sites Web \u00e9ducatifs. Arborant un design \u00e9l\u00e9gant et contemporain, le th\u00e8me WordPress Eduma Education propose une interface conviviale qui garantit une navigation et une accessibilit\u00e9 transparentes pour les \u00e9tudiants et les \u00e9ducateurs. De plus, il est \u00e9quip\u00e9 d&rsquo;une s\u00e9lection diversifi\u00e9e de mod\u00e8les et de dispositions pr\u00e9-con\u00e7us, qui peuvent \u00eatre personnalis\u00e9s pour s&rsquo;aligner parfaitement avec les exigences individuelles. De plus, il offre \u00e9galement une large gamme de plugins et de widgets inestimables qui am\u00e9liorent consid\u00e9rablement l&rsquo;exp\u00e9rience utilisateur globale. De plus, son interface con\u00e7ue de mani\u00e8re r\u00e9active garantit qu&rsquo;il peut \u00eatre accessible sans effort sur n&rsquo;importe quel appareil, permettant ainsi aux utilisateurs d&rsquo;atteindre facilement leurs cours et leurs documents d&rsquo;apprentissage de n&rsquo;importe o\u00f9 et \u00e0 tout moment. Compte tenu de son ensemble complet de fonctionnalit\u00e9s et de fonctionnalit\u00e9s, le th\u00e8me WordPress Eduma Education appara\u00eet comme le choix ultime pour les individus \u00e0 la recherche d&rsquo;une plate-forme d&rsquo;apprentissage en ligne ou d&rsquo;un site Web \u00e9ducatif.<\/p>\n<ul>\n<li>Le th\u00e8me WordPress Eduma Education est un th\u00e8me visuellement \u00e9tonnant con\u00e7u sp\u00e9cifiquement pour les sites Web li\u00e9s \u00e0 l&rsquo;\u00e9ducation.<\/li>\n<li>Le th\u00e8me est hautement personnalisable, vous permettant d&rsquo;adapter sa conception et ses fonctionnalit\u00e9s pour r\u00e9pondre aux besoins de votre \u00e9tablissement d&rsquo;enseignement sp\u00e9cifique.<\/li>\n<li>Le th\u00e8me est livr\u00e9 avec des mod\u00e8les pr\u00e9-con\u00e7us pour une vari\u00e9t\u00e9 de pages, y compris des pages de cours, des pages de blog et des pages d&rsquo;\u00e9v\u00e9nements, ce qui facilite la cr\u00e9ation d&rsquo;un site Web d&rsquo;aspect professionnel d\u00e8s la sortie de la bo\u00eete.<\/li>\n<li>Le th\u00e8me WordPress Eduma Education est enti\u00e8rement r\u00e9actif, garantissant que votre site Web sera superbe sur n&rsquo;importe quel appareil, des ordinateurs de bureau aux t\u00e9l\u00e9phones portables.<\/li>\n<li>Le th\u00e8me est compatible avec une gamme de plugins populaires, y compris BBPress et WooCommerce, ce qui facilite l&rsquo;ajout de fonctionnalit\u00e9s suppl\u00e9mentaires \u00e0 votre site.<\/li>\n<li>Le th\u00e8me WordPress Eduma Education est livr\u00e9 avec une documentation compl\u00e8te et des mises \u00e0 jour r\u00e9guli\u00e8res, en vous garantissant que votre site Web reste \u00e0 jour avec les derni\u00e8res tendances de conception et les exigences techniques.<\/li>\n<li>Le th\u00e8me est \u00e9galement pr\u00eat pour la traduction, ce qui facilite la cr\u00e9ation d&rsquo;un site multilingue pour un public mondial.<\/li>\n<li>Le th\u00e8me WordPress Eduma Education est optimis\u00e9 pour les performances, garantissant que votre site Web se charge rapidement et efficacement, offrant une excellente exp\u00e9rience utilisateur \u00e0 vos visiteurs.<\/li>\n<\/ul>\n","protected":false},"excerpt":{"rendered":"<p>Le th\u00e8me WordPress Eduma Education est une solution exemplaire qui facilite la cr\u00e9ation de sites Web \u00e9ducatifs visuellement captivants et exceptionnellement efficaces. Arborant un design contemporain et poli, une disposition de page d&rsquo;accueil personnalisable et une gamme de fonctionnalit\u00e9s avanc\u00e9es, ce th\u00e8me comprend tous les outils n\u00e9cessaires n\u00e9cessaires pour pr\u00e9senter efficacement vos cours, professeurs, \u00e9v\u00e9nements et nombreuses autres offres \u00e9ducatives. Avec son interface conviviale et ses options de personnalisation approfondies, ce th\u00e8me vous permet de fa\u00e7onner une exp\u00e9rience d&rsquo;\u00e9ducation en ligne qui d\u00e9passe toutes les attentes. Que vous repr\u00e9sentiez une \u00e9cole, une universit\u00e9, un fournisseur de cours en ligne ou tout autre \u00e9tablissement \u00e9ducatif, le th\u00e8me WordPress Eduma Education est sans \u00e9quivoque le choix id\u00e9al pour vous.<\/p>\n","protected":false},"featured_media":143677,"comment_status":"open","ping_status":"open","template":"","meta":[],"product_brand":[2433],"product_cat":[1516,1212,1213],"product_tag":[1366],"class_list":{"0":"post-119972","1":"product","2":"type-product","3":"status-publish","4":"has-post-thumbnail","6":"product_brand-themeforest","7":"product_cat-entreprise","8":"product_cat-themes","9":"product_cat-wordpress-themes","10":"product_tag-themeforest","11":"member-discount","12":"discount-restricted","14":"first","15":"instock","16":"sale","17":"downloadable","18":"virtual","19":"sold-individually","20":"purchasable","21":"product-type-simple"},"_links":{"self":[{"href":"https:\/\/gpl-love.com\/fr\/wp-json\/wp\/v2\/product\/119972","targetHints":{"allow":["GET"]}}],"collection":[{"href":"https:\/\/gpl-love.com\/fr\/wp-json\/wp\/v2\/product"}],"about":[{"href":"https:\/\/gpl-love.com\/fr\/wp-json\/wp\/v2\/types\/product"}],"replies":[{"embeddable":true,"href":"https:\/\/gpl-love.com\/fr\/wp-json\/wp\/v2\/comments?post=119972"}],"wp:featuredmedia":[{"embeddable":true,"href":"https:\/\/gpl-love.com\/fr\/wp-json\/wp\/v2\/media\/143677"}],"wp:attachment":[{"href":"https:\/\/gpl-love.com\/fr\/wp-json\/wp\/v2\/media?parent=119972"}],"wp:term":[{"taxonomy":"product_brand","embeddable":true,"href":"https:\/\/gpl-love.com\/fr\/wp-json\/wp\/v2\/product_brand?post=119972"},{"taxonomy":"product_cat","embeddable":true,"href":"https:\/\/gpl-love.com\/fr\/wp-json\/wp\/v2\/product_cat?post=119972"},{"taxonomy":"product_tag","embeddable":true,"href":"https:\/\/gpl-love.com\/fr\/wp-json\/wp\/v2\/product_tag?post=119972"}],"curies":[{"name":"wp","href":"https:\/\/api.w.org\/{rel}","templated":true}]}}