{"id":119970,"date":"2021-11-03T00:00:00","date_gmt":"2021-11-02T23:00:00","guid":{"rendered":"https:\/\/gpl-love.com\/fr\/produit\/easy-digital-downloads-user-history\/"},"modified":"2026-03-20T23:02:34","modified_gmt":"2026-03-20T22:02:34","slug":"easy-digital-downloads-user-history","status":"publish","type":"product","link":"https:\/\/gpl-love.com\/fr\/produit\/easy-digital-downloads-user-history\/","title":{"rendered":"Easy Digital Downloads User History 1.6.2"},"content":{"rendered":"<h3>Easy Digital Downloads User History Traits<\/h3>\n<p>Le plugin Easy Digital T\u00e9l\u00e9chargements de l&rsquo;historique des utilisateurs est un outil incroyablement robuste et indispensable qui offre des informations compl\u00e8tes et complexes sur le comportement d&rsquo;achat des clients pour les propri\u00e9taires d&rsquo;entreprises en ligne. Ce plugin exceptionnel vous permet d&rsquo;acc\u00e8s sans effort et de mani\u00e8re pratique \u00e0 consulter l&rsquo;historique des utilisateurs, englobant une myriade de d\u00e9tails inestimables tels que les commandes, les t\u00e9l\u00e9chargements et les paiements pr\u00e9c\u00e9dents effectu\u00e9s par vos clients estim\u00e9s. De plus, il vous permet en outre de approfondir le domaine de l&rsquo;activit\u00e9 client sur votre site Web en vous offrant un aper\u00e7u complet d&rsquo;aspects importants tels que la date et l&rsquo;heure pr\u00e9cises de chaque achat, la m\u00e9thode de paiement sp\u00e9cifique utilis\u00e9e et le statut de t\u00e9l\u00e9chargement associ\u00e9 \u00e0 chaque \u00e9l\u00e9ment individuel. Arm\u00e9 de cette richesse d&rsquo;informations pertinentes, vous pouvez surveiller et suivre efficacement et astucement les diff\u00e9rentes actions entreprises par vos clients, en obtenant ainsi des informations inestimables sur leurs pr\u00e9f\u00e9rences et pr\u00e9dilections particuli\u00e8res. En fin de compte, arm\u00e9 de connaissances aussi profondes, vous pouvez personnaliser et adapter vos efforts de marketing pour r\u00e9pondre aux besoins et aux d\u00e9sirs sp\u00e9cifiques de vos clients estim\u00e9s, garantissant ainsi un engagement et une interaction optimaux. Embrasser le plugin Easy Digital Downloads History est une n\u00e9cessit\u00e9 absolue pour tout propri\u00e9taire de magasin en ligne exigeant qui abrite les aspirations d&rsquo;optimiser leur entreprise estim\u00e9e et d&rsquo;assurer le z\u00e9nith absolu de la satisfaction et du contentement des clients.<\/p>\n<ul>\n<li>Fournit des informations d\u00e9taill\u00e9es sur l&rsquo;activit\u00e9 des utilisateurs sur votre magasin de t\u00e9l\u00e9chargements num\u00e9riques faciles<\/li>\n<li>Montre quels produits un utilisateur a achet\u00e9, lorsqu&rsquo;il a \u00e9t\u00e9 achet\u00e9, et pour combien<\/li>\n<li>Vous permet de voir quelles passerelles de paiement ont \u00e9t\u00e9 utilis\u00e9es et s&rsquo;il y a eu des remboursements ou des r\u00e9trofacturation<\/li>\n<li>Fournit des informations sur les utilisateurs les plus engag\u00e9s dans votre magasin et quels produits sont les plus populaires<\/li>\n<li>Vous aide \u00e0 prendre des d\u00e9cisions bas\u00e9es sur les donn\u00e9es sur les produits \u00e0 promouvoir ou \u00e0 figurer sur votre site Web<\/li>\n<li>Vous permet d&rsquo;exporter facilement les donn\u00e9es d&rsquo;historique des utilisateurs pour une analyse plus approfondie dans Excel ou d&rsquo;autres outils<\/li>\n<li>Vous aide \u00e0 mieux comprendre votre client\u00e8le et \u00e0 am\u00e9liorer vos performances globales de la boutique EDD<\/li>\n<li>Propose une interface conviviale qui est facile \u00e0 utiliser et \u00e0 naviguer<\/li>\n<li>Ne n\u00e9cessite aucune connaissance technique ni comp\u00e9tences de codage \u00e0 utiliser<\/li>\n<li>Offre une visibilit\u00e9 in\u00e9gal\u00e9e dans l&rsquo;activit\u00e9 des utilisateurs, augmentant la rentabilit\u00e9 et la satisfaction du client<\/li>\n<\/ul>\n","protected":false},"excerpt":{"rendered":"<p>L&rsquo;historique des utilisateurs de t\u00e9l\u00e9chargements num\u00e9riques faciles est un outil incroyablement robuste et efficace qui a \u00e9t\u00e9 m\u00e9ticuleusement con\u00e7u pour offrir aux utilisateurs un large \u00e9ventail d&rsquo;informations compl\u00e8tes relatives \u00e0 leurs achats de produits num\u00e9riques. Il accorde aux utilisateurs la commodit\u00e9 de suivre sans effort leur historique de la commande, de comprendre et de t\u00e9l\u00e9charger sans effort leurs re\u00e7us d&rsquo;achat et de g\u00e9rer de mani\u00e8re transparente les informations de leur compte. L&rsquo;interface elle-m\u00eame est remarquablement conviviale, garantissant que les acheteurs en ligne cherchant \u00e0 maintenir un enregistrement organis\u00e9 et bien inform\u00e9 de leurs achats num\u00e9riques sont enti\u00e8rement satisfaits. Il va sans dire que l&rsquo;historique des utilisateurs de t\u00e9l\u00e9chargements num\u00e9riques faciles est une n\u00e9cessit\u00e9 absolue pour tout site Web qui souhaite offrir des produits ou services num\u00e9riques.<\/p>\n","protected":false},"featured_media":143653,"comment_status":"open","ping_status":"open","template":"","meta":[],"product_brand":[2523],"product_cat":[1183,1182,1181],"product_tag":[1255],"class_list":{"0":"post-119970","1":"product","2":"type-product","3":"status-publish","4":"has-post-thumbnail","6":"product_brand-easy-digital-downloads","7":"product_cat-administration","8":"product_cat-commerce-electronique-plugins","9":"product_cat-plugins","10":"product_tag-easy-digital-downloads","11":"member-discount","12":"discount-restricted","14":"first","15":"instock","16":"sale","17":"downloadable","18":"virtual","19":"sold-individually","20":"purchasable","21":"product-type-simple"},"_links":{"self":[{"href":"https:\/\/gpl-love.com\/fr\/wp-json\/wp\/v2\/product\/119970","targetHints":{"allow":["GET"]}}],"collection":[{"href":"https:\/\/gpl-love.com\/fr\/wp-json\/wp\/v2\/product"}],"about":[{"href":"https:\/\/gpl-love.com\/fr\/wp-json\/wp\/v2\/types\/product"}],"replies":[{"embeddable":true,"href":"https:\/\/gpl-love.com\/fr\/wp-json\/wp\/v2\/comments?post=119970"}],"wp:featuredmedia":[{"embeddable":true,"href":"https:\/\/gpl-love.com\/fr\/wp-json\/wp\/v2\/media\/143653"}],"wp:attachment":[{"href":"https:\/\/gpl-love.com\/fr\/wp-json\/wp\/v2\/media?parent=119970"}],"wp:term":[{"taxonomy":"product_brand","embeddable":true,"href":"https:\/\/gpl-love.com\/fr\/wp-json\/wp\/v2\/product_brand?post=119970"},{"taxonomy":"product_cat","embeddable":true,"href":"https:\/\/gpl-love.com\/fr\/wp-json\/wp\/v2\/product_cat?post=119970"},{"taxonomy":"product_tag","embeddable":true,"href":"https:\/\/gpl-love.com\/fr\/wp-json\/wp\/v2\/product_tag?post=119970"}],"curies":[{"name":"wp","href":"https:\/\/api.w.org\/{rel}","templated":true}]}}