{"id":119968,"date":"2026-04-18T00:00:00","date_gmt":"2026-04-17T22:00:00","guid":{"rendered":"https:\/\/gpl-love.com\/fr\/produit\/easy-digital-downloads-recurring-payments\/"},"modified":"2026-04-19T00:30:23","modified_gmt":"2026-04-18T22:30:23","slug":"easy-digital-downloads-recurring-payments","status":"publish","type":"product","link":"https:\/\/gpl-love.com\/fr\/produit\/easy-digital-downloads-recurring-payments\/","title":{"rendered":"Easy Digital Downloads Recurring Payments 2.13.11"},"content":{"rendered":"<h3>Easy Digital Downloads Recurring Payments Traits<\/h3>\n<p>Les t\u00e9l\u00e9chargements num\u00e9riques faciles des paiements r\u00e9currents sont un outil incroyablement robuste et sophistiqu\u00e9 qui a \u00e9t\u00e9 con\u00e7u de mani\u00e8re experte pour aider les entreprises \u00e0 g\u00e9rer efficacement et efficacement le processus complexe et souvent complexe de facturation r\u00e9currente. Ce produit exceptionnel offre une gamme de fonctionnalit\u00e9s et de fonctionnalit\u00e9s qui permettent aux commer\u00e7ants de cr\u00e9er et de g\u00e9rer m\u00e9ticuleusement des plans d&rsquo;abonnement, d&rsquo;accepter de mani\u00e8re transparente les paiements r\u00e9currents et m\u00eame d&rsquo;automatiser la t\u00e2che ardue d&rsquo;envoyer des rappels de paiement en temps opportun et pr\u00e9cis ainsi que des notifications de renouvellement. Non seulement ce syst\u00e8me poss\u00e8de un niveau de personnalisation impressionnant, ce qui permet aux utilisateurs de configurer sans effort divers cycles de facturation, options de tarification et m\u00eame des p\u00e9riodes d&rsquo;essai, mais elle int\u00e8gre \u00e9galement parfaitement les passerelles de paiement les plus populaires et les plus largement utilis\u00e9es, en fin de compte, le fait de s&rsquo;adapter les plus fous de la s\u00e9chel Collection de paiements de clients du monde entier. Rassurez-vous, avec des t\u00e9l\u00e9chargements num\u00e9riques faciles \u00e0 votre disposition, la t\u00e2che souvent fastidieuse et longue de la gestion de l&rsquo;abonnement est rationalis\u00e9e et simplifi\u00e9e, permettant ainsi aux entreprises \u00e0 allouer leur temps pr\u00e9cieux et leurs ressources pr\u00e9cieuses plus efficacement, tout en offrant une am\u00e9lioration et une hauteur de leur pr\u00e9cieuse et des ressources pr\u00e9cieuses plus efficacement, tout en offrant une am\u00e9lioration et une hauteur \u00e9lev\u00e9 exp\u00e9rience \u00e0 leurs clients estim\u00e9s.<\/p>\n<ul>\n<li>Automatise votre syst\u00e8me de paiement r\u00e9current afin que vous puissiez gagner du temps et augmenter les revenus<\/li>\n<li>Offre diverses options de paiement pour vos clients pour leur commodit\u00e9 et leur satisfaction<\/li>\n<li>Vous permet de facturer \u00e0 vos clients des abonnements \u00e0 vos produits, services ou contenu<\/li>\n<li>Offre la flexibilit\u00e9 pour personnaliser vos options d&rsquo;abonnement pour r\u00e9pondre aux besoins de votre entreprise<\/li>\n<li>Fournit des paiements rapides et fiables avec des frais de transaction z\u00e9ro<\/li>\n<li>Fournit des mesures de s\u00e9curit\u00e9 de premier ordre pour prot\u00e9ger les informations de votre entreprise et de vos clients<\/li>\n<li>Offre une int\u00e9gration transparente avec d&rsquo;autres plugins WordPress pour des fonctionnalit\u00e9s suppl\u00e9mentaires<\/li>\n<li>Livr\u00e9 avec des rapports et des analyses d\u00e9taill\u00e9s pour vous aider \u00e0 suivre la croissance de votre entreprise et \u00e0 prendre des d\u00e9cisions bas\u00e9es sur les donn\u00e9es<\/li>\n<li>Offre un support client haut de gamme pour tout probl\u00e8me ou questions que vous pourriez avoir.<\/li>\n<\/ul>\n","protected":false},"excerpt":{"rendered":"<p>L&rsquo;extension de paiement r\u00e9currente des t\u00e9l\u00e9chargements num\u00e9riques Easy Digital tr\u00e8s efficaces et conviviaux offre des fonctionnalit\u00e9s transparentes pour \u00e9tablir et superviser sans effort les paiements r\u00e9currents pour votre gamme estim\u00e9e de produits num\u00e9riques. Cet outil exceptionnel vous permet de concevoir et de mettre en \u0153uvre sans effort sans effort des plans d&rsquo;abonnement, de consacrer l&rsquo;avantage suppl\u00e9mentaire des p\u00e9riodes d&rsquo;essai et de s&rsquo;engager dans diverses autres fonctionnalit\u00e9s pour am\u00e9liorer l&rsquo;exp\u00e9rience utilisateur. Par cons\u00e9quent, votre client\u00e8le fid\u00e8le sera ravie par la plus grande commodit\u00e9 de la facturation automatique, tandis que vous, en tant qu&rsquo;entrepreneur astucieux, savourerez la facilit\u00e9 et l&rsquo;efficacit\u00e9 in\u00e9gal\u00e9es de la gestion de votre entreprise florissante bas\u00e9e sur un abonnement.<\/p>\n","protected":false},"featured_media":143642,"comment_status":"open","ping_status":"open","template":"","meta":[],"product_brand":[2523],"product_cat":[1182,1401,1181],"product_tag":[1255],"class_list":{"0":"post-119968","1":"product","2":"type-product","3":"status-publish","4":"has-post-thumbnail","6":"product_brand-easy-digital-downloads","7":"product_cat-commerce-electronique-plugins","8":"product_cat-paiement-commerce-electronique-plugins","9":"product_cat-plugins","10":"product_tag-easy-digital-downloads","11":"member-discount","12":"discount-restricted","14":"first","15":"instock","16":"sale","17":"downloadable","18":"virtual","19":"sold-individually","20":"purchasable","21":"product-type-simple"},"_links":{"self":[{"href":"https:\/\/gpl-love.com\/fr\/wp-json\/wp\/v2\/product\/119968","targetHints":{"allow":["GET"]}}],"collection":[{"href":"https:\/\/gpl-love.com\/fr\/wp-json\/wp\/v2\/product"}],"about":[{"href":"https:\/\/gpl-love.com\/fr\/wp-json\/wp\/v2\/types\/product"}],"replies":[{"embeddable":true,"href":"https:\/\/gpl-love.com\/fr\/wp-json\/wp\/v2\/comments?post=119968"}],"wp:featuredmedia":[{"embeddable":true,"href":"https:\/\/gpl-love.com\/fr\/wp-json\/wp\/v2\/media\/143642"}],"wp:attachment":[{"href":"https:\/\/gpl-love.com\/fr\/wp-json\/wp\/v2\/media?parent=119968"}],"wp:term":[{"taxonomy":"product_brand","embeddable":true,"href":"https:\/\/gpl-love.com\/fr\/wp-json\/wp\/v2\/product_brand?post=119968"},{"taxonomy":"product_cat","embeddable":true,"href":"https:\/\/gpl-love.com\/fr\/wp-json\/wp\/v2\/product_cat?post=119968"},{"taxonomy":"product_tag","embeddable":true,"href":"https:\/\/gpl-love.com\/fr\/wp-json\/wp\/v2\/product_tag?post=119968"}],"curies":[{"name":"wp","href":"https:\/\/api.w.org\/{rel}","templated":true}]}}