{"id":119966,"date":"2021-10-04T00:00:00","date_gmt":"2021-10-03T22:00:00","guid":{"rendered":"https:\/\/gpl-love.com\/fr\/produit\/easy-digital-downloads-pushover-notifications\/"},"modified":"2026-03-20T23:02:22","modified_gmt":"2026-03-20T22:02:22","slug":"easy-digital-downloads-pushover-notifications","status":"publish","type":"product","link":"https:\/\/gpl-love.com\/fr\/produit\/easy-digital-downloads-pushover-notifications\/","title":{"rendered":"Easy Digital Downloads Pushover Notifications 1.3.3"},"content":{"rendered":"<h3>Easy Digital Downloads Pushover Notifications Traits<\/h3>\n<p>Le plugin de notifications Pushover Easy Digital T\u00e9l\u00e9chargements sert de solution tr\u00e8s efficace pour les entreprises de vente au d\u00e9tail en ligne \u00e0 la recherche de notifications imm\u00e9diates concernant leurs ventes de produits num\u00e9riques. Lors de l&rsquo;installation de ce logiciel, les commer\u00e7ants ont la possibilit\u00e9 de recevoir des notifications en temps r\u00e9el chaque fois qu&rsquo;une vente est r\u00e9alis\u00e9e, garantissant ainsi qu&rsquo;ils restent constamment mis \u00e0 jour et bien inform\u00e9s concernant leurs entreprises de vente. Ce plugin convivial, qui peut \u00eatre int\u00e9gr\u00e9 de mani\u00e8re transparente dans tous les sites Web aliment\u00e9s par EDD, offre une approche rationalis\u00e9e et efficace de la gestion et du suivi des ventes. De plus, la fonctionnalit\u00e9 des notifications de pouss\u00e9e conf\u00e8re aux entreprises la libert\u00e9 de personnaliser les notifications en fonction de leurs exigences particuli\u00e8res, que ce soit pour des produits, des cat\u00e9gories ou des volumes de vente sp\u00e9cifiques. En substance, la fonctionnalit\u00e9 facile des notifications de t\u00e9l\u00e9chargements num\u00e9riques repr\u00e9sente un atout inestimable qui permet aux entreprises de surveiller efficacement leurs activit\u00e9s de vente et de prendre des d\u00e9cisions plus judicieuses.<\/p>\n<ul>\n<li>Envoie des notifications en temps r\u00e9el \u00e0 votre appareil mobile lorsqu&rsquo;une transaction de t\u00e9l\u00e9chargements num\u00e9riques faciles se produit<\/li>\n<li>Processus de configuration facile avec des instructions fournies<\/li>\n<li>Messages de notification personnalisables pour r\u00e9pondre \u00e0 vos besoins<\/li>\n<li>Compatible avec les applications IOS et Android Pushover<\/li>\n<li>Syst\u00e8me s\u00e9curis\u00e9 avec des notifications crypt\u00e9es pour plus de confidentialit\u00e9<\/li>\n<li>Capacit\u00e9 \u00e0 personnaliser les sons de notification et les alertes pour diff\u00e9rencier les types de transactions<\/li>\n<li>Gagnez du temps et vous tient inform\u00e9 des ventes et des remboursements afin que vous puissiez agir plus rapidement<\/li>\n<li>Augmente l&rsquo;efficacit\u00e9 des entreprises en vous informant directement des transactions, en r\u00e9duisant la n\u00e9cessit\u00e9 de v\u00e9rifier constamment les plateformes de votre magasin<\/li>\n<li>Fournit une exp\u00e9rience client professionnelle et polie en vous permettant de r\u00e9pondre rapidement aux demandes et aux probl\u00e8mes des clients<\/li>\n<li>Achat unique abordable avec des mises \u00e0 jour et un support \u00e0 vie.<\/li>\n<\/ul>\n","protected":false},"excerpt":{"rendered":"<p>En utilisant le plugin de notifications de pushover Easy Digitals Easy Digitals tr\u00e8s efficace, vous obtenez la possibilit\u00e9 remarquable de recevoir facilement des notifications push invites et en temps r\u00e9el directement \u00e0 votre appareil mobile de choix chaque fois qu&rsquo;un client estim\u00e9 termine avec succ\u00e8s un nouvel achat sur votre m\u00e9ticulement fabriqu\u00e9 et ma\u00eetris\u00e9 Magasin de t\u00e9l\u00e9chargements num\u00e9riques faciles. Par cons\u00e9quent, cette fonctionnalit\u00e9 inestimable vous permet de suivre avec diligence et efficacement vos ventes et vos revenus en plein essor, garantissant ainsi que vous restez constamment inform\u00e9 et en avance sur le jeu avec cet outil \u00e9l\u00e9gamment simple, mais incroyablement puissant.<\/p>\n","protected":false},"featured_media":143641,"comment_status":"open","ping_status":"open","template":"","meta":[],"product_brand":[2523],"product_cat":[1182,1401,1181],"product_tag":[1255],"class_list":{"0":"post-119966","1":"product","2":"type-product","3":"status-publish","4":"has-post-thumbnail","6":"product_brand-easy-digital-downloads","7":"product_cat-commerce-electronique-plugins","8":"product_cat-paiement-commerce-electronique-plugins","9":"product_cat-plugins","10":"product_tag-easy-digital-downloads","11":"member-discount","12":"discount-restricted","14":"first","15":"instock","16":"sale","17":"downloadable","18":"virtual","19":"sold-individually","20":"purchasable","21":"product-type-simple"},"_links":{"self":[{"href":"https:\/\/gpl-love.com\/fr\/wp-json\/wp\/v2\/product\/119966","targetHints":{"allow":["GET"]}}],"collection":[{"href":"https:\/\/gpl-love.com\/fr\/wp-json\/wp\/v2\/product"}],"about":[{"href":"https:\/\/gpl-love.com\/fr\/wp-json\/wp\/v2\/types\/product"}],"replies":[{"embeddable":true,"href":"https:\/\/gpl-love.com\/fr\/wp-json\/wp\/v2\/comments?post=119966"}],"wp:featuredmedia":[{"embeddable":true,"href":"https:\/\/gpl-love.com\/fr\/wp-json\/wp\/v2\/media\/143641"}],"wp:attachment":[{"href":"https:\/\/gpl-love.com\/fr\/wp-json\/wp\/v2\/media?parent=119966"}],"wp:term":[{"taxonomy":"product_brand","embeddable":true,"href":"https:\/\/gpl-love.com\/fr\/wp-json\/wp\/v2\/product_brand?post=119966"},{"taxonomy":"product_cat","embeddable":true,"href":"https:\/\/gpl-love.com\/fr\/wp-json\/wp\/v2\/product_cat?post=119966"},{"taxonomy":"product_tag","embeddable":true,"href":"https:\/\/gpl-love.com\/fr\/wp-json\/wp\/v2\/product_tag?post=119966"}],"curies":[{"name":"wp","href":"https:\/\/api.w.org\/{rel}","templated":true}]}}