{"id":119964,"date":"2022-11-29T00:00:00","date_gmt":"2022-11-28T23:00:00","guid":{"rendered":"https:\/\/gpl-love.com\/fr\/produit\/easy-digital-downloads-pdf-invoices\/"},"modified":"2026-03-20T23:02:18","modified_gmt":"2026-03-20T22:02:18","slug":"easy-digital-downloads-pdf-invoices","status":"publish","type":"product","link":"https:\/\/gpl-love.com\/fr\/produit\/easy-digital-downloads-pdf-invoices\/","title":{"rendered":"Easy Digital Downloads PDF Invoices 2.2.30"},"content":{"rendered":"<h3>Easy Digital Downloads PDF Invoices Traits<\/h3>\n<p>Les t\u00e9l\u00e9chargements num\u00e9riques faciles PDF sont un plugin extr\u00eamement puissant qui rationalise et simplifie le processus de facturation en automatisant la g\u00e9n\u00e9ration et la livraison de factures PDF hautement professionnelles pour vos produits num\u00e9riques estim\u00e9s. Ce plugin remarquable vous accorde l&rsquo;incroyable capacit\u00e9 \u00e0 personnaliser sans effort vos factures avec votre logo distinctif, vos d\u00e9tails commerciaux essentiels et vos informations de paiement vitales. De plus, il vous permet d&rsquo;\u00e9tablir la livraison automatique de ces factures inestimables \u00e0 vos clients estim\u00e9s. Avec la mise en \u0153uvre de t\u00e9l\u00e9chargements num\u00e9riques Easy Factures, vous avez la possibilit\u00e9 d&rsquo;\u00e9conomiser beaucoup de temps et de ressources pr\u00e9cieuses en \u00e9liminant la t\u00e2che ardue de la facturation manuelle. De plus, ce formidable plugin vous aide \u00e0 maintenir des enregistrements impeccables de vos ventes louables et de vos paiements inestimables. Il est vraiment exceptionnel en raison de sa vaste gamme de fonctionnalit\u00e9s avanc\u00e9es, y compris son support in\u00e9branlable pour plusieurs langues et devises, des mod\u00e8les adaptables et une interface remarquablement conviviale qui facilite sans effort la gestion de vos factures estim\u00e9es. Que vous soyez un propri\u00e9taire de petite entreprise diligent ou une entreprise estim\u00e9e, ce plugin \u00e9tonnant est ind\u00e9niablement la solution id\u00e9ale pour rationaliser efficacement votre processus de facturation et am\u00e9liorer consid\u00e9rablement votre exp\u00e9rience client ch\u00e9ri.<\/p>\n<ul>\n<li>Les factures PDF d&rsquo;aspect professionnel g\u00e9n\u00e9r\u00e9es automatiquement<\/li>\n<li>Mod\u00e8les de facture personnalisables pour correspondre \u00e0 votre identit\u00e9 de marque<\/li>\n<li>Option pour ajouter le logo, l&rsquo;adresse et les coordonn\u00e9es du logo, de votre entreprise \u00e0 la facture<\/li>\n<li>Possibilit\u00e9 d&rsquo;envoyer des factures par e-mail aux clients<\/li>\n<li>Num\u00e9ro de facture automatique pour un suivi et une organisation faciles<\/li>\n<li>Prend en charge plusieurs formats de devises<\/li>\n<li>Compatible avec toutes les principales passerelles de paiement<\/li>\n<li>Informations sur les clients et la commande facilement accessibles sur la facture<\/li>\n<li>Option pour ajouter des notes ou des conditions suppl\u00e9mentaires \u00e0 la facture<\/li>\n<li>Mod\u00e8les de messagerie personnalisables pour les notifications de facture<\/li>\n<li>Compatible avec les t\u00e9l\u00e9chargements num\u00e9riques faciles, un plugin de commerce \u00e9lectronique tout-en-un pour WordPress.<\/li>\n<\/ul>\n","protected":false},"excerpt":{"rendered":"<p>Les t\u00e9l\u00e9chargements num\u00e9riques Easy Digital Factures poss\u00e8dent une solution de facturation large et globale qui a \u00e9t\u00e9 m\u00e9ticuleusement con\u00e7ue et adapt\u00e9e sp\u00e9cifiquement pour les commer\u00e7ants en ligne qui sont des utilisateurs passionn\u00e9s de t\u00e9l\u00e9chargements num\u00e9riques faciles. Ce plugin extr\u00eamement avantageux a la capacit\u00e9 remarquable de g\u00e9n\u00e9rer des factures sans effort dans un format PDF visuellement agr\u00e9able et tr\u00e8s professionnel, facilitant ainsi le suivi transparent des ventes et la gestion efficace des commandes des clients pour les commer\u00e7ants. De plus, avec sa pl\u00e9thore de fonctionnalit\u00e9s robustes, telles que la possibilit\u00e9 de personnaliser les mod\u00e8les en fonction de ses pr\u00e9f\u00e9rences, de la g\u00e9n\u00e9ration automatique de factures et de la mise \u00e0 jour en temps r\u00e9el des commandes, ce plugin rationalise et simplifie consid\u00e9rablement la facture autrement lourde et qui prend du temps, processus. \u00c0 son tour, cela habilite et permet aux commer\u00e7ants de tirer le meilleur parti de leur potentiel de vente, propulsant ainsi leurs entreprises \u00e0 des sommets de succ\u00e8s sans pr\u00e9c\u00e9dent. Par cons\u00e9quent, que vous soyez un propri\u00e9taire d&rsquo;une entreprise \u00e0 petite \u00e9chelle ou d&rsquo;un vendeur en ligne exp\u00e9riment\u00e9 et chevronn\u00e9, ne cherchez pas plus loin que des factures PDF num\u00e9riques faciles, car il s&rsquo;agit sans aucun doute de la solution de facturation par excellence qui est garantie pour optimiser et am\u00e9liorer votre entreprise processus dans une mesure extraordinaire.<\/p>\n","protected":false},"featured_media":143636,"comment_status":"open","ping_status":"open","template":"","meta":[],"product_brand":[2523],"product_cat":[1200,1182,1181],"product_tag":[1255],"class_list":{"0":"post-119964","1":"product","2":"type-product","3":"status-publish","4":"has-post-thumbnail","6":"product_brand-easy-digital-downloads","7":"product_cat-commercialisation","8":"product_cat-commerce-electronique-plugins","9":"product_cat-plugins","10":"product_tag-easy-digital-downloads","11":"member-discount","12":"discount-restricted","14":"first","15":"instock","16":"sale","17":"downloadable","18":"virtual","19":"sold-individually","20":"purchasable","21":"product-type-simple"},"_links":{"self":[{"href":"https:\/\/gpl-love.com\/fr\/wp-json\/wp\/v2\/product\/119964","targetHints":{"allow":["GET"]}}],"collection":[{"href":"https:\/\/gpl-love.com\/fr\/wp-json\/wp\/v2\/product"}],"about":[{"href":"https:\/\/gpl-love.com\/fr\/wp-json\/wp\/v2\/types\/product"}],"replies":[{"embeddable":true,"href":"https:\/\/gpl-love.com\/fr\/wp-json\/wp\/v2\/comments?post=119964"}],"wp:featuredmedia":[{"embeddable":true,"href":"https:\/\/gpl-love.com\/fr\/wp-json\/wp\/v2\/media\/143636"}],"wp:attachment":[{"href":"https:\/\/gpl-love.com\/fr\/wp-json\/wp\/v2\/media?parent=119964"}],"wp:term":[{"taxonomy":"product_brand","embeddable":true,"href":"https:\/\/gpl-love.com\/fr\/wp-json\/wp\/v2\/product_brand?post=119964"},{"taxonomy":"product_cat","embeddable":true,"href":"https:\/\/gpl-love.com\/fr\/wp-json\/wp\/v2\/product_cat?post=119964"},{"taxonomy":"product_tag","embeddable":true,"href":"https:\/\/gpl-love.com\/fr\/wp-json\/wp\/v2\/product_tag?post=119964"}],"curies":[{"name":"wp","href":"https:\/\/api.w.org\/{rel}","templated":true}]}}