{"id":119962,"date":"2023-03-24T00:00:00","date_gmt":"2023-03-23T23:00:00","guid":{"rendered":"https:\/\/gpl-love.com\/fr\/produit\/easy-digital-downloads-paypal-pro-et-paypal-express\/"},"modified":"2026-03-20T23:02:17","modified_gmt":"2026-03-20T22:02:17","slug":"easy-digital-downloads-paypal-pro-et-paypal-express","status":"publish","type":"product","link":"https:\/\/gpl-love.com\/fr\/produit\/easy-digital-downloads-paypal-pro-et-paypal-express\/","title":{"rendered":"Easy Digital Downloads PayPal Pro et PayPal Express 1.4.7"},"content":{"rendered":"<h3>Easy Digital Downloads PayPal Pro et PayPal Express Traits<\/h3>\n<p>Les t\u00e9l\u00e9chargements num\u00e9riques faciles Paypal Pro et PayPal Express sont deux solutions de traitement des paiements robustes et efficaces qui servent d&rsquo;outils inestimables pour les entreprises qui cherchent \u00e0 rationaliser leurs transactions en ligne. En s&rsquo;int\u00e9grant de mani\u00e8re transparente dans le processus de paiement, PayPal Pro permet aux clients de effectuer sans effort les paiements en utilisant leurs cartes de cr\u00e9dit ou de d\u00e9bit, \u00e9liminant les inconv\u00e9nients de quitter le site. De plus, PayPal Pro poss\u00e8de un \u00e9ventail de fonctionnalit\u00e9s de s\u00e9curit\u00e9 de pointe, telles que la protection avanc\u00e9e de la fraude et une stricte adh\u00e9sion \u00e0 la conformit\u00e9 PCI, garantissant que les clients peuvent profiter d&rsquo;une exp\u00e9rience de paiement sans souci. \u00c0 l&rsquo;inverse, PayPal Express pr\u00e9sente une autre option, accordant aux clients la possibilit\u00e9 d&rsquo;effectuer des paiements en utilisant leurs comptes PayPal, en contournant la n\u00e9cessit\u00e9 de contribuer manuellement des d\u00e9tails de paiement. Cette solution polyvalente englobe \u00e9galement une myriade de fonctionnalit\u00e9s utiles, y compris les paiements r\u00e9currents, la prise en charge de plusieurs devises et les remboursements automatiques. En mettant en \u0153uvre ces deux solutions de traitement des paiements exceptionnelles, les entreprises peuvent cultiver un environnement qui favorise les exp\u00e9riences de paiement rapides, s\u00e9curis\u00e9es et pratiques, conduisant finalement \u00e0 des ventes accrues et \u00e0 un sentiment amplifi\u00e9 de satisfaction client.<\/p>\n<ul>\n<li>Int\u00e9gration transparente avec PayPal Pro et PayPal Express<\/li>\n<li>Configuration et configuration faciles<\/li>\n<li>Traitement des paiements s\u00e9curis\u00e9s<\/li>\n<li>Transactions de paiement rapides et fiables<\/li>\n<li>Acceptation de plusieurs devises<\/li>\n<li>Possibilit\u00e9 de g\u00e9rer, de rembourser et d&rsquo;annuler les transactions directement \u00e0 partir de t\u00e9l\u00e9chargements num\u00e9riques faciles<\/li>\n<li>Rapports en temps r\u00e9el des donn\u00e9es de vente, de revenus et de transaction<\/li>\n<li>Compatibilit\u00e9 avec les plugins et th\u00e8mes WordPress populaires<\/li>\n<li>Acc\u00e8s au support client et \u00e0 la documentation<\/li>\n<\/ul>\n","protected":false},"excerpt":{"rendered":"<p>Le module compl\u00e9mentaire Easy Digital Downloads PayPal Pro et PayPal Express est un outil remarquable qui permet \u00e0 vos clients d&rsquo;ex\u00e9cuter des paiements sans effort et en toute s\u00e9curit\u00e9 via PayPal, une passerelle de paiement illustre et largement utilis\u00e9e qui a recueilli une immense confiance. En incorporant ce module compl\u00e9mentaire dans votre syst\u00e8me, vous avez la possibilit\u00e9 de pr\u00e9senter \u00e0 vos clients non seulement une, mais deux options remarquables, \u00e0 savoir PayPal Pro et PayPal Express, leur accordant ainsi une flexibilit\u00e9 accrue et la plus grande commodit\u00e9 lors de la r\u00e9alisation de transactions sur vos estimes site web. De plus, l&rsquo;int\u00e9gration transparente de cet compl\u00e9ment remarquable dans la plate-forme de t\u00e9l\u00e9chargements num\u00e9riques faciles vous permet d&rsquo;optimiser et d&rsquo;acc\u00e9l\u00e9rer votre traitement de paiement, tout en att\u00e9nuant simultan\u00e9ment la probabilit\u00e9 d&rsquo;erreurs de paiement ou de subir des retards intempestifs.<\/p>\n","protected":false},"featured_media":143635,"comment_status":"open","ping_status":"open","template":"","meta":[],"product_brand":[2523],"product_cat":[1200,1182,1181],"product_tag":[1255],"class_list":{"0":"post-119962","1":"product","2":"type-product","3":"status-publish","4":"has-post-thumbnail","6":"product_brand-easy-digital-downloads","7":"product_cat-commercialisation","8":"product_cat-commerce-electronique-plugins","9":"product_cat-plugins","10":"product_tag-easy-digital-downloads","11":"member-discount","12":"discount-restricted","14":"first","15":"instock","16":"sale","17":"downloadable","18":"virtual","19":"sold-individually","20":"purchasable","21":"product-type-simple"},"_links":{"self":[{"href":"https:\/\/gpl-love.com\/fr\/wp-json\/wp\/v2\/product\/119962","targetHints":{"allow":["GET"]}}],"collection":[{"href":"https:\/\/gpl-love.com\/fr\/wp-json\/wp\/v2\/product"}],"about":[{"href":"https:\/\/gpl-love.com\/fr\/wp-json\/wp\/v2\/types\/product"}],"replies":[{"embeddable":true,"href":"https:\/\/gpl-love.com\/fr\/wp-json\/wp\/v2\/comments?post=119962"}],"wp:featuredmedia":[{"embeddable":true,"href":"https:\/\/gpl-love.com\/fr\/wp-json\/wp\/v2\/media\/143635"}],"wp:attachment":[{"href":"https:\/\/gpl-love.com\/fr\/wp-json\/wp\/v2\/media?parent=119962"}],"wp:term":[{"taxonomy":"product_brand","embeddable":true,"href":"https:\/\/gpl-love.com\/fr\/wp-json\/wp\/v2\/product_brand?post=119962"},{"taxonomy":"product_cat","embeddable":true,"href":"https:\/\/gpl-love.com\/fr\/wp-json\/wp\/v2\/product_cat?post=119962"},{"taxonomy":"product_tag","embeddable":true,"href":"https:\/\/gpl-love.com\/fr\/wp-json\/wp\/v2\/product_tag?post=119962"}],"curies":[{"name":"wp","href":"https:\/\/api.w.org\/{rel}","templated":true}]}}