{"id":119958,"date":"2025-11-06T00:00:00","date_gmt":"2025-11-05T23:00:00","guid":{"rendered":"https:\/\/gpl-love.com\/fr\/produit\/easy-digital-downloads-git-download-updates\/"},"modified":"2026-03-20T23:02:09","modified_gmt":"2026-03-20T22:02:09","slug":"easy-digital-downloads-git-download-updates","status":"publish","type":"product","link":"https:\/\/gpl-love.com\/fr\/produit\/easy-digital-downloads-git-download-updates\/","title":{"rendered":"Easy Digital Downloads Git Download Updates 1.3.2"},"content":{"rendered":"<h3>Easy Digital Downloads Git Download Updates Traits<\/h3>\n<p>T\u00e9l\u00e9chargements num\u00e9riques Easy Digital Git Download Mises \u00e0 jour est une solution logicielle tr\u00e8s efficace et pratique qui permet aux utilisateurs la possibilit\u00e9 de t\u00e9l\u00e9charger sans effort des mises \u00e0 jour pour leurs pr\u00e9cieux produits num\u00e9riques. En utilisant ce logiciel de pointe, les individus peuvent rester \u00e0 jour sans effort et s&rsquo;assurer que leurs clients estim\u00e9s sont toujours \u00e9quip\u00e9s des versions les plus r\u00e9centes de leurs offres num\u00e9riques. Le logiciel est m\u00e9ticuleusement con\u00e7u pour \u00eatre incroyablement convivial, s&rsquo;adressant aux individus de tous les niveaux de comp\u00e9tence, allant des novices aux experts chevronn\u00e9s. Il offre une approche compl\u00e8te et holistique de la gestion des produits num\u00e9riques, garantissant que les utilisateurs peuvent maintenir efficacement la qualit\u00e9 optimale de leurs offres et satisfaire constamment leur client\u00e8le. Par cons\u00e9quent, les t\u00e9l\u00e9chargements num\u00e9riques Easy Digital Git sont un outil indispensable pour tous ceux qui cherchent \u00e0 commercialiser et \u00e0 distribuer des produits num\u00e9riques en ligne avec succ\u00e8s, tout en offrant simultan\u00e9ment \u00e0 leurs clients un acc\u00e8s sans entrave aux derni\u00e8res it\u00e9rations de leurs offres pr\u00e9cieuses.<\/p>\n<ul>\n<li>S&rsquo;int\u00e8gre parfaitement aux t\u00e9l\u00e9chargements num\u00e9riques faciles<\/li>\n<li>Fournit des mises \u00e0 jour automatiques pour les plugins et les th\u00e8mes<\/li>\n<li>Rationalise le processus de mise \u00e0 jour de la derni\u00e8re version<\/li>\n<li>Le d\u00e9ploiement bas\u00e9 sur GIT garantit une meilleure fiabilit\u00e9 et contr\u00f4le<\/li>\n<li>Les mises \u00e0 jour r\u00e9guli\u00e8res offrent de nouvelles fonctionnalit\u00e9s et des corrections de bogues<\/li>\n<li>Documentation compl\u00e8te et support client disponible<\/li>\n<li>Compatible avec un large \u00e9ventail de th\u00e8mes et de plugins<\/li>\n<li>S\u00e9curis\u00e9 et facile \u00e0 utiliser pour les d\u00e9veloppeurs de tous niveaux<\/li>\n<li>Rend la gestion et le suivi des modifications de la version<\/li>\n<li>Minimise les temps d&rsquo;arr\u00eat lors des mises \u00e0 jour pour une meilleure exp\u00e9rience utilisateur<\/li>\n<\/ul>\n","protected":false},"excerpt":{"rendered":"<p>En utilisant la fonction de t\u00e9l\u00e9chargement num\u00e9rique Easy Digital Git, vous avez la possibilit\u00e9 de maintenir sans effort et de mani\u00e8re transparente la devise de vos plugins et addons gr\u00e2ce \u00e0 l&rsquo;utilisation de Git. Notre plugin de premier ordre propose une interface conviviale et efficace qui facilite le processus de garantie que vos t\u00e9l\u00e9chargements sont toujours \u00e0 jour, garantissant que vous avez acc\u00e8s aux am\u00e9liorations les plus r\u00e9centes et aux corrections de bogues sans rencontrer de complications inutiles. De plus, avec nos param\u00e8tres hautement personnalisables et la fourniture de notifications de mise \u00e0 jour automatique, vous avez le pouvoir de maintenir le contr\u00f4le total de vos t\u00e9l\u00e9chargements et pouvez allouer votre attention \u00e0 la croissance et au d\u00e9veloppement de votre entreprise. Embrassez cette m\u00e9thode pratique et sans probl\u00e8me pour g\u00e9rer efficacement les mises \u00e0 jour de vos produits num\u00e9riques!<\/p>\n","protected":false},"featured_media":143626,"comment_status":"open","ping_status":"open","template":"","meta":[],"product_brand":[2523],"product_cat":[1183,1182,1181],"product_tag":[1255],"class_list":{"0":"post-119958","1":"product","2":"type-product","3":"status-publish","4":"has-post-thumbnail","6":"product_brand-easy-digital-downloads","7":"product_cat-administration","8":"product_cat-commerce-electronique-plugins","9":"product_cat-plugins","10":"product_tag-easy-digital-downloads","11":"member-discount","12":"discount-restricted","14":"first","15":"instock","16":"sale","17":"downloadable","18":"virtual","19":"sold-individually","20":"purchasable","21":"product-type-simple"},"_links":{"self":[{"href":"https:\/\/gpl-love.com\/fr\/wp-json\/wp\/v2\/product\/119958","targetHints":{"allow":["GET"]}}],"collection":[{"href":"https:\/\/gpl-love.com\/fr\/wp-json\/wp\/v2\/product"}],"about":[{"href":"https:\/\/gpl-love.com\/fr\/wp-json\/wp\/v2\/types\/product"}],"replies":[{"embeddable":true,"href":"https:\/\/gpl-love.com\/fr\/wp-json\/wp\/v2\/comments?post=119958"}],"wp:featuredmedia":[{"embeddable":true,"href":"https:\/\/gpl-love.com\/fr\/wp-json\/wp\/v2\/media\/143626"}],"wp:attachment":[{"href":"https:\/\/gpl-love.com\/fr\/wp-json\/wp\/v2\/media?parent=119958"}],"wp:term":[{"taxonomy":"product_brand","embeddable":true,"href":"https:\/\/gpl-love.com\/fr\/wp-json\/wp\/v2\/product_brand?post=119958"},{"taxonomy":"product_cat","embeddable":true,"href":"https:\/\/gpl-love.com\/fr\/wp-json\/wp\/v2\/product_cat?post=119958"},{"taxonomy":"product_tag","embeddable":true,"href":"https:\/\/gpl-love.com\/fr\/wp-json\/wp\/v2\/product_tag?post=119958"}],"curies":[{"name":"wp","href":"https:\/\/api.w.org\/{rel}","templated":true}]}}