{"id":119954,"date":"2024-11-29T00:00:00","date_gmt":"2024-11-28T23:00:00","guid":{"rendered":"https:\/\/gpl-love.com\/fr\/produit\/easy-digital-downloads-gateway-fees\/"},"modified":"2026-03-20T23:02:08","modified_gmt":"2026-03-20T22:02:08","slug":"easy-digital-downloads-gateway-fees","status":"publish","type":"product","link":"https:\/\/gpl-love.com\/fr\/produit\/easy-digital-downloads-gateway-fees\/","title":{"rendered":"Easy Digital Downloads Gateway Fees 1.5.6"},"content":{"rendered":"<h3>Easy Digital Downloads Gateway Fees Traits<\/h3>\n<p>Les frais de passerelle Easy Digital T\u00e9l\u00e9chargements sont un plugin tr\u00e8s pratique et convivial qui rationalise et simplifie le processus complexe d&rsquo;\u00e9tablissement de frais pour diverses passerelles de paiement sur votre boutique en ligne estim\u00e9e. En mettant en \u0153uvre ce plugin exceptionnel, vous \u00eates autoris\u00e9 \u00e0 configurer sans effort des frais et des frais suppl\u00e9mentaires pour chaque passerelle de paiement que vous utilisez, tout en tenant compte de la nature sp\u00e9cifique de la transaction ou de la valeur globale de la commande. Ce plugin remarquable \u00e9tend son soutien in\u00e9branlable \u00e0 de nombreuses passerelles de paiement renomm\u00e9es, y compris PayPal, Stripe et Authorize.net. De plus, le plugin vous offre l&rsquo;occasion unique d&rsquo;instituer des frais en fonction des attributs distinctifs de l&#8217;emplacement du client ou du type particulier de produit. B\u00e9n\u00e9ficiant d&rsquo;un processus d&rsquo;installation et de configuration remarquablement sans tracas, cet outil exceptionnel facilite vraiment l&rsquo;optimisation de votre flux de travail de traitement des paiements, tout en am\u00e9liorant simultan\u00e9ment le flux de revenus global. Ainsi, si vous vous trouvez \u00e0 la recherche d&rsquo;une solution de frais de passerelle de paiement de paiement sans pr\u00e9c\u00e9dent, dynamique et remarquablement adaptable pour votre boutique en ligne estim\u00e9e, ne cherchez pas plus loin que le plugin de frais de passerelle de t\u00e9l\u00e9chargements num\u00e9riques faciles sans pr\u00e9c\u00e9dent.<\/p>\n<ul>\n<li>Simplifie le processus de facturation des frais suppl\u00e9mentaires pour l&rsquo;utilisation de passerelles de paiement sp\u00e9cifiques<\/li>\n<li>Fournit plusieurs options pour d\u00e9finir les frais en fonction de la passerelle de paiement et du total de la commande<\/li>\n<li>Permet la personnalisation des \u00e9tiquettes et descriptions de frais<\/li>\n<li>S&rsquo;int\u00e8gre parfaitement aux t\u00e9l\u00e9chargements num\u00e9riques faciles, une plate-forme de commerce \u00e9lectronique populaire<\/li>\n<li>Offre une documentation d\u00e9taill\u00e9e et une prise en charge pour une installation et une configuration faciles<\/li>\n<li>Aide \u00e0 augmenter les revenus en incitant l&rsquo;utilisation des passerelles de paiement pr\u00e9f\u00e9r\u00e9es sans d\u00e9courager les clients de faire des achats.<\/li>\n<\/ul>\n","protected":false},"excerpt":{"rendered":"<p>Les frais de passerelle Easy Digital T\u00e9l\u00e9chargements sont un plugin remarquablement robuste et convivial qui vous accorde la possibilit\u00e9 d&rsquo;imposer des frais pour l&rsquo;utilisation de diverses passerelles de paiement sur votre site Web. Au moyen de ce plugin, vous poss\u00e9dez la capacit\u00e9 d&rsquo;\u00e9tablir des frais distincts pour chaque passerelle de paiement, garantissant ainsi l&rsquo;optimisation de vos b\u00e9n\u00e9fices tout en offrant simultan\u00e9ment \u00e0 votre client\u00e8le un \u00e9ventail diversifi\u00e9 d&rsquo;alternatives de paiement. Peu importe que vous supervisiez un magasin de commerce \u00e9lectronique ou que vous vous engagiez dans la vente en ligne de marchandises num\u00e9riques, les frais de passerelle num\u00e9riques faciles sont la solution ultime pour g\u00e9rer efficacement les frais de passerelle de paiement.<\/p>\n","protected":false},"featured_media":143624,"comment_status":"open","ping_status":"open","template":"","meta":[],"product_brand":[2523],"product_cat":[1182,1401,1181],"product_tag":[1255],"class_list":{"0":"post-119954","1":"product","2":"type-product","3":"status-publish","4":"has-post-thumbnail","6":"product_brand-easy-digital-downloads","7":"product_cat-commerce-electronique-plugins","8":"product_cat-paiement-commerce-electronique-plugins","9":"product_cat-plugins","10":"product_tag-easy-digital-downloads","11":"member-discount","12":"discount-restricted","14":"first","15":"instock","16":"sale","17":"downloadable","18":"virtual","19":"sold-individually","20":"purchasable","21":"product-type-simple"},"_links":{"self":[{"href":"https:\/\/gpl-love.com\/fr\/wp-json\/wp\/v2\/product\/119954","targetHints":{"allow":["GET"]}}],"collection":[{"href":"https:\/\/gpl-love.com\/fr\/wp-json\/wp\/v2\/product"}],"about":[{"href":"https:\/\/gpl-love.com\/fr\/wp-json\/wp\/v2\/types\/product"}],"replies":[{"embeddable":true,"href":"https:\/\/gpl-love.com\/fr\/wp-json\/wp\/v2\/comments?post=119954"}],"wp:featuredmedia":[{"embeddable":true,"href":"https:\/\/gpl-love.com\/fr\/wp-json\/wp\/v2\/media\/143624"}],"wp:attachment":[{"href":"https:\/\/gpl-love.com\/fr\/wp-json\/wp\/v2\/media?parent=119954"}],"wp:term":[{"taxonomy":"product_brand","embeddable":true,"href":"https:\/\/gpl-love.com\/fr\/wp-json\/wp\/v2\/product_brand?post=119954"},{"taxonomy":"product_cat","embeddable":true,"href":"https:\/\/gpl-love.com\/fr\/wp-json\/wp\/v2\/product_cat?post=119954"},{"taxonomy":"product_tag","embeddable":true,"href":"https:\/\/gpl-love.com\/fr\/wp-json\/wp\/v2\/product_tag?post=119954"}],"curies":[{"name":"wp","href":"https:\/\/api.w.org\/{rel}","templated":true}]}}