{"id":119952,"date":"2022-07-12T00:00:00","date_gmt":"2022-07-11T22:00:00","guid":{"rendered":"https:\/\/gpl-love.com\/fr\/produit\/easy-digital-downloads-file-store-pour-dropbox\/"},"modified":"2026-03-20T23:02:04","modified_gmt":"2026-03-20T22:02:04","slug":"easy-digital-downloads-file-store-pour-dropbox","status":"publish","type":"product","link":"https:\/\/gpl-love.com\/fr\/produit\/easy-digital-downloads-file-store-pour-dropbox\/","title":{"rendered":"Easy Digital Downloads File Store pour Dropbox 2.0.5"},"content":{"rendered":"<h3>Easy Digital Downloads File Store pour Dropbox Traits<\/h3>\n<p>La boutique de fichiers Easy Digital Downloads pour Dropbox est une solution globale qui s&rsquo;adresse aux particuliers et aux entreprises \u00e0 la recherche d&rsquo;un moyen simple et efficace de livraison et de diffusion des produits num\u00e9riques. Ce plugin robuste permet aux utilisateurs d&rsquo;int\u00e9grer de mani\u00e8re transparente leurs comptes Dropbox \u00e0 leurs magasins en ligne, en facilitant une exp\u00e9rience harmonieuse pour les clients. En incorporant des fonctionnalit\u00e9s avanc\u00e9es telles que la livraison automatis\u00e9e de produits, des notifications par e-mail personnalisables et un tableau de bord intuitif, la boutique de fichiers Easy Digital Downloads pour Dropbox garantit le transfert s\u00e9curis\u00e9 et exp\u00e9di\u00e9 de votre marchandise num\u00e9rique. Que vous vous sp\u00e9cialisiez dans la vente de livres \u00e9lectroniques, de musique ou de toute autre forme de marchandises num\u00e9riques, ce plugin est id\u00e9al pour les personnes qui cherchent \u00e0 rationaliser leurs ventes en ligne et \u00e0 simplifier le processus de distribution complexe.<\/p>\n<ul>\n<li>Ce produit vous permet de vendre facilement et en toute s\u00e9curit\u00e9 des fichiers num\u00e9riques via votre site Web en utilisant des t\u00e9l\u00e9chargements num\u00e9riques faciles<\/li>\n<li>Il s&rsquo;int\u00e8gre parfaitement \u00e0 Dropbox pour stocker et livrer vos fichiers num\u00e9riques aux clients<\/li>\n<li>Les clients recevront des liens de t\u00e9l\u00e9chargement automatiques apr\u00e8s l&rsquo;achat, ce qui rend le processus rapide et efficace<\/li>\n<li>Vous pouvez personnaliser la page e-mail et t\u00e9l\u00e9chargement du lien de t\u00e9l\u00e9chargement pour correspondre \u00e0 votre marque<\/li>\n<li>Pas besoin de s&rsquo;inqui\u00e9ter des limites de bande passante ou des frais d&rsquo;h\u00e9bergement, car tous les fichiers sont stock\u00e9s dans votre compte Dropbox<\/li>\n<li>Vous pouvez facilement g\u00e9rer vos fichiers et vos ventes via le tableau de bord des t\u00e9l\u00e9chargements num\u00e9riques faciles<\/li>\n<li>Il est parfait pour vendre des livres \u00e9lectroniques, des fichiers musicaux, des logiciels et tout autre produit num\u00e9rique que vous avez dans votre compte Dropbox<\/li>\n<li>Livr\u00e9 avec une documentation compl\u00e8te et un excellent support client pour assurer une configuration et une utilisation en douceur.<\/li>\n<\/ul>\n","protected":false},"excerpt":{"rendered":"<p>Le magasin de fichiers Easy Digital Downloads pour Dropbox Plugin est un outil remarquablement efficace et convivial qui vous permet de stocker vos t\u00e9l\u00e9chargements num\u00e9riques en toute s\u00e9curit\u00e9 directement dans Dropbox. Son int\u00e9gration transparente permet de mani\u00e8re transparente le t\u00e9l\u00e9chargement et la gestion de fichiers sans effort, offrant une exp\u00e9rience sans tracas aux clients qui cherchent \u00e0 acc\u00e9der \u00e0 ces t\u00e9l\u00e9chargements. De plus, ce plugin poss\u00e8de des capacit\u00e9s de synchronisation automatis\u00e9es, garantissant que tous les fichiers sont toujours \u00e0 jour et accessibles \u00e0 partir de n&rsquo;importe quel emplacement et \u00e0 tout moment. En substance, il sert de solution s\u00e9curis\u00e9e et pratique adapt\u00e9e aux besoins des vendeurs \u00e0 la recherche d&rsquo;une gestion simple de leurs t\u00e9l\u00e9chargements num\u00e9riques.<\/p>\n","protected":false},"featured_media":143621,"comment_status":"open","ping_status":"open","template":"","meta":[],"product_brand":[2523],"product_cat":[1182,1401,1181],"product_tag":[1255],"class_list":{"0":"post-119952","1":"product","2":"type-product","3":"status-publish","4":"has-post-thumbnail","6":"product_brand-easy-digital-downloads","7":"product_cat-commerce-electronique-plugins","8":"product_cat-paiement-commerce-electronique-plugins","9":"product_cat-plugins","10":"product_tag-easy-digital-downloads","11":"member-discount","12":"discount-restricted","14":"first","15":"instock","16":"sale","17":"downloadable","18":"virtual","19":"sold-individually","20":"purchasable","21":"product-type-simple"},"_links":{"self":[{"href":"https:\/\/gpl-love.com\/fr\/wp-json\/wp\/v2\/product\/119952","targetHints":{"allow":["GET"]}}],"collection":[{"href":"https:\/\/gpl-love.com\/fr\/wp-json\/wp\/v2\/product"}],"about":[{"href":"https:\/\/gpl-love.com\/fr\/wp-json\/wp\/v2\/types\/product"}],"replies":[{"embeddable":true,"href":"https:\/\/gpl-love.com\/fr\/wp-json\/wp\/v2\/comments?post=119952"}],"wp:featuredmedia":[{"embeddable":true,"href":"https:\/\/gpl-love.com\/fr\/wp-json\/wp\/v2\/media\/143621"}],"wp:attachment":[{"href":"https:\/\/gpl-love.com\/fr\/wp-json\/wp\/v2\/media?parent=119952"}],"wp:term":[{"taxonomy":"product_brand","embeddable":true,"href":"https:\/\/gpl-love.com\/fr\/wp-json\/wp\/v2\/product_brand?post=119952"},{"taxonomy":"product_cat","embeddable":true,"href":"https:\/\/gpl-love.com\/fr\/wp-json\/wp\/v2\/product_cat?post=119952"},{"taxonomy":"product_tag","embeddable":true,"href":"https:\/\/gpl-love.com\/fr\/wp-json\/wp\/v2\/product_tag?post=119952"}],"curies":[{"name":"wp","href":"https:\/\/api.w.org\/{rel}","templated":true}]}}