{"id":119950,"date":"2025-11-06T00:00:00","date_gmt":"2025-11-05T23:00:00","guid":{"rendered":"https:\/\/gpl-love.com\/fr\/produit\/easy-digital-downloads-custom-prices\/"},"modified":"2026-03-20T23:02:02","modified_gmt":"2026-03-20T22:02:02","slug":"easy-digital-downloads-custom-prices","status":"publish","type":"product","link":"https:\/\/gpl-love.com\/fr\/produit\/easy-digital-downloads-custom-prices\/","title":{"rendered":"Easy Digital Downloads Custom Prices 1.5.11"},"content":{"rendered":"<h3>Easy Digital Downloads Custom Prices Traits<\/h3>\n<p>Les t\u00e9l\u00e9chargements num\u00e9riques faciles sont un outil remarquablement robuste et formidable qui accorde aux utilisateurs avec la capacit\u00e9 sans effort \u00e0 adapter et \u00e0 personnaliser de mani\u00e8re complets les structures de tarification de leurs produits num\u00e9riques. Gr\u00e2ce \u00e0 l&rsquo;int\u00e9gration transparente de ce plugin ing\u00e9nieux, les propri\u00e9taires de sites Web sont autoris\u00e9s \u00e0 \u00e9tablir des strat\u00e9gies de tarification sur mesure qui refl\u00e8tent de mani\u00e8re r\u00e9solument et avec pr\u00e9cision la valeur et la valeur inh\u00e9rentes de leurs produits estim\u00e9s, tout en r\u00e9pondant simultan\u00e9ment aux pr\u00e9f\u00e9rences individuelles et distinctives et aux exigences de leur public perturb\u00e9. Peu importe que son principal objectif soit de proposer des syst\u00e8mes de tarification \u00e0 plusieurs niveaux, des remises s\u00e9duisantes ou de l&rsquo;attrait extr\u00eamement s\u00e9duisant des options de tarification personnalis\u00e9es, assurez-vous que les t\u00e9l\u00e9chargements num\u00e9riques faciles facilitent sans effort la r\u00e9alisation de ces aspirations \u00e9lev\u00e9es. De plus, ce plugin est non seulement navigable sans effort et convivial, mais il d\u00e9gage \u00e9galement un niveau de polyvalence in\u00e9gal\u00e9, ce qui en fait une solution vraiment exceptionnelle pour un \u00e9ventail \u00e9tendu d&rsquo;entreprises qui sont industriellement d\u00e9termin\u00e9es \u00e0 optimiser et \u00e0 maximiser leurs ventes num\u00e9riques et \u00e0 la rentabilit\u00e9 globale .<\/p>\n<ul>\n<li>Vous permet de fixer des prix personnalis\u00e9s pour les produits de t\u00e9l\u00e9chargements num\u00e9riques faciles.<\/li>\n<li>Vous donne la possibilit\u00e9 de cr\u00e9er des options de prix dynamiques en fonction de la quantit\u00e9, du statut d&rsquo;adh\u00e9sion ou d&rsquo;autres variables personnalis\u00e9es.<\/li>\n<li>Fournit une interface simple pour g\u00e9rer et mettre \u00e0 jour vos param\u00e8tres de tarification personnalis\u00e9s.<\/li>\n<li>Vous aide \u00e0 augmenter les ventes et la fid\u00e9lit\u00e9 des clients en offrant des options de tarification cibl\u00e9es.<\/li>\n<li>Compatible avec un large \u00e9ventail de modules de t\u00e9l\u00e9chargements num\u00e9riques faciles et d&rsquo;extensions.<\/li>\n<li>Fournit des options avanc\u00e9es pour s&rsquo;int\u00e9grer aux passerelles de paiement et \u00e0 d&rsquo;autres outils de vente en ligne.<\/li>\n<li>Offre un support et une documentation r\u00e9actifs pour vous aider \u00e0 tirer le meilleur parti de votre strat\u00e9gie de tarification personnalis\u00e9e.<\/li>\n<\/ul>\n","protected":false},"excerpt":{"rendered":"<p>En utilisant les capacit\u00e9s remarquables des prix personnalis\u00e9s de t\u00e9l\u00e9chargements num\u00e9riques faciles, vous avez la possibilit\u00e9 d&rsquo;\u00e9tablir et de mettre en \u0153uvre des prix individualis\u00e9s adapt\u00e9s \u00e0 vos produits num\u00e9riques. Ce plugin remarquable vous accorde l&rsquo;occasion unique de fournir des remises personnalis\u00e9es, de fabriquer des cat\u00e9gories de prix sp\u00e9cialis\u00e9es et de r\u00e9gler m\u00e9ticuleusement des prix pour des clients ou des groupes sp\u00e9cifiques. L&rsquo;interface conviviale facilite parfaitement une gestion rapide et efficace de la tarification de votre produit, tout en vous offrant la plus grande autorit\u00e9 sur votre magasin de commerce \u00e9lectronique estim\u00e9. \u00c9levez le succ\u00e8s de votre entreprise en ligne \u00e0 des sommets in\u00e9gal\u00e9s avec les avantages in\u00e9gal\u00e9s dot\u00e9s par des prix personnalis\u00e9s de t\u00e9l\u00e9chargements num\u00e9riques faciles.<\/p>\n","protected":false},"featured_media":143618,"comment_status":"open","ping_status":"open","template":"","meta":[],"product_brand":[2523],"product_cat":[1183,1182,1181],"product_tag":[1255],"class_list":{"0":"post-119950","1":"product","2":"type-product","3":"status-publish","4":"has-post-thumbnail","6":"product_brand-easy-digital-downloads","7":"product_cat-administration","8":"product_cat-commerce-electronique-plugins","9":"product_cat-plugins","10":"product_tag-easy-digital-downloads","11":"member-discount","12":"discount-restricted","14":"first","15":"instock","16":"sale","17":"downloadable","18":"virtual","19":"sold-individually","20":"purchasable","21":"product-type-simple"},"_links":{"self":[{"href":"https:\/\/gpl-love.com\/fr\/wp-json\/wp\/v2\/product\/119950","targetHints":{"allow":["GET"]}}],"collection":[{"href":"https:\/\/gpl-love.com\/fr\/wp-json\/wp\/v2\/product"}],"about":[{"href":"https:\/\/gpl-love.com\/fr\/wp-json\/wp\/v2\/types\/product"}],"replies":[{"embeddable":true,"href":"https:\/\/gpl-love.com\/fr\/wp-json\/wp\/v2\/comments?post=119950"}],"wp:featuredmedia":[{"embeddable":true,"href":"https:\/\/gpl-love.com\/fr\/wp-json\/wp\/v2\/media\/143618"}],"wp:attachment":[{"href":"https:\/\/gpl-love.com\/fr\/wp-json\/wp\/v2\/media?parent=119950"}],"wp:term":[{"taxonomy":"product_brand","embeddable":true,"href":"https:\/\/gpl-love.com\/fr\/wp-json\/wp\/v2\/product_brand?post=119950"},{"taxonomy":"product_cat","embeddable":true,"href":"https:\/\/gpl-love.com\/fr\/wp-json\/wp\/v2\/product_cat?post=119950"},{"taxonomy":"product_tag","embeddable":true,"href":"https:\/\/gpl-love.com\/fr\/wp-json\/wp\/v2\/product_tag?post=119950"}],"curies":[{"name":"wp","href":"https:\/\/api.w.org\/{rel}","templated":true}]}}