{"id":119948,"date":"2024-11-29T00:00:00","date_gmt":"2024-11-28T23:00:00","guid":{"rendered":"https:\/\/gpl-love.com\/fr\/produit\/easy-digital-downloads-custom-deliverables\/"},"modified":"2026-03-20T23:02:01","modified_gmt":"2026-03-20T22:02:01","slug":"easy-digital-downloads-custom-deliverables","status":"publish","type":"product","link":"https:\/\/gpl-love.com\/fr\/produit\/easy-digital-downloads-custom-deliverables\/","title":{"rendered":"Easy Digital Downloads Custom Deliverables 1.1.2.1"},"content":{"rendered":"<h3>Easy Digital Downloads Custom Deliverables Traits<\/h3>\n<p>T\u00e9l\u00e9chargements num\u00e9riques faciles sur les t\u00e9l\u00e9chargements personnalis\u00e9s est un produit innovant et r\u00e9volutionnaire qui a \u00e9t\u00e9 strat\u00e9giquement con\u00e7u pour fournir aux utilisateurs une approche efficace et conviviale pour cr\u00e9er et fournir des produits num\u00e9riques personnalis\u00e9s. Ce produit r\u00e9volutionnaire rationalise et simplifie efficacement l&rsquo;ensemble du processus en permettant aux utilisateurs de d\u00e9finir sans effort les diff\u00e9rentes caract\u00e9ristiques de leur produit souhait\u00e9, d&rsquo;\u00e9tablir des strat\u00e9gies de tarification comp\u00e9titives et de livrer de mani\u00e8re transparente le produit final \u00e0 leurs clients estim\u00e9s. Avec l&rsquo;utilisation de cet outil de pointe, les utilisateurs peuvent cr\u00e9er sans effort et rapidement une vaste gamme de produits personnalis\u00e9s, notamment des fichiers num\u00e9riques, des abonnements et des abonnements. Il va sans dire que ce produit in\u00e9gal\u00e9 est sp\u00e9cifiquement adapt\u00e9 aux entreprises et aux personnes qui ont un besoin urgent d&rsquo;une solution rapide et fiable pour acc\u00e9l\u00e9rer leurs processus de cr\u00e9ation de produits num\u00e9riques et de livraison. En outre, cet outil extraordinaire a \u00e9t\u00e9 m\u00e9ticuleusement con\u00e7u pour optimiser l&rsquo;efficacit\u00e9 et la productivit\u00e9, ce qui a finalement entra\u00een\u00e9 des \u00e9conomies de temps et de co\u00fbts substantielles. Essentiellement, les t\u00e9l\u00e9chargements num\u00e9riques Easy Digital sont un atout indispensable pour quiconque est sinc\u00e8rement d\u00e9di\u00e9 \u00e0 l&rsquo;\u00e9laboration et \u00e0 la distribution de produits num\u00e9riques haut de gamme avec une facilit\u00e9 et une finesse in\u00e9gal\u00e9es.<\/p>\n<ul>\n<li>Livrables personnalis\u00e9s qui peuvent \u00eatre int\u00e9gr\u00e9s de mani\u00e8re transparente avec des t\u00e9l\u00e9chargements num\u00e9riques faciles<\/li>\n<li>Capacit\u00e9 \u00e0 adapter les livrables \u00e0 des clients ou des groupes sp\u00e9cifiques<\/li>\n<li>Processus rationalis\u00e9 pour cr\u00e9er des produits personnalis\u00e9s et manipulation des commandes<\/li>\n<li>Options de tarification flexibles pour les livrables personnalis\u00e9s<\/li>\n<li>Fonctionnalit\u00e9s de suivi et de rapport int\u00e9gr\u00e9es pour les ventes et l&rsquo;ex\u00e9cution des commandes<\/li>\n<li>Compatible avec plusieurs passerelles et devises de paiement<\/li>\n<li>Interface conviviale pour la gestion et la coordination des commandes et des livraisons personnalis\u00e9es<\/li>\n<li>Documentation compl\u00e8te et ressources de support client disponibles<\/li>\n<li>Option pour automatiser la livraison de produits num\u00e9riques aux clients en temps r\u00e9el<\/li>\n<\/ul>\n","protected":false},"excerpt":{"rendered":"<p>Les t\u00e9l\u00e9chargements num\u00e9riques faciles personnalis\u00e9s sont un syst\u00e8me logiciel innovant et convivial qui a \u00e9t\u00e9 m\u00e9ticuleusement d\u00e9velopp\u00e9 pour vous offrir une exp\u00e9rience transparente dans la cr\u00e9ation, la surveillance et la livraison de produits num\u00e9riques sur mesure \u00e0 votre client\u00e8le estim\u00e9e. En tirant parti de la puissance et de la polyvalence de cette plate-forme de pointe, vous pourrez sans effort \u00e9tablir et configurer des rencontres post-achat uniques, g\u00e9n\u00e9rer des fichiers sur mesure, \u00e9tablir des horaires de livraison complexes, et bien plus encore. Que vous soyez un entrepreneur chevronn\u00e9 qui exploite une entreprise en ligne ou un individu de conscience qui s&rsquo;efforce d&rsquo;am\u00e9liorer la qualit\u00e9 de vos offres num\u00e9riques pour vos clients pr\u00e9cieux, les t\u00e9l\u00e9chargements num\u00e9riques faciles sont ind\u00e9niablement la solution ultime pour vous. Ne perdez pas de temps \u00e0 saisir cette opportunit\u00e9 extraordinaire et \u00e0 se lancer dans un voyage vers la livraison d&rsquo;une rencontre personnalis\u00e9e sans pr\u00e9c\u00e9dent pour votre client\u00e8le estim\u00e9e.<\/p>\n","protected":false},"featured_media":143617,"comment_status":"open","ping_status":"open","template":"","meta":[],"product_brand":[2523],"product_cat":[1183,1182,1181],"product_tag":[1255],"class_list":{"0":"post-119948","1":"product","2":"type-product","3":"status-publish","4":"has-post-thumbnail","6":"product_brand-easy-digital-downloads","7":"product_cat-administration","8":"product_cat-commerce-electronique-plugins","9":"product_cat-plugins","10":"product_tag-easy-digital-downloads","11":"member-discount","12":"discount-restricted","14":"first","15":"instock","16":"sale","17":"downloadable","18":"virtual","19":"sold-individually","20":"purchasable","21":"product-type-simple"},"_links":{"self":[{"href":"https:\/\/gpl-love.com\/fr\/wp-json\/wp\/v2\/product\/119948","targetHints":{"allow":["GET"]}}],"collection":[{"href":"https:\/\/gpl-love.com\/fr\/wp-json\/wp\/v2\/product"}],"about":[{"href":"https:\/\/gpl-love.com\/fr\/wp-json\/wp\/v2\/types\/product"}],"replies":[{"embeddable":true,"href":"https:\/\/gpl-love.com\/fr\/wp-json\/wp\/v2\/comments?post=119948"}],"wp:featuredmedia":[{"embeddable":true,"href":"https:\/\/gpl-love.com\/fr\/wp-json\/wp\/v2\/media\/143617"}],"wp:attachment":[{"href":"https:\/\/gpl-love.com\/fr\/wp-json\/wp\/v2\/media?parent=119948"}],"wp:term":[{"taxonomy":"product_brand","embeddable":true,"href":"https:\/\/gpl-love.com\/fr\/wp-json\/wp\/v2\/product_brand?post=119948"},{"taxonomy":"product_cat","embeddable":true,"href":"https:\/\/gpl-love.com\/fr\/wp-json\/wp\/v2\/product_cat?post=119948"},{"taxonomy":"product_tag","embeddable":true,"href":"https:\/\/gpl-love.com\/fr\/wp-json\/wp\/v2\/product_tag?post=119948"}],"curies":[{"name":"wp","href":"https:\/\/api.w.org\/{rel}","templated":true}]}}