{"id":119946,"date":"2025-11-06T00:00:00","date_gmt":"2025-11-05T23:00:00","guid":{"rendered":"https:\/\/gpl-love.com\/fr\/produit\/easy-digital-downloads-crosssell-et-upsell\/"},"modified":"2026-03-20T23:01:59","modified_gmt":"2026-03-20T22:01:59","slug":"easy-digital-downloads-crosssell-et-upsell","status":"publish","type":"product","link":"https:\/\/gpl-love.com\/fr\/produit\/easy-digital-downloads-crosssell-et-upsell\/","title":{"rendered":"Easy Digital Downloads Crosssell et Upsell 1.1.11"},"content":{"rendered":"<h3>Easy Digital Downloads Crosssell et Upsell Traits<\/h3>\n<p>Le plugin Easy Digital Downloads Crosssell and Upsell est un outil extr\u00eamement puissant m\u00e9ticuleusement con\u00e7u pour augmenter vos ventes de produits en vous permettant d&rsquo;\u00e9tendre les ventes cibl\u00e9es et les ventes crois\u00e9es aux clients au moment pr\u00e9cis du d\u00e9part. Cette approche strat\u00e9gique pousse efficacement les clients vers l&rsquo;achat de produits suppl\u00e9mentaires qui compl\u00e8tent impeccablement leur s\u00e9lection d&rsquo;origine. En exploitant la puissance de ce plugin, vous gagnez la possibilit\u00e9 d&rsquo;\u00e9laborer m\u00e9ticuleusement des recommandations personnalis\u00e9es bas\u00e9es sur un \u00e9ventail de facteurs, tels que l&rsquo;historique d&rsquo;achat d&rsquo;un client, la cat\u00e9gorie de produits ou l&rsquo;\u00e9tiquette, entre autres. De plus, la navigation dans l&rsquo;interface du plugin est un jeu d&rsquo;enfant, et ses vastes options de personnalisation garantissent que vous pouvez adapter de mani\u00e8re transparente vos offres pour s&rsquo;aligner impeccablement sur les exigences distinctes de votre entreprise. Le r\u00e9sultat ultime de l&rsquo;int\u00e9gration de cette solution exceptionnelle est une augmentation substantielle de la g\u00e9n\u00e9ration de revenus et un niveau \u00e9lev\u00e9 de satisfaction des clients. Par cons\u00e9quent, si votre objectif ultime est de catapulter vos ventes en ligne \u00e0 des hauteurs sans pr\u00e9c\u00e9dent, il est tout simplement de nier que les t\u00e9l\u00e9chargements num\u00e9riques faciles et le plugin usinsel apparaissent comme la r\u00e9ponse par excellence \u00e0 vos besoins.<\/p>\n<ul>\n<li>Augmente les ventes en sugg\u00e9rant des produits suppl\u00e9mentaires aux clients pendant le processus de paiement<\/li>\n<li>Peut \u00eatre personnalis\u00e9 pour afficher des recommandations cibl\u00e9es en fonction des produits dans le panier du client<\/li>\n<li>Facile \u00e0 installer et \u00e0 configurer, sans aucune connaissance de codage requise<\/li>\n<li>Compatible avec toutes les passerelles et extensions de paiement num\u00e9riques faciles<\/li>\n<li>Aide les clients \u00e0 d\u00e9couvrir des produits compl\u00e9mentaires qu&rsquo;ils ont peut-\u00eatre manqu\u00e9<\/li>\n<li>Une solution rentable pour augmenter les revenus sans n\u00e9cessiter des efforts de marketing suppl\u00e9mentaires<\/li>\n<li>Constamment mis \u00e0 jour avec de nouvelles fonctionnalit\u00e9s et am\u00e9liorations en fonction des commentaires des utilisateurs<\/li>\n<li>Comprend des rapports d\u00e9taill\u00e9s et des analyses pour suivre l&rsquo;efficacit\u00e9 des efforts de vente crois\u00e9e et de vente crois\u00e9e<\/li>\n<li>Fournit une interface intuitive pour g\u00e9rer et organiser les produits recommand\u00e9s<\/li>\n<li>Con\u00e7u pour s&rsquo;int\u00e9grer de mani\u00e8re transparente \u00e0 n&rsquo;importe quel th\u00e8me WordPress.<\/li>\n<\/ul>\n","protected":false},"excerpt":{"rendered":"<p>Le plugin Easy Digital Downloads Crosssell and Upsell, qui a \u00e9t\u00e9 con\u00e7u ing\u00e9nieusement, poss\u00e8de un immense potentiel pour amplifier efficacement les ventes sur votre magasin de produits num\u00e9riques estim\u00e9s. En incorporant ce plugin remarquable dans vos op\u00e9rations commerciales, vous pourrez pr\u00e9senter sans effort vos clients estim\u00e9s un large \u00e9ventail de produits compl\u00e9mentaires ou am\u00e9lior\u00e9s directement pendant le processus de paiement, avec quelques clics de bouton. De plus, vous aurez la libert\u00e9 de cueillir m\u00e9ticuleusement les produits que vous souhaitez \u00e0 la s\u00e9lection ou \u00e0 la vente crois\u00e9e, le tout conform\u00e9ment aux paniers d&rsquo;achat distincts de vos clients, \u00e0 l&rsquo;historique d&rsquo;achat ou \u00e0 tout autre crit\u00e8re pr\u00e9d\u00e9termin\u00e9 que vous pourriez avoir fix\u00e9. Avec cet outil extraordinaire, le plugin Easy Digital Downloads Crosssell et Upsell, vous pourrez \u00e9lever sans effort vos ventes et vos b\u00e9n\u00e9fices, tout en garantissant une exp\u00e9rience d&rsquo;achat sans pr\u00e9c\u00e9dent et hautement personnalis\u00e9e pour chacun de vos clients ch\u00e9ris.<\/p>\n","protected":false},"featured_media":143615,"comment_status":"open","ping_status":"open","template":"","meta":[],"product_brand":[2523],"product_cat":[1182,1223,1181],"product_tag":[1255],"class_list":{"0":"post-119946","1":"product","2":"type-product","3":"status-publish","4":"has-post-thumbnail","6":"product_brand-easy-digital-downloads","7":"product_cat-commerce-electronique-plugins","8":"product_cat-personnalisation-commerce-electronique-plugins","9":"product_cat-plugins","10":"product_tag-easy-digital-downloads","11":"member-discount","12":"discount-restricted","14":"first","15":"instock","16":"sale","17":"downloadable","18":"virtual","19":"sold-individually","20":"purchasable","21":"product-type-simple"},"_links":{"self":[{"href":"https:\/\/gpl-love.com\/fr\/wp-json\/wp\/v2\/product\/119946","targetHints":{"allow":["GET"]}}],"collection":[{"href":"https:\/\/gpl-love.com\/fr\/wp-json\/wp\/v2\/product"}],"about":[{"href":"https:\/\/gpl-love.com\/fr\/wp-json\/wp\/v2\/types\/product"}],"replies":[{"embeddable":true,"href":"https:\/\/gpl-love.com\/fr\/wp-json\/wp\/v2\/comments?post=119946"}],"wp:featuredmedia":[{"embeddable":true,"href":"https:\/\/gpl-love.com\/fr\/wp-json\/wp\/v2\/media\/143615"}],"wp:attachment":[{"href":"https:\/\/gpl-love.com\/fr\/wp-json\/wp\/v2\/media?parent=119946"}],"wp:term":[{"taxonomy":"product_brand","embeddable":true,"href":"https:\/\/gpl-love.com\/fr\/wp-json\/wp\/v2\/product_brand?post=119946"},{"taxonomy":"product_cat","embeddable":true,"href":"https:\/\/gpl-love.com\/fr\/wp-json\/wp\/v2\/product_cat?post=119946"},{"taxonomy":"product_tag","embeddable":true,"href":"https:\/\/gpl-love.com\/fr\/wp-json\/wp\/v2\/product_tag?post=119946"}],"curies":[{"name":"wp","href":"https:\/\/api.w.org\/{rel}","templated":true}]}}