{"id":119944,"date":"2025-12-28T00:00:00","date_gmt":"2025-12-27T23:00:00","guid":{"rendered":"https:\/\/gpl-love.com\/fr\/produit\/easy-digital-downloads-convertkit\/"},"modified":"2026-03-20T23:01:58","modified_gmt":"2026-03-20T22:01:58","slug":"easy-digital-downloads-convertkit","status":"publish","type":"product","link":"https:\/\/gpl-love.com\/fr\/produit\/easy-digital-downloads-convertkit\/","title":{"rendered":"Easy Digital Downloads ConvertKit 1.1.2"},"content":{"rendered":"<h3>Easy Digital Downloads ConvertKit Traits<\/h3>\n<p>Les t\u00e9l\u00e9chargements num\u00e9riques Easy Convertkit sont un plugin tr\u00e8s robuste et efficace qui rend les entreprises en ligne la capacit\u00e9 d&rsquo;int\u00e9grer de mani\u00e8re transparente leur magasin de t\u00e9l\u00e9chargements num\u00e9riques faciles avec Convertkit, une plate-forme globale pour le marketing par e-mail. En tirant parti de ce plugin, les entreprises sont autoris\u00e9es \u00e0 automatiser leurs campagnes de marketing par e-mail et \u00e0 segmenter m\u00e9ticuleusement leurs abonn\u00e9s en fonction de leur historique d&rsquo;achat et de leurs int\u00e9r\u00eats individuels. Le plugin lui-m\u00eame est remarquablement convivial, englobant une gamme de fonctionnalit\u00e9s impressionnantes telles que l&rsquo;abonnement en un clic, le marquage d&rsquo;abonn\u00e9 et la fourniture de mod\u00e8les de messagerie personnalis\u00e9s. Arm\u00e9s de t\u00e9l\u00e9chargements num\u00e9riques faciles convertkit, les entreprises peuvent \u00e9lever leurs efforts de marketing par e-mail \u00e0 de nouveaux sommets, renfor\u00e7ant finalement leurs ventes et augmentant leurs revenus en \u00e9tablissant des canaux de communication plus cibl\u00e9s et efficaces avec leurs clients estim\u00e9s.<\/p>\n<ul>\n<li>Int\u00e9grez de mani\u00e8re transparente les t\u00e9l\u00e9chargements num\u00e9riques faciles avec Convertkit<\/li>\n<li>Ajouter automatiquement des clients aux listes ConvertKit<\/li>\n<li>Suivre les achats et les comportements des clients dans Convertkit<\/li>\n<li>Synchroniser les champs de clients personnalis\u00e9s entre les t\u00e9l\u00e9chargements num\u00e9riques faciles et Convertkit<\/li>\n<li>Contr\u00f4lez les clients ajout\u00e9s aux listes ConvertKit<\/li>\n<li>Utilisez des balises ConvertKit pour segmenter et cibler les clients pour les e-mails et les campagnes marketing<\/li>\n<li>Surveiller les mesures de performances de l&rsquo;abonn\u00e9 et des e-mails dans le tableau de bord Easy Digital Downloads<\/li>\n<li>B\u00e9n\u00e9ficiez des puissantes fonctionnalit\u00e9s d&rsquo;automatisation et des outils de marketing par e-mail de Convertkit.<\/li>\n<\/ul>\n","protected":false},"excerpt":{"rendered":"<p>Pour les personnes qui utilisent des t\u00e9l\u00e9chargements num\u00e9riques faciles et aspire pour am\u00e9liorer leur liste de marketing par e-mail, les t\u00e9l\u00e9chargements num\u00e9riques faciles Convertkit sont un plugin indispensable. En utilisant Convertkit, on peut fusionner sans effort leur magasin de t\u00e9l\u00e9chargements num\u00e9riques faciles et Amass les adresses e-mail des clients afin d&rsquo;\u00e9tablir une liste de diffusion cibl\u00e9e. Ce plugin rationalise le processus de g\u00e9n\u00e9ration de formes diverses, de pages de destination et d&rsquo;incitations opt-in, facilitant ainsi la transformation des visiteurs du site Web en abonn\u00e9s. Que l&rsquo;on soit un novice ou un expert, des t\u00e9l\u00e9chargements num\u00e9riques faciles, Convertkit sert d&rsquo;outil ultime pour \u00e9lever la comp\u00e9tence en marketing par e-mail.<\/p>\n","protected":false},"featured_media":143614,"comment_status":"open","ping_status":"open","template":"","meta":[],"product_brand":[2523],"product_cat":[1182,1404,1181],"product_tag":[1255],"class_list":{"0":"post-119944","1":"product","2":"type-product","3":"status-publish","4":"has-post-thumbnail","6":"product_brand-easy-digital-downloads","7":"product_cat-commerce-electronique-plugins","8":"product_cat-formes-commerce-electronique-plugins","9":"product_cat-plugins","10":"product_tag-easy-digital-downloads","11":"member-discount","12":"discount-restricted","14":"first","15":"instock","16":"sale","17":"downloadable","18":"virtual","19":"sold-individually","20":"purchasable","21":"product-type-simple"},"_links":{"self":[{"href":"https:\/\/gpl-love.com\/fr\/wp-json\/wp\/v2\/product\/119944","targetHints":{"allow":["GET"]}}],"collection":[{"href":"https:\/\/gpl-love.com\/fr\/wp-json\/wp\/v2\/product"}],"about":[{"href":"https:\/\/gpl-love.com\/fr\/wp-json\/wp\/v2\/types\/product"}],"replies":[{"embeddable":true,"href":"https:\/\/gpl-love.com\/fr\/wp-json\/wp\/v2\/comments?post=119944"}],"wp:featuredmedia":[{"embeddable":true,"href":"https:\/\/gpl-love.com\/fr\/wp-json\/wp\/v2\/media\/143614"}],"wp:attachment":[{"href":"https:\/\/gpl-love.com\/fr\/wp-json\/wp\/v2\/media?parent=119944"}],"wp:term":[{"taxonomy":"product_brand","embeddable":true,"href":"https:\/\/gpl-love.com\/fr\/wp-json\/wp\/v2\/product_brand?post=119944"},{"taxonomy":"product_cat","embeddable":true,"href":"https:\/\/gpl-love.com\/fr\/wp-json\/wp\/v2\/product_cat?post=119944"},{"taxonomy":"product_tag","embeddable":true,"href":"https:\/\/gpl-love.com\/fr\/wp-json\/wp\/v2\/product_tag?post=119944"}],"curies":[{"name":"wp","href":"https:\/\/api.w.org\/{rel}","templated":true}]}}