{"id":119940,"date":"2021-02-09T00:00:00","date_gmt":"2021-02-08T23:00:00","guid":{"rendered":"https:\/\/gpl-love.com\/fr\/produit\/easy-digital-downloads-clickbank-gateway\/"},"modified":"2026-03-20T23:01:52","modified_gmt":"2026-03-20T22:01:52","slug":"easy-digital-downloads-clickbank-gateway","status":"publish","type":"product","link":"https:\/\/gpl-love.com\/fr\/produit\/easy-digital-downloads-clickbank-gateway\/","title":{"rendered":"Easy Digital Downloads ClickBank Gateway 1.3.2"},"content":{"rendered":"<h3>Easy Digital Downloads ClickBank Gateway Traits<\/h3>\n<p>La passerelle Easy Digital T\u00e9l\u00e9chargements Clickbank sert d&rsquo;outil indispensable pour les personnes cherchant \u00e0 s&rsquo;engager dans la vente en ligne de produits num\u00e9riques. En incorporant cette passerelle dans votre magasin EDD, vous pouvez faciliter sans effort l&rsquo;acceptation des paiements des clients couvrant le globe. Cette passerelle pr\u00e9sente un processus de configuration rationalis\u00e9 et simple, vous permettant de commencer rapidement la vente de vos offres num\u00e9riques. De plus, vous profiterez des avantages de la vaste gamme de fonctionnalit\u00e9s offertes par Clickbank, englobant la fortification contre les activit\u00e9s frauduleuses, la surveillance m\u00e9ticuleuse des affili\u00e9s, et bien plus encore. Que vous vantant une riche exp\u00e9rience en tant que vendeur ou que vous vous lanciez dans votre parcours entrepreneurial, les t\u00e9l\u00e9chargements num\u00e9riques faciles Clickbank Gateway assument le r\u00f4le d&rsquo;un atout tr\u00e8s pr\u00e9cieux pour la prosp\u00e9rit\u00e9 de votre entreprise en ligne.<\/p>\n<ul>\n<li>La passerelle vous permet d&rsquo;int\u00e9grer les paiements Clickbank dans votre magasin de t\u00e9l\u00e9chargements num\u00e9riques faciles.<\/li>\n<li>Les clients peuvent acheter en toute s\u00e9curit\u00e9 des produits num\u00e9riques \u00e0 l&rsquo;aide de leur compte ClickBank.<\/li>\n<li>L&rsquo;int\u00e9gration est transparente et offre une exp\u00e9rience de paiement rationalis\u00e9e aux clients.<\/li>\n<li>La passerelle est enti\u00e8rement personnalisable, vous permettant d&rsquo;apporter des modifications au processus de paiement pour r\u00e9pondre \u00e0 vos besoins sp\u00e9cifiques.<\/li>\n<li>Il est livr\u00e9 avec une documentation d\u00e9taill\u00e9e et un support pour vous aider \u00e0 vous installer rapidement.<\/li>\n<li>Avec les t\u00e9l\u00e9chargements num\u00e9riques faciles Clickbank Gateway, vous pouvez \u00e9tendre votre client\u00e8le et augmenter les ventes en offrant une option de paiement populaire.<\/li>\n<li>L&rsquo;int\u00e9gration est facile \u00e0 configurer et ne n\u00e9cessite aucune connaissance de codage.<\/li>\n<\/ul>\n","protected":false},"excerpt":{"rendered":"<p>D\u00e9couvrez une int\u00e9gration transparente avec la passerelle Clickbank Downloads Easy Downloads. Cette fonctionnalit\u00e9 remarquable connecte sans effort vos produits num\u00e9riques au estim\u00e9 Clickbank Marketplace, une plate-forme renomm\u00e9e populaire pour sa vaste biblioth\u00e8que de produits num\u00e9riques. Maintenant, la vente de vos t\u00e9l\u00e9chargements num\u00e9riques comme des livres \u00e9lectroniques, de la musique, des vid\u00e9os et plus devient plus facile que jamais.<\/p>\n<p>ClickBank Gateway offre le b\u00e9n\u00e9fice de Global Reach, augmentant votre client\u00e8le potentielle de fa\u00e7on exponentielle. Cette int\u00e9gration aide non seulement \u00e0 vendre vos produits, mais aide \u00e9galement \u00e0 suivre les ventes, fournissant des informations qui aident \u00e0 strat\u00e9gies \u00e0 la croissance de votre entreprise.<\/p>\n<p>La caract\u00e9ristique cl\u00e9 de cette passerelle est sa nature conviviale. Vous pouvez le configurer en un rien de temps sans aucune expertise technique. Il fournit \u00e9galement une plate-forme s\u00e9curis\u00e9e pour les transactions, assurant la s\u00e9curit\u00e9 de vos donn\u00e9es et de vos clients.<\/p>\n<p>Alors, am\u00e9liorez votre entreprise de produits num\u00e9riques avec des t\u00e9l\u00e9chargements num\u00e9riques faciles Clickbank Gateway, rendant la vente et le suivi aussi simples qu&rsquo;un clic!<\/p>\n","protected":false},"featured_media":143607,"comment_status":"open","ping_status":"open","template":"","meta":[],"product_brand":[2523],"product_cat":[1182,1401,1181],"product_tag":[1255],"class_list":{"0":"post-119940","1":"product","2":"type-product","3":"status-publish","4":"has-post-thumbnail","6":"product_brand-easy-digital-downloads","7":"product_cat-commerce-electronique-plugins","8":"product_cat-paiement-commerce-electronique-plugins","9":"product_cat-plugins","10":"product_tag-easy-digital-downloads","11":"member-discount","12":"discount-restricted","14":"first","15":"instock","16":"sale","17":"downloadable","18":"virtual","19":"sold-individually","20":"purchasable","21":"product-type-simple"},"_links":{"self":[{"href":"https:\/\/gpl-love.com\/fr\/wp-json\/wp\/v2\/product\/119940","targetHints":{"allow":["GET"]}}],"collection":[{"href":"https:\/\/gpl-love.com\/fr\/wp-json\/wp\/v2\/product"}],"about":[{"href":"https:\/\/gpl-love.com\/fr\/wp-json\/wp\/v2\/types\/product"}],"replies":[{"embeddable":true,"href":"https:\/\/gpl-love.com\/fr\/wp-json\/wp\/v2\/comments?post=119940"}],"wp:featuredmedia":[{"embeddable":true,"href":"https:\/\/gpl-love.com\/fr\/wp-json\/wp\/v2\/media\/143607"}],"wp:attachment":[{"href":"https:\/\/gpl-love.com\/fr\/wp-json\/wp\/v2\/media?parent=119940"}],"wp:term":[{"taxonomy":"product_brand","embeddable":true,"href":"https:\/\/gpl-love.com\/fr\/wp-json\/wp\/v2\/product_brand?post=119940"},{"taxonomy":"product_cat","embeddable":true,"href":"https:\/\/gpl-love.com\/fr\/wp-json\/wp\/v2\/product_cat?post=119940"},{"taxonomy":"product_tag","embeddable":true,"href":"https:\/\/gpl-love.com\/fr\/wp-json\/wp\/v2\/product_tag?post=119940"}],"curies":[{"name":"wp","href":"https:\/\/api.w.org\/{rel}","templated":true}]}}