{"id":119936,"date":"2025-11-06T00:00:00","date_gmt":"2025-11-05T23:00:00","guid":{"rendered":"https:\/\/gpl-love.com\/fr\/produit\/easy-digital-downloads-all-access\/"},"modified":"2026-03-20T23:01:46","modified_gmt":"2026-03-20T22:01:46","slug":"easy-digital-downloads-all-access","status":"publish","type":"product","link":"https:\/\/gpl-love.com\/fr\/produit\/easy-digital-downloads-all-access\/","title":{"rendered":"Easy Digital Downloads All Access 1.2.9"},"content":{"rendered":"<h3>Easy Digital Downloads All Access Traits<\/h3>\n<p>T\u00e9l\u00e9chargements num\u00e9riques Easy All Access est une solution de gestion de t\u00e9l\u00e9chargement num\u00e9rique tr\u00e8s robuste et tout compris qui propose une vaste gamme de produits num\u00e9riques, englobant de la musique, des ebooks, des logiciels et divers autres actifs num\u00e9riques, pour r\u00e9pondre aux divers besoins et pr\u00e9f\u00e9rences de votre valeur clients. Cette plate-forme exceptionnelle vous permet non seulement de superviser et de faciliter la vente transparente de votre marchandise num\u00e9rique, mais vous permet \u00e9galement de vous offrir la capacit\u00e9 inestimable pour surveiller et analyser m\u00e9ticuleusement vos tendances de vente et vos g\u00e9n\u00e9ration de revenus. En outre, il garantit la plus grande satisfaction du client en facilitant des t\u00e9l\u00e9chargements s\u00e9curis\u00e9s et rapides. L&rsquo;excellence intrins\u00e8que de cette plate-forme est encore accentu\u00e9e par son large \u00e9ventail de fonctionnalit\u00e9s de pointe, englobant des pages de produits enti\u00e8rement personnalisables, des structures de tarification hautement adaptables et des rapports de vente m\u00e9ticuleusement d\u00e9taill\u00e9s. Que vous soyez un entrepreneur en herbe avec une entreprise modeste ou un joueur de l&rsquo;industrie de premier plan avec un empire tentaculaire, les t\u00e9l\u00e9chargements num\u00e9riques faciles, tout acc\u00e8s, est sans \u00e9quivoque l&rsquo;outil par excellence qui non seulement rationalisera et optimisera vos processus de gestion des produits num\u00e9riques, mais qui servira \u00e9galement de catalyseur instrumental Pour la croissance et l&rsquo;expansion sans pr\u00e9c\u00e9dent de votre entreprise estim\u00e9e.<\/p>\n<ul>\n<li>Plugin de t\u00e9l\u00e9chargements num\u00e9riques Easy Digital<\/li>\n<li>Acc\u00e8s aux modules compl\u00e9mentaires et extensions pour les t\u00e9l\u00e9chargements num\u00e9riques faciles<\/li>\n<li>Support prioritaire et mises \u00e0 jour pour tous les produits inclus dans le package All Access<\/li>\n<li>Capacit\u00e9 \u00e0 utiliser sur des sites Web illimit\u00e9s<\/li>\n<li>Achat unique avec des mises \u00e0 jour et un support \u00e0 vie<\/li>\n<li>Traitement de paiement s\u00e9curis\u00e9 et fiable<\/li>\n<li>Garantie de remboursement de 30 jours<\/li>\n<li>Produits et fonctionnalit\u00e9s r\u00e9guli\u00e8rement mises \u00e0 jour et am\u00e9lior\u00e9es<\/li>\n<li>Acc\u00e8s aux versions b\u00eata exclusives et \u00e0 l&rsquo;acc\u00e8s pr\u00e9coce \u00e0 de nouveaux produits<\/li>\n<li>Ressources expertes et documentation disponibles pour le d\u00e9pannage et la maximisation de l&rsquo;utilisation.<\/li>\n<\/ul>\n","protected":false},"excerpt":{"rendered":"<p>D\u00e9verrouillez la puissance des t\u00e9l\u00e9chargements illimit\u00e9s avec des t\u00e9l\u00e9chargements num\u00e9riques faciles tout acc\u00e8s. Ce plugin haut de gamme offre une exp\u00e9rience d&rsquo;achat sans couture pour tous vos produits num\u00e9riques. En tant que client, vous pouvez profiter d&rsquo;un acc\u00e8s illimit\u00e9 \u00e0 notre vaste biblioth\u00e8que num\u00e9rique. Avec le All Access Pass, vous pouvez explorer librement notre collection diversifi\u00e9e d&rsquo;ebooks, de musique, de vid\u00e9os, de logiciels et bien plus encore. Ce plugin est parfait pour les entreprises, les pigistes et les cr\u00e9atifs qui souhaitent maximiser leurs ventes num\u00e9riques. Il est convivial, hautement personnalisable et s&rsquo;int\u00e8gre \u00e0 votre configuration actuelle de t\u00e9l\u00e9chargements num\u00e9riques faciles. D\u00e9couvrez la libert\u00e9 de l&rsquo;acc\u00e8s et augmentez vos t\u00e9l\u00e9chargements num\u00e9riques aujourd&rsquo;hui.<\/p>\n","protected":false},"featured_media":143600,"comment_status":"open","ping_status":"open","template":"","meta":[],"product_brand":[2523],"product_cat":[1182,1223,1181],"product_tag":[1255],"class_list":{"0":"post-119936","1":"product","2":"type-product","3":"status-publish","4":"has-post-thumbnail","6":"product_brand-easy-digital-downloads","7":"product_cat-commerce-electronique-plugins","8":"product_cat-personnalisation-commerce-electronique-plugins","9":"product_cat-plugins","10":"product_tag-easy-digital-downloads","11":"member-discount","12":"discount-restricted","14":"first","15":"instock","16":"sale","17":"downloadable","18":"virtual","19":"sold-individually","20":"purchasable","21":"product-type-simple"},"_links":{"self":[{"href":"https:\/\/gpl-love.com\/fr\/wp-json\/wp\/v2\/product\/119936","targetHints":{"allow":["GET"]}}],"collection":[{"href":"https:\/\/gpl-love.com\/fr\/wp-json\/wp\/v2\/product"}],"about":[{"href":"https:\/\/gpl-love.com\/fr\/wp-json\/wp\/v2\/types\/product"}],"replies":[{"embeddable":true,"href":"https:\/\/gpl-love.com\/fr\/wp-json\/wp\/v2\/comments?post=119936"}],"wp:featuredmedia":[{"embeddable":true,"href":"https:\/\/gpl-love.com\/fr\/wp-json\/wp\/v2\/media\/143600"}],"wp:attachment":[{"href":"https:\/\/gpl-love.com\/fr\/wp-json\/wp\/v2\/media?parent=119936"}],"wp:term":[{"taxonomy":"product_brand","embeddable":true,"href":"https:\/\/gpl-love.com\/fr\/wp-json\/wp\/v2\/product_brand?post=119936"},{"taxonomy":"product_cat","embeddable":true,"href":"https:\/\/gpl-love.com\/fr\/wp-json\/wp\/v2\/product_cat?post=119936"},{"taxonomy":"product_tag","embeddable":true,"href":"https:\/\/gpl-love.com\/fr\/wp-json\/wp\/v2\/product_tag?post=119936"}],"curies":[{"name":"wp","href":"https:\/\/api.w.org\/{rel}","templated":true}]}}