{"id":119932,"date":"2026-03-13T00:00:00","date_gmt":"2026-03-12T23:00:00","guid":{"rendered":"https:\/\/gpl-love.com\/fr\/produit\/dynamic-content-pour-elementor\/"},"modified":"2026-04-02T12:30:17","modified_gmt":"2026-04-02T10:30:17","slug":"dynamic-content-pour-elementor","status":"publish","type":"product","link":"https:\/\/gpl-love.com\/fr\/produit\/dynamic-content-pour-elementor\/","title":{"rendered":"Dynamic Content pour Elementor 3.4.7"},"content":{"rendered":"<h3>Dynamic Content pour Elementor Traits<\/h3>\n<p>Le contenu dynamique pour Elementor est un plugin incroyablement robuste qui offre une multitude de fonctionnalit\u00e9s, vous permettant d&rsquo;\u00e9laborer sans effort des sites Web personnalis\u00e9s et captivants. Ses capacit\u00e9s sophistiqu\u00e9es, combin\u00e9es \u00e0 son interface conviviale, vous accordent la possibilit\u00e9 de g\u00e9n\u00e9rer sans effort un contenu dynamique qui s&rsquo;adapte en fonction du comportement des utilisateurs, de la d\u00e9mographie et de divers autres crit\u00e8res. Le plugin rationalise le processus de cr\u00e9ation de champs personnalis\u00e9s, de fabrication de contenu dynamique qui correspond \u00e0 l&rsquo;entr\u00e9e de l&rsquo;utilisateur et de pr\u00e9sentation du mat\u00e9riel personnalis\u00e9 aux visiteurs de votre site. De plus, il vous fournit les moyens d&rsquo;\u00e9tablir des mod\u00e8les dynamiques pour vos pages et articles, en vous garantissant que votre site Web reste constamment actuel et pertinent pour votre public cible. Que vous soyez concepteur de sites Web, marketing ou propri\u00e9taire d&rsquo;entreprise, le contenu dynamique pour Elementor est un outil indispensable pour construire des sites Web qui sont \u00e0 la fois tr\u00e8s efficaces pour convertir les prospects et vraiment engageants.<\/p>\n<ul>\n<li>Plugin compl\u00e9mentaire puissant pour le constructeur de page Elementor<\/li>\n<li>Permet des affichages de contenu dynamique sur votre site Web<\/li>\n<li>Offre des options de personnalisation \u00e9tendues pour votre contenu dynamique<\/li>\n<li>Le contenu dynamique peut inclure des publications, des pages, des types de publiques personnalis\u00e9s, des produits WooCommerce, et plus<\/li>\n<li>Compatible avec la plupart des th\u00e8mes WordPress<\/li>\n<li>Offre une interface conviviale pour une gestion de contenu facile<\/li>\n<li>Peut \u00eatre utilis\u00e9 pour cr\u00e9er des mod\u00e8les de type post-post personnalis\u00e9 avanc\u00e9s<\/li>\n<li>Vous permet de cr\u00e9er des mod\u00e8les d&rsquo;archives dynamiques<\/li>\n<li>Fournit une gamme de widgets et de codes short pour am\u00e9liorer les fonctionnalit\u00e9s de votre site Web<\/li>\n<li>Offre des fonctionnalit\u00e9s premium, y compris les int\u00e9grations de champ personnalis\u00e9es, le redimensionnement des images dynamiques et les capacit\u00e9s de recherche avanc\u00e9es.<\/li>\n<\/ul>\n","protected":false},"excerpt":{"rendered":"<p>D\u00e9couvrez un site Web plus dynamique, engageant et interactif avec un contenu dynamique pour Elementor. Cet outil puissant vous permet de concevoir et de personnaliser chaque page de votre site Web, des en-t\u00eates et des pieds de page aux publications individuelles et aux mod\u00e8les mondiaux. Il regorge de fonctionnalit\u00e9s pr\u00e9cieuses telles que la visibilit\u00e9 dynamique, l&rsquo;impression conditionnelle et le suivi des \u00e9v\u00e9nements personnalis\u00e9s. Cet outil polyvalent am\u00e9liore non seulement l&rsquo;attrait esth\u00e9tique de votre site Web, mais am\u00e9liore \u00e9galement ses performances et ses fonctionnalit\u00e9s. Avec un contenu dynamique pour Elementor, vous pouvez facilement cr\u00e9er un site Web personnalis\u00e9, professionnel et tr\u00e8s r\u00e9actif qui attire et engage les visiteurs. Exploitez la puissance de Elementor et apportez vos comp\u00e9tences en conception Web \u00e0 de nouveaux sommets.<\/p>\n","protected":false},"featured_media":143594,"comment_status":"open","ping_status":"open","template":"","meta":[],"product_brand":[2522],"product_cat":[1189,1181,1186],"product_tag":[2352],"class_list":{"0":"post-119932","1":"product","2":"type-product","3":"status-publish","4":"has-post-thumbnail","6":"product_brand-dynamic","7":"product_cat-personnalisation","8":"product_cat-plugins","9":"product_cat-wordpress-plugins","10":"product_tag-dynamic","11":"member-discount","12":"discount-restricted","14":"first","15":"instock","16":"sale","17":"downloadable","18":"virtual","19":"sold-individually","20":"purchasable","21":"product-type-simple"},"_links":{"self":[{"href":"https:\/\/gpl-love.com\/fr\/wp-json\/wp\/v2\/product\/119932","targetHints":{"allow":["GET"]}}],"collection":[{"href":"https:\/\/gpl-love.com\/fr\/wp-json\/wp\/v2\/product"}],"about":[{"href":"https:\/\/gpl-love.com\/fr\/wp-json\/wp\/v2\/types\/product"}],"replies":[{"embeddable":true,"href":"https:\/\/gpl-love.com\/fr\/wp-json\/wp\/v2\/comments?post=119932"}],"wp:featuredmedia":[{"embeddable":true,"href":"https:\/\/gpl-love.com\/fr\/wp-json\/wp\/v2\/media\/143594"}],"wp:attachment":[{"href":"https:\/\/gpl-love.com\/fr\/wp-json\/wp\/v2\/media?parent=119932"}],"wp:term":[{"taxonomy":"product_brand","embeddable":true,"href":"https:\/\/gpl-love.com\/fr\/wp-json\/wp\/v2\/product_brand?post=119932"},{"taxonomy":"product_cat","embeddable":true,"href":"https:\/\/gpl-love.com\/fr\/wp-json\/wp\/v2\/product_cat?post=119932"},{"taxonomy":"product_tag","embeddable":true,"href":"https:\/\/gpl-love.com\/fr\/wp-json\/wp\/v2\/product_tag?post=119932"}],"curies":[{"name":"wp","href":"https:\/\/api.w.org\/{rel}","templated":true}]}}