{"id":119930,"date":"2026-04-16T00:00:00","date_gmt":"2026-04-15T22:00:00","guid":{"rendered":"https:\/\/gpl-love.com\/fr\/produit\/duplicator-pro\/"},"modified":"2026-04-17T00:30:32","modified_gmt":"2026-04-16T22:30:32","slug":"duplicator-pro","status":"publish","type":"product","link":"https:\/\/gpl-love.com\/fr\/produit\/duplicator-pro\/","title":{"rendered":"Duplicator Pro 4.5.25.3"},"content":{"rendered":"<h3>Duplicator Pro Traits<\/h3>\n<p>Duplicator Pro est un outil incroyablement robuste et formidable qui a \u00e9t\u00e9 m\u00e9ticuleusement con\u00e7u pour simplifier consid\u00e9rablement le processus de duplication et de migration des sites WordPress. En offrant une vaste gamme de fonctionnalit\u00e9s impressionnantes, telles que la sauvegarde en un clic tr\u00e8s pratique, des sauvegardes planifi\u00e9es m\u00e9ticuleusement chronom\u00e9tr\u00e9es et la possibilit\u00e9 de stocker des donn\u00e9es dans le stockage cloud, les utilisateurs ont l&rsquo;occasion inestimable de transf\u00e9rer en toute s\u00e9curit\u00e9 leurs sites ch\u00e9ris vers divers fournisseurs d&rsquo;h\u00e9bergement pour transf\u00e9rer en toute s\u00e9curit\u00e9 leurs sites ch\u00e9ris \u00e0 divers fournisseurs d&rsquo;h\u00e9bergement d&rsquo;h\u00e9bergement ou des serveurs avec une facilit\u00e9 et une efficacit\u00e9 remarquables. De plus, Duplicator Pro fait v\u00e9ritablement dans sa fourniture d&rsquo;options avanc\u00e9es pour la personnalisation, y compris les sauvegardes s\u00e9lectives extr\u00eamement b\u00e9n\u00e9fiques et les filtres complets pour divers types de fichiers, le rendant \u00e9tonnamment polyvalent et accommodant pour une vaste \u00e9ventail de sites WordPress distincts. En outre, l&rsquo;interface incroyablement intuitive et la conception globale conviviale de Duplicator sont ind\u00e9niablement contribuent \u00e0 son accessibilit\u00e9 incroyable, garantissant ainsi que les utilisateurs de tous les niveaux d&rsquo;expertise sont capables de naviguer \u00e0 travers ses nombreuses fonctionnalit\u00e9s et fonctionnalit\u00e9s sans rencontrer de complications ou de difficult\u00e9s inutiles. Par cons\u00e9quent, il n&rsquo;est pas surprenant que Duplicator Pro soit devenu une option exceptionnellement souhaitable pour les d\u00e9veloppeurs WordPress et les propri\u00e9taires de sites Web, \u00e9tant donn\u00e9 son efficacit\u00e9 in\u00e9gal\u00e9e et son commodit\u00e9 in\u00e9gal\u00e9e.<\/p>\n<ul>\n<li>Appareil de plug-and-play facile \u00e0 utiliser pour la duplication des signaux d&rsquo;entr\u00e9e<\/li>\n<li>Prend en charge diverses sources d&rsquo;entr\u00e9e telles que HDMI, VGA, DVI et DisplayPort<\/li>\n<li>Peut dupliquer les signaux d&rsquo;entr\u00e9e \u00e0 plusieurs \u00e9crans de sortie simultan\u00e9ment<\/li>\n<li>R\u00e9solution vid\u00e9o de haute qualit\u00e9 jusqu&rsquo;\u00e0 4k \u00e0 60 Hz<\/li>\n<li>Compatible avec diff\u00e9rents dispositifs d&rsquo;affichage, y compris les t\u00e9l\u00e9viseurs, les moniteurs et les projecteurs<\/li>\n<li>Conception compacte et \u00e9l\u00e9gante pour une portabilit\u00e9 et une installation faciles<\/li>\n<li>Offre une transmission de signal fiable et stable pour r\u00e9duire le d\u00e9calage ou le retard<\/li>\n<li>Id\u00e9al pour diverses applications telles que les pr\u00e9sentations, la signalisation num\u00e9rique, les jeux et le divertissement<\/li>\n<li>Livr\u00e9 avec une interface conviviale pour un contr\u00f4le et une configuration transparentes<\/li>\n<li>Offre des fonctionnalit\u00e9s avanc\u00e9es telles que l&rsquo;extraction audio et la gestion des edid<\/li>\n<li>Offre une protection int\u00e9gr\u00e9e pour \u00e9viter la perte ou la d\u00e9gradation du signal pendant la transmission<\/li>\n<li>Soutient en cascade et en passant par les marguerites de plusieurs unit\u00e9s pour une r\u00e9partition approfondie du signal.<\/li>\n<\/ul>\n","protected":false},"excerpt":{"rendered":"<p>Allez-y avec Duplicator Pro, un outil efficace con\u00e7u pour simplifier les t\u00e2ches de gestion de votre site Web. Pas besoin de commencer \u00e0 z\u00e9ro \u00e0 chaque fois &#8211; Duplicator Pro vous permet de cloner, sauvegarder et transf\u00e9rer sans effort vos sites Web WordPress. Que vous soyez un d\u00e9veloppeur Web professionnel ou un d\u00e9butant, l&rsquo;interface intuitive de cet outil assure une exp\u00e9rience utilisateur transparente. Profitez des avantages des fonctionnalit\u00e9s d&rsquo;\u00e9conomie de temps telles que la cr\u00e9ation automatique de la base de donn\u00e9es et les remplacements faciles du site. Avec Duplicator Pro, vous pouvez \u00e9galement g\u00e9rer vos sauvegardes \u00e0 distance, vous donnant la flexibilit\u00e9 de travailler o\u00f9 que vous soyez. Maintenant, la configuration de nouveaux sites et la r\u00e9cup\u00e9ration des accidents de serveur devient un jeu d&rsquo;enfant. Investissez dans Duplicator Pro et passez le d\u00e9veloppement de votre site Web au niveau sup\u00e9rieur.<\/p>\n","protected":false},"featured_media":143591,"comment_status":"open","ping_status":"open","template":"","meta":[],"product_brand":[2521],"product_cat":[1187,1181,1186],"product_tag":[1351],"class_list":{"0":"post-119930","1":"product","2":"type-product","3":"status-publish","4":"has-post-thumbnail","6":"product_brand-snapcreek","7":"product_cat-administration-wordpress-plugins","8":"product_cat-plugins","9":"product_cat-wordpress-plugins","10":"product_tag-snapcreek","11":"member-discount","12":"discount-restricted","14":"first","15":"instock","16":"sale","17":"downloadable","18":"virtual","19":"sold-individually","20":"purchasable","21":"product-type-simple"},"_links":{"self":[{"href":"https:\/\/gpl-love.com\/fr\/wp-json\/wp\/v2\/product\/119930","targetHints":{"allow":["GET"]}}],"collection":[{"href":"https:\/\/gpl-love.com\/fr\/wp-json\/wp\/v2\/product"}],"about":[{"href":"https:\/\/gpl-love.com\/fr\/wp-json\/wp\/v2\/types\/product"}],"replies":[{"embeddable":true,"href":"https:\/\/gpl-love.com\/fr\/wp-json\/wp\/v2\/comments?post=119930"}],"wp:featuredmedia":[{"embeddable":true,"href":"https:\/\/gpl-love.com\/fr\/wp-json\/wp\/v2\/media\/143591"}],"wp:attachment":[{"href":"https:\/\/gpl-love.com\/fr\/wp-json\/wp\/v2\/media?parent=119930"}],"wp:term":[{"taxonomy":"product_brand","embeddable":true,"href":"https:\/\/gpl-love.com\/fr\/wp-json\/wp\/v2\/product_brand?post=119930"},{"taxonomy":"product_cat","embeddable":true,"href":"https:\/\/gpl-love.com\/fr\/wp-json\/wp\/v2\/product_cat?post=119930"},{"taxonomy":"product_tag","embeddable":true,"href":"https:\/\/gpl-love.com\/fr\/wp-json\/wp\/v2\/product_tag?post=119930"}],"curies":[{"name":"wp","href":"https:\/\/api.w.org\/{rel}","templated":true}]}}