{"id":119928,"date":"2023-07-14T00:00:00","date_gmt":"2023-07-13T22:00:00","guid":{"rendered":"https:\/\/gpl-love.com\/fr\/produit\/download-monitor-twitter-lock\/"},"modified":"2026-03-20T23:01:30","modified_gmt":"2026-03-20T22:01:30","slug":"download-monitor-twitter-lock","status":"publish","type":"product","link":"https:\/\/gpl-love.com\/fr\/produit\/download-monitor-twitter-lock\/","title":{"rendered":"Download Monitor Twitter Lock 4.1.4"},"content":{"rendered":"<h3>Download Monitor Twitter Lock Traits<\/h3>\n<p>T\u00e9l\u00e9charger Monitor Twitter Lock est une application logicielle robuste et influente qui facilite la surveillance et la r\u00e9glementation des activit\u00e9s de t\u00e9l\u00e9chargement sur votre ordinateur. Cet outil remarquable vous fournit non seulement des notifications rapides et \u00e0 la minute, mais vous alerte \u00e9galement chaque fois qu&rsquo;un fichier est t\u00e9l\u00e9charg\u00e9 sur votre syst\u00e8me. Avec ses fonctionnalit\u00e9s de pointe et sophistiqu\u00e9es, vous avez la possibilit\u00e9 d&rsquo;\u00e9tablir des r\u00e9glementations et des restrictions personnalis\u00e9es concernant le t\u00e9l\u00e9chargement de fichiers \u00e0 partir de divers sites Web, plateformes de m\u00e9dias sociaux et autres sources. En outre, ce logiciel exceptionnel vous permet de surveiller l&rsquo;activit\u00e9 Twitter des individus et de r\u00e9guler l&rsquo;acc\u00e8s \u00e0 des comptes ou des tweets sp\u00e9cifiques. En utilisant le t\u00e9l\u00e9chargement de t\u00e9l\u00e9chargement Twitter Lock, vous \u00eates autoris\u00e9 \u00e0 gouverner et \u00e0 g\u00e9rer le comportement de t\u00e9l\u00e9chargement de vos employ\u00e9s, enfants ou tout autre utilisateur, assurant ainsi la plus grande s\u00e9curit\u00e9 et la s\u00e9curit\u00e9 de votre syst\u00e8me.<\/p>\n<ul>\n<li>Permet aux utilisateurs de surveiller les t\u00e9l\u00e9chargements de leurs produits num\u00e9riques en temps r\u00e9el<\/li>\n<li>S&rsquo;int\u00e8gre \u00e0 Twitter pour permettre la publication automatique des mises \u00e0 jour de t\u00e9l\u00e9chargement des abonn\u00e9s<\/li>\n<li>Fournit des rapports d\u00e9taill\u00e9s sur l&rsquo;activit\u00e9 de t\u00e9l\u00e9chargement, y compris le nombre de t\u00e9l\u00e9chargements et les revenus g\u00e9n\u00e9r\u00e9s<\/li>\n<li>Facilement personnalisable pour correspondre aux pr\u00e9f\u00e9rences de marque et esth\u00e9tique<\/li>\n<li>Compatible avec une vari\u00e9t\u00e9 de types de fichiers de produits num\u00e9riques, tels que les PDF et les MP3<\/li>\n<li>Fournit des liens de t\u00e9l\u00e9chargement s\u00e9curis\u00e9s et t\u00e9l\u00e9chargez des options d&rsquo;expiration pour emp\u00eacher un acc\u00e8s non autoris\u00e9 aux fichiers<\/li>\n<li>Interface simple et conviviale pour une configuration et une utilisation faciles<\/li>\n<li>Excellent support client et mises \u00e0 jour logicielles r\u00e9guli\u00e8res pour assurer des performances optimales<\/li>\n<\/ul>\n","protected":false},"excerpt":{"rendered":"<p>Surveiller Twitter Lock est un outil innovant con\u00e7u pour les utilisateurs avides des r\u00e9seaux sociaux et les sp\u00e9cialistes du marketing num\u00e9rique. Ce logiciel vous permet de contr\u00f4ler et de g\u00e9rer efficacement votre compte Twitter. La principale fonctionnalit\u00e9 de cet outil est sa capacit\u00e9 \u00e0 verrouiller et \u00e0 d\u00e9verrouiller votre compte Twitter en fonction de vos pr\u00e9f\u00e9rences et de vos besoins de s\u00e9curit\u00e9. Avec moniteur Twitter Lock, vous pouvez assurer la s\u00e9curit\u00e9 de votre compte, emp\u00eacher un acc\u00e8s non autoris\u00e9 et maintenir votre confidentialit\u00e9 num\u00e9rique. De plus, cet outil fournit une surveillance en temps r\u00e9el, vous informant instantan\u00e9ment de toute activit\u00e9 sur votre compte. Le processus de t\u00e9l\u00e9chargement est rapide et simple, ce qui le rend convivial. Ce logiciel am\u00e9liore non seulement votre exp\u00e9rience Twitter, mais offre \u00e9galement la tranquillit\u00e9 d&rsquo;esprit en s\u00e9curisant votre pr\u00e9sence num\u00e9rique. Essayez de surveiller Twitter Lock d\u00e8s aujourd&rsquo;hui et exp\u00e9rimentez un nouveau niveau de contr\u00f4le sur votre compte Twitter.<\/p>\n","protected":false},"featured_media":143583,"comment_status":"open","ping_status":"open","template":"","meta":[],"product_brand":[2520],"product_cat":[1187,1181,1186],"product_tag":[1250],"class_list":{"0":"post-119928","1":"product","2":"type-product","3":"status-publish","4":"has-post-thumbnail","6":"product_brand-download-monitor","7":"product_cat-administration-wordpress-plugins","8":"product_cat-plugins","9":"product_cat-wordpress-plugins","10":"product_tag-download-monitor","11":"member-discount","12":"discount-restricted","14":"first","15":"instock","16":"sale","17":"downloadable","18":"virtual","19":"sold-individually","20":"purchasable","21":"product-type-simple"},"_links":{"self":[{"href":"https:\/\/gpl-love.com\/fr\/wp-json\/wp\/v2\/product\/119928","targetHints":{"allow":["GET"]}}],"collection":[{"href":"https:\/\/gpl-love.com\/fr\/wp-json\/wp\/v2\/product"}],"about":[{"href":"https:\/\/gpl-love.com\/fr\/wp-json\/wp\/v2\/types\/product"}],"replies":[{"embeddable":true,"href":"https:\/\/gpl-love.com\/fr\/wp-json\/wp\/v2\/comments?post=119928"}],"wp:featuredmedia":[{"embeddable":true,"href":"https:\/\/gpl-love.com\/fr\/wp-json\/wp\/v2\/media\/143583"}],"wp:attachment":[{"href":"https:\/\/gpl-love.com\/fr\/wp-json\/wp\/v2\/media?parent=119928"}],"wp:term":[{"taxonomy":"product_brand","embeddable":true,"href":"https:\/\/gpl-love.com\/fr\/wp-json\/wp\/v2\/product_brand?post=119928"},{"taxonomy":"product_cat","embeddable":true,"href":"https:\/\/gpl-love.com\/fr\/wp-json\/wp\/v2\/product_cat?post=119928"},{"taxonomy":"product_tag","embeddable":true,"href":"https:\/\/gpl-love.com\/fr\/wp-json\/wp\/v2\/product_tag?post=119928"}],"curies":[{"name":"wp","href":"https:\/\/api.w.org\/{rel}","templated":true}]}}