{"id":119926,"date":"2024-01-29T00:00:00","date_gmt":"2024-01-28T23:00:00","guid":{"rendered":"https:\/\/gpl-love.com\/fr\/produit\/download-monitor-terms-et-conditions\/"},"modified":"2026-03-20T23:01:29","modified_gmt":"2026-03-20T22:01:29","slug":"download-monitor-terms-et-conditions","status":"publish","type":"product","link":"https:\/\/gpl-love.com\/fr\/produit\/download-monitor-terms-et-conditions\/","title":{"rendered":"Download Monitor Terms et Conditions 4.1.2"},"content":{"rendered":"<h3>Download Monitor Terms et Conditions Traits<\/h3>\n<p>Les termes et conditions de t\u00e9l\u00e9chargement du moniteur, un document de politique remarquablement \u00e9tendu, d\u00e9limitent m\u00e9ticuleusement les termes et conditions r\u00e9gissant l&rsquo;utilisation du logiciel de t\u00e9l\u00e9chargement. Dans ce document, une myriade d&rsquo;aspects vitaux sont expos\u00e9s sur, y compris, mais sans s&rsquo;y limiter, les conditions d&rsquo;utilisation, le contrat de licence, les politiques de soutien et de maintenance, ainsi que les garanties et clauses de non-responsabilit\u00e9 associ\u00e9es au logiciel susmentionn\u00e9. Il est imp\u00e9ratif de noter qu&rsquo;en choisissant de t\u00e9l\u00e9charger et par la suite utiliser le logiciel, les utilisateurs s&rsquo;engagent sans \u00e9quivoque \u00e0 adh\u00e9rer aux stipulations et dispositions qui sont m\u00e9ticuleusement d\u00e9crites dans ce document. Par cons\u00e9quent, les termes et conditions du moniteur de t\u00e9l\u00e9chargement servent de moyen d&rsquo;\u00e9lucider de mani\u00e8re approfondie les privil\u00e8ges et les obligations qui sont intrins\u00e8quement li\u00e9s \u00e0 l&rsquo;utilisation du logiciel. De plus, ce document fonctionne comme une assurance que les utilisateurs rencontreront une exp\u00e9rience s\u00e9curis\u00e9e et fiable.<\/p>\n<ul>\n<li>Un mod\u00e8le de conditions g\u00e9n\u00e9rales enti\u00e8rement personnalisable pour votre moniteur de t\u00e9l\u00e9chargement<\/li>\n<li>D\u00e9finissez clairement vos conditions de service pour les utilisateurs t\u00e9l\u00e9chargeant vos produits num\u00e9riques<\/li>\n<li>Assurer la conformit\u00e9 aux normes de l&rsquo;industrie et aux exigences l\u00e9gales<\/li>\n<li>Facile \u00e0 installer et \u00e0 int\u00e9grer avec votre plate-forme de moniteur de t\u00e9l\u00e9chargement existant<\/li>\n<li>Langue personnalisable pour r\u00e9pondre aux besoins de votre entreprise et de vos clients<\/li>\n<li>Prot\u00e9gez vos droits et limitez les responsabilit\u00e9s lors de l&rsquo;offre de t\u00e9l\u00e9chargements num\u00e9riques<\/li>\n<li>Accessible \u00e0 tous les utilisateurs avant de t\u00e9l\u00e9charger vos produits<\/li>\n<li>Am\u00e9lioration de la transparence et de la confiance avec vos clients<\/li>\n<li>Processus de t\u00e9l\u00e9chargement simplifi\u00e9 en rendant les termes et conditions facilement disponibles.<\/li>\n<\/ul>\n","protected":false},"excerpt":{"rendered":"<p>D\u00e9couvrez un nouveau niveau de commodit\u00e9 et d&rsquo;efficacit\u00e9 avec nos termes et conditions de t\u00e9l\u00e9chargement. Ce service est con\u00e7u pour fournir un contr\u00f4le approfondi sur vos t\u00e9l\u00e9chargements de fichiers. Notre fonctionnalit\u00e9 de suivi unique conserve un enregistrement d\u00e9taill\u00e9 de chaque t\u00e9l\u00e9chargement, en vous assurant de rester inform\u00e9 de votre distribution de fichiers. Avec une interface facile \u00e0 utiliser, vous pouvez g\u00e9rer, surveiller et contr\u00f4ler sans effort les t\u00e9l\u00e9chargements de fichiers directement \u00e0 partir de votre tableau de bord. Le service propose \u00e9galement une fonctionnalit\u00e9 compl\u00e8te des termes et conditions, vous permettant de d\u00e9finir des r\u00e8gles et des directives sp\u00e9cifiques pour vos t\u00e9l\u00e9chargements. Cela prot\u00e8ge non seulement votre contenu num\u00e9rique, mais aide \u00e9galement \u00e0 maintenir un environnement de t\u00e9l\u00e9chargement s\u00fbr et s\u00e9curis\u00e9 pour vos utilisateurs. Profitez d&rsquo;une exp\u00e9rience num\u00e9rique sans tracas avec nos termes et conditions de t\u00e9l\u00e9chargement.<\/p>\n","protected":false},"featured_media":143582,"comment_status":"open","ping_status":"open","template":"","meta":[],"product_brand":[2520],"product_cat":[1189,1181,1186],"product_tag":[1250],"class_list":{"0":"post-119926","1":"product","2":"type-product","3":"status-publish","4":"has-post-thumbnail","6":"product_brand-download-monitor","7":"product_cat-personnalisation","8":"product_cat-plugins","9":"product_cat-wordpress-plugins","10":"product_tag-download-monitor","11":"member-discount","12":"discount-restricted","14":"first","15":"instock","16":"sale","17":"downloadable","18":"virtual","19":"sold-individually","20":"purchasable","21":"product-type-simple"},"_links":{"self":[{"href":"https:\/\/gpl-love.com\/fr\/wp-json\/wp\/v2\/product\/119926","targetHints":{"allow":["GET"]}}],"collection":[{"href":"https:\/\/gpl-love.com\/fr\/wp-json\/wp\/v2\/product"}],"about":[{"href":"https:\/\/gpl-love.com\/fr\/wp-json\/wp\/v2\/types\/product"}],"replies":[{"embeddable":true,"href":"https:\/\/gpl-love.com\/fr\/wp-json\/wp\/v2\/comments?post=119926"}],"wp:featuredmedia":[{"embeddable":true,"href":"https:\/\/gpl-love.com\/fr\/wp-json\/wp\/v2\/media\/143582"}],"wp:attachment":[{"href":"https:\/\/gpl-love.com\/fr\/wp-json\/wp\/v2\/media?parent=119926"}],"wp:term":[{"taxonomy":"product_brand","embeddable":true,"href":"https:\/\/gpl-love.com\/fr\/wp-json\/wp\/v2\/product_brand?post=119926"},{"taxonomy":"product_cat","embeddable":true,"href":"https:\/\/gpl-love.com\/fr\/wp-json\/wp\/v2\/product_cat?post=119926"},{"taxonomy":"product_tag","embeddable":true,"href":"https:\/\/gpl-love.com\/fr\/wp-json\/wp\/v2\/product_tag?post=119926"}],"curies":[{"name":"wp","href":"https:\/\/api.w.org\/{rel}","templated":true}]}}