{"id":119924,"date":"2025-08-08T00:00:00","date_gmt":"2025-08-07T22:00:00","guid":{"rendered":"https:\/\/gpl-love.com\/fr\/produit\/download-monitor-page-addon\/"},"modified":"2026-03-20T23:01:28","modified_gmt":"2026-03-20T22:01:28","slug":"download-monitor-page-addon","status":"publish","type":"product","link":"https:\/\/gpl-love.com\/fr\/produit\/download-monitor-page-addon\/","title":{"rendered":"Download Monitor Page Addon 4.4.1"},"content":{"rendered":"<h3>Download Monitor Page Addon Traits<\/h3>\n<p>La page de t\u00e9l\u00e9chargement de la page Addon, un outil indispensable pour les personnes cherchant \u00e0 superviser et \u00e0 gouverner efficacement leurs t\u00e9l\u00e9chargements, offre une int\u00e9gration transparente avec votre plugin de t\u00e9l\u00e9chargement existant. Cet addon remarquable pr\u00e9sente aux utilisateurs un tableau de bord convivial, permettant une surveillance et une analyse sans effort de ses t\u00e9l\u00e9chargements. La page de t\u00e9l\u00e9chargement de la page Addon permet aux utilisateurs de parcourir rapidement tous les t\u00e9l\u00e9chargements, de suivre les statistiques de t\u00e9l\u00e9chargement et m\u00eame de g\u00e9n\u00e9rer des rapports personnalis\u00e9s. Que l&rsquo;on g\u00e9re des fichiers pour un site Web ou une entreprise, cet addon simplifie la t\u00e2che de superviser les t\u00e9l\u00e9chargements et de maintenir l&rsquo;organisation. Avec son interface intuitive et ses fonctionnalit\u00e9s robustes, l&rsquo;addition de page de t\u00e9l\u00e9chargement de t\u00e9l\u00e9chargement est un atout essentiel pour les personnes visant \u00e0 rationaliser leur processus de gestion de t\u00e9l\u00e9chargement.<\/p>\n<ul>\n<li>Surveille et suit tous les t\u00e9l\u00e9chargements faits \u00e0 partir de votre site Web<\/li>\n<li>Vous permet d&rsquo;afficher les statistiques de t\u00e9l\u00e9chargement sur une page d\u00e9di\u00e9e dans le tableau de bord de votre site Web<\/li>\n<li>Fournit des rapports d\u00e9taill\u00e9s sur chaque fichier t\u00e9l\u00e9charg\u00e9, y compris la date et l&rsquo;heure du t\u00e9l\u00e9chargement, le nombre de t\u00e9l\u00e9chargements et l&rsquo;adresse IP du t\u00e9l\u00e9chargeur<\/li>\n<li>S&rsquo;int\u00e8gre parfaitement aux plateformes de site Web et de commerce \u00e9lectronique populaires, notamment WordPress, WooCommerce et les t\u00e9l\u00e9chargements num\u00e9riques faciles<\/li>\n<li>Vous permet de personnaliser la page de t\u00e9l\u00e9chargement des statistiques pour correspondre \u00e0 la marque de votre site Web<\/li>\n<li>Vous permet de configurer des notifications pour les nouveaux t\u00e9l\u00e9chargements, en vous assurant de rester inform\u00e9 en temps r\u00e9el<\/li>\n<li>Fournit une solution s\u00e9curis\u00e9e et fiable pour surveiller et suivre les t\u00e9l\u00e9chargements, aidant \u00e0 prot\u00e9ger votre site Web et son contenu<\/li>\n<li>Offre une installation et une configuration faciles, sans connaissances ou connaissances techniques requises<\/li>\n<li>R\u00e9guli\u00e8rement mis \u00e0 jour avec de nouvelles fonctionnalit\u00e9s et des corrections de bogues pour garantir des performances et des fonctionnalit\u00e9s maximales<\/li>\n<\/ul>\n","protected":false},"excerpt":{"rendered":"<p>Explorez notre nouvel Addon de page de t\u00e9l\u00e9chargement de t\u00e9l\u00e9chargement &#8211; Un outil essentiel pour tous les utilisateurs Web qui souhaitent suivre leurs t\u00e9l\u00e9chargements. Avec cet addon, vous pouvez surveiller tous vos t\u00e9l\u00e9chargements en un seul endroit, vous offrant un aper\u00e7u complet de vos fichiers t\u00e9l\u00e9charg\u00e9s. L&rsquo;addition de page de t\u00e9l\u00e9chargement de moniteur dispose d&rsquo;une interface conviviale, d&rsquo;une installation facile et d&rsquo;une vaste gamme d&rsquo;options de personnalisation. Il est compatible avec la plupart des syst\u00e8mes d&rsquo;exploitation et est livr\u00e9 avec un support client d\u00e9di\u00e9. Cet addon est une solution parfaite pour ceux qui souhaitent simplifier leur exp\u00e9rience de navigation Web et g\u00e9rer leurs t\u00e9l\u00e9chargements plus efficacement. Essayez la page de t\u00e9l\u00e9chargement de la page Addon d\u00e8s aujourd&rsquo;hui et \u00e9levez votre exp\u00e9rience de navigation Web.<\/p>\n","protected":false},"featured_media":143581,"comment_status":"open","ping_status":"open","template":"","meta":[],"product_brand":[2520],"product_cat":[1189,1181,1186],"product_tag":[1250],"class_list":{"0":"post-119924","1":"product","2":"type-product","3":"status-publish","4":"has-post-thumbnail","6":"product_brand-download-monitor","7":"product_cat-personnalisation","8":"product_cat-plugins","9":"product_cat-wordpress-plugins","10":"product_tag-download-monitor","11":"member-discount","12":"discount-restricted","14":"first","15":"instock","16":"sale","17":"downloadable","18":"virtual","19":"sold-individually","20":"purchasable","21":"product-type-simple"},"_links":{"self":[{"href":"https:\/\/gpl-love.com\/fr\/wp-json\/wp\/v2\/product\/119924","targetHints":{"allow":["GET"]}}],"collection":[{"href":"https:\/\/gpl-love.com\/fr\/wp-json\/wp\/v2\/product"}],"about":[{"href":"https:\/\/gpl-love.com\/fr\/wp-json\/wp\/v2\/types\/product"}],"replies":[{"embeddable":true,"href":"https:\/\/gpl-love.com\/fr\/wp-json\/wp\/v2\/comments?post=119924"}],"wp:featuredmedia":[{"embeddable":true,"href":"https:\/\/gpl-love.com\/fr\/wp-json\/wp\/v2\/media\/143581"}],"wp:attachment":[{"href":"https:\/\/gpl-love.com\/fr\/wp-json\/wp\/v2\/media?parent=119924"}],"wp:term":[{"taxonomy":"product_brand","embeddable":true,"href":"https:\/\/gpl-love.com\/fr\/wp-json\/wp\/v2\/product_brand?post=119924"},{"taxonomy":"product_cat","embeddable":true,"href":"https:\/\/gpl-love.com\/fr\/wp-json\/wp\/v2\/product_cat?post=119924"},{"taxonomy":"product_tag","embeddable":true,"href":"https:\/\/gpl-love.com\/fr\/wp-json\/wp\/v2\/product_tag?post=119924"}],"curies":[{"name":"wp","href":"https:\/\/api.w.org\/{rel}","templated":true}]}}