{"id":119922,"date":"2025-08-08T00:00:00","date_gmt":"2025-08-07T22:00:00","guid":{"rendered":"https:\/\/gpl-love.com\/fr\/produit\/download-monitor-ninja-forms-lock\/"},"modified":"2026-03-20T23:01:28","modified_gmt":"2026-03-20T22:01:28","slug":"download-monitor-ninja-forms-lock","status":"publish","type":"product","link":"https:\/\/gpl-love.com\/fr\/produit\/download-monitor-ninja-forms-lock\/","title":{"rendered":"Download Monitor Ninja Forms Lock 5.0.1"},"content":{"rendered":"<h3>Download Monitor Ninja Forms Lock Traits<\/h3>\n<p>T\u00e9l\u00e9charger Monitor Ninja Forms Lock est un outil incroyablement robuste et efficace qui vous donne la possibilit\u00e9 de prot\u00e9ger vos produits num\u00e9riques et de garder sans effort un \u0153il sur leur statut de t\u00e9l\u00e9chargement. En utilisant ce plugin exceptionnel, vous avez la capacit\u00e9 d&rsquo;int\u00e9grer de mani\u00e8re transparente les formulaires Ninja avec le moniteur de t\u00e9l\u00e9chargement, imposant ainsi des restrictions d&rsquo;acc\u00e8s \u00e0 votre contenu t\u00e9l\u00e9chargeable conform\u00e9ment aux soumissions de formulaires utilisateur. Par cons\u00e9quent, seules les personnes qui ont d\u00fbment soumis le formulaire requise se verront accorder le privil\u00e8ge de t\u00e9l\u00e9charger votre produit. De plus, vous avez l&rsquo;avantage suppl\u00e9mentaire de pouvoir surveiller le nombre de t\u00e9l\u00e9chargements pour chaque produit individuel et d&rsquo;\u00e9tablir des limitations de t\u00e9l\u00e9chargement, facilitant la gestion efficace de vos actifs num\u00e9riques. Pour r\u00e9sumer, t\u00e9l\u00e9chargez le verrouillage des formulaires Ninja de moniteur est un outil indispensable pour tous ceux qui cherchent \u00e0 fortifier la s\u00e9curit\u00e9 de leurs produits num\u00e9riques tout en poss\u00e9dant simultan\u00e9ment la possibilit\u00e9 de surveiller de pr\u00e8s leur activit\u00e9 de t\u00e9l\u00e9chargement.<\/p>\n<ul>\n<li>Fournit un moyen s\u00e9curis\u00e9 de verrouiller les t\u00e9l\u00e9chargements \u00e0 l&rsquo;aide de formulaires Ninja.<\/li>\n<li>Installation et int\u00e9gration faciles dans votre site WordPress.<\/li>\n<li>Param\u00e8tres de verrouillage personnalisables, tels que la protection par mot de passe ou la v\u00e9rification par e-mail.<\/li>\n<li>Analyse en temps r\u00e9el et rapport pour suivre l&rsquo;activit\u00e9 de t\u00e9l\u00e9chargement.<\/li>\n<li>Peut se connecter \u00e0 plusieurs plateformes de marketing par e-mail pour plus de fonctionnalit\u00e9s.<\/li>\n<li>Compatible avec un large \u00e9ventail de types de fichiers et de tailles.<\/li>\n<li>Boose la s\u00e9curit\u00e9 du site Web en emp\u00eachant l&rsquo;acc\u00e8s non autoris\u00e9 aux fichiers.<\/li>\n<li>Vous permet de restreindre l&rsquo;acc\u00e8s \u00e0 des utilisateurs sp\u00e9cifiques ou \u00e0 des r\u00f4les utilisateur.<\/li>\n<li>Fournit une exp\u00e9rience utilisateur transparente, avec une interface simple et intuitive.<\/li>\n<li>Mises \u00e0 jour r\u00e9guli\u00e8res et soutien de l&rsquo;\u00e9quipe des d\u00e9veloppeurs.<\/li>\n<\/ul>\n","protected":false},"excerpt":{"rendered":"<p>Monitor Ninja Forms Lock est un outil innovant, facile \u00e0 utiliser et tr\u00e8s fiable con\u00e7u pour une int\u00e9gration transparente avec votre site Web. Ce plugin exceptionnel vous permet de verrouiller et de g\u00e9rer efficacement vos fichiers de t\u00e9l\u00e9chargement, ce qui en fait une solution id\u00e9ale pour les entreprises et les individus qui cherchent \u00e0 stimuler l&rsquo;efficacit\u00e9 et la productivit\u00e9. Les utilisateurs peuvent facilement d\u00e9bloquer les t\u00e9l\u00e9chargements \u00e0 l&rsquo;aide de formulaires Ninja, am\u00e9liorant l&rsquo;interactivit\u00e9 et l&rsquo;engagement de leur site. Avec le verrouillage des formulaires Ninja, vous b\u00e9n\u00e9ficierez d&rsquo;une s\u00e9curit\u00e9, d&rsquo;un contr\u00f4le et d&rsquo;une tranquillit\u00e9 d&rsquo;esprit am\u00e9lior\u00e9s. T\u00e9l\u00e9chargez aujourd&rsquo;hui et faites l&rsquo;exp\u00e9rience de la diff\u00e9rence pour vous-m\u00eame.<\/p>\n","protected":false},"featured_media":143580,"comment_status":"open","ping_status":"open","template":"","meta":[],"product_brand":[2520],"product_cat":[1189,1181,1186],"product_tag":[1250],"class_list":{"0":"post-119922","1":"product","2":"type-product","3":"status-publish","4":"has-post-thumbnail","6":"product_brand-download-monitor","7":"product_cat-personnalisation","8":"product_cat-plugins","9":"product_cat-wordpress-plugins","10":"product_tag-download-monitor","11":"member-discount","12":"discount-restricted","14":"first","15":"instock","16":"sale","17":"downloadable","18":"virtual","19":"sold-individually","20":"purchasable","21":"product-type-simple"},"_links":{"self":[{"href":"https:\/\/gpl-love.com\/fr\/wp-json\/wp\/v2\/product\/119922","targetHints":{"allow":["GET"]}}],"collection":[{"href":"https:\/\/gpl-love.com\/fr\/wp-json\/wp\/v2\/product"}],"about":[{"href":"https:\/\/gpl-love.com\/fr\/wp-json\/wp\/v2\/types\/product"}],"replies":[{"embeddable":true,"href":"https:\/\/gpl-love.com\/fr\/wp-json\/wp\/v2\/comments?post=119922"}],"wp:featuredmedia":[{"embeddable":true,"href":"https:\/\/gpl-love.com\/fr\/wp-json\/wp\/v2\/media\/143580"}],"wp:attachment":[{"href":"https:\/\/gpl-love.com\/fr\/wp-json\/wp\/v2\/media?parent=119922"}],"wp:term":[{"taxonomy":"product_brand","embeddable":true,"href":"https:\/\/gpl-love.com\/fr\/wp-json\/wp\/v2\/product_brand?post=119922"},{"taxonomy":"product_cat","embeddable":true,"href":"https:\/\/gpl-love.com\/fr\/wp-json\/wp\/v2\/product_cat?post=119922"},{"taxonomy":"product_tag","embeddable":true,"href":"https:\/\/gpl-love.com\/fr\/wp-json\/wp\/v2\/product_tag?post=119922"}],"curies":[{"name":"wp","href":"https:\/\/api.w.org\/{rel}","templated":true}]}}