{"id":119920,"date":"2025-08-08T00:00:00","date_gmt":"2025-08-07T22:00:00","guid":{"rendered":"https:\/\/gpl-love.com\/fr\/produit\/download-monitor-mailchimp-lock\/"},"modified":"2026-03-20T23:01:27","modified_gmt":"2026-03-20T22:01:27","slug":"download-monitor-mailchimp-lock","status":"publish","type":"product","link":"https:\/\/gpl-love.com\/fr\/produit\/download-monitor-mailchimp-lock\/","title":{"rendered":"Download Monitor MailChimp Lock 5.0.2"},"content":{"rendered":"<h3>Download Monitor MailChimp Lock Traits<\/h3>\n<p>Le t\u00e9l\u00e9chargement de t\u00e9l\u00e9chargement Mailchimp Lock s&rsquo;av\u00e8re \u00eatre un plugin extr\u00eamement b\u00e9n\u00e9fique pour les personnes qui poss\u00e8dent des sites Web et qui souhaitent augmenter le nombre de leurs abonn\u00e9s par e-mail. En employant ce plugin, les utilisateurs ont la possibilit\u00e9 de fournir \u00e0 leurs abonn\u00e9s des t\u00e9l\u00e9chargements exclusifs, garantissant ainsi que les personnes uniquement enregistr\u00e9es avec leurs adresses e-mail respectives seront autoris\u00e9es \u00e0 acc\u00e9der aux fichiers d\u00e9sign\u00e9s. Cette tactique ing\u00e9nieuse sert un excellent moyen de motiver les visiteurs \u00e0 s&rsquo;inscrire \u00e0 des newsletters ou \u00e0 des mises \u00e0 jour par e-mail, \u00e0 la lumi\u00e8re du fait qu&rsquo;ils seront r\u00e9compens\u00e9s par un contenu inestimable qui reste inaccessible aux non-abonn\u00e9s. De plus, le plugin lui-m\u00eame poss\u00e8de une interface remarquablement conviviale et s&rsquo;int\u00e8gre de mani\u00e8re transparente \u00e0 MailChimp, ce qui le rend un actif indispensable pour tout propri\u00e9taire de site Web avec des aspirations d&rsquo;\u00e9largir sa liste de messagerie.<\/p>\n<ul>\n<li>Verrouiller en toute s\u00e9curit\u00e9 le contenu t\u00e9l\u00e9chargeable derri\u00e8re un mur d&rsquo;abonnement<\/li>\n<li>Int\u00e9grez de mani\u00e8re transparente \u00e0 MailChimp pour capturer les adresses e-mail et g\u00e9rer les abonn\u00e9s<\/li>\n<li>Gardez une trace des t\u00e9l\u00e9chargements et surveillez les statistiques d&rsquo;utilisation<\/li>\n<li>Personnalisez le verrouillage avec des messages configurables et des \u00e9tiquettes de bouton<\/li>\n<li>Automatisez le processus avec des versions de contenu planifi\u00e9es et des options de d\u00e9verrouillage chronom\u00e9tr\u00e9es<\/li>\n<li>Fonctionne avec une vari\u00e9t\u00e9 de types de fichiers, notamment des PDF, des fichiers audio et du contenu vid\u00e9o<\/li>\n<\/ul>\n","protected":false},"excerpt":{"rendered":"<p>Le moniteur de t\u00e9l\u00e9chargement MailChimp Lock est un plugin premium qui int\u00e8gre de mani\u00e8re transparente votre moniteur de t\u00e9l\u00e9chargement avec votre compte MailChimp. Il vous permet de verrouiller vos t\u00e9l\u00e9chargements derri\u00e8re un formulaire d&rsquo;abonnement MailChimp, garantissant que seuls les abonn\u00e9s MailChimp ont acc\u00e8s \u00e0 vos t\u00e9l\u00e9chargements. Il s&rsquo;agit d&rsquo;un excellent outil pour d\u00e9velopper votre liste de diffusion et am\u00e9liorer vos efforts de marketing par e-mail. Autrement dit, vos utilisateurs devront s&rsquo;abonner \u00e0 votre liste MailChimp avant de pouvoir t\u00e9l\u00e9charger le fichier. Le verrouillage de t\u00e9l\u00e9chargement du moniteur Mailchimp est simple \u00e0 configurer, facile \u00e0 utiliser et enti\u00e8rement personnalisable, ce qui en fait un ajout pr\u00e9cieux \u00e0 toute entreprise ou blog en ligne. Profitez des avantages de l&rsquo;augmentation de l&rsquo;engagement et de la croissance des abonn\u00e9s avec le verrouillage de t\u00e9l\u00e9chargement du moniteur Mailchimp.<\/p>\n","protected":false},"featured_media":143579,"comment_status":"open","ping_status":"open","template":"","meta":[],"product_brand":[2520],"product_cat":[1187,1181,1186],"product_tag":[1250],"class_list":{"0":"post-119920","1":"product","2":"type-product","3":"status-publish","4":"has-post-thumbnail","6":"product_brand-download-monitor","7":"product_cat-administration-wordpress-plugins","8":"product_cat-plugins","9":"product_cat-wordpress-plugins","10":"product_tag-download-monitor","11":"member-discount","12":"discount-restricted","14":"first","15":"instock","16":"sale","17":"downloadable","18":"virtual","19":"sold-individually","20":"purchasable","21":"product-type-simple"},"_links":{"self":[{"href":"https:\/\/gpl-love.com\/fr\/wp-json\/wp\/v2\/product\/119920","targetHints":{"allow":["GET"]}}],"collection":[{"href":"https:\/\/gpl-love.com\/fr\/wp-json\/wp\/v2\/product"}],"about":[{"href":"https:\/\/gpl-love.com\/fr\/wp-json\/wp\/v2\/types\/product"}],"replies":[{"embeddable":true,"href":"https:\/\/gpl-love.com\/fr\/wp-json\/wp\/v2\/comments?post=119920"}],"wp:featuredmedia":[{"embeddable":true,"href":"https:\/\/gpl-love.com\/fr\/wp-json\/wp\/v2\/media\/143579"}],"wp:attachment":[{"href":"https:\/\/gpl-love.com\/fr\/wp-json\/wp\/v2\/media?parent=119920"}],"wp:term":[{"taxonomy":"product_brand","embeddable":true,"href":"https:\/\/gpl-love.com\/fr\/wp-json\/wp\/v2\/product_brand?post=119920"},{"taxonomy":"product_cat","embeddable":true,"href":"https:\/\/gpl-love.com\/fr\/wp-json\/wp\/v2\/product_cat?post=119920"},{"taxonomy":"product_tag","embeddable":true,"href":"https:\/\/gpl-love.com\/fr\/wp-json\/wp\/v2\/product_tag?post=119920"}],"curies":[{"name":"wp","href":"https:\/\/api.w.org\/{rel}","templated":true}]}}