{"id":119918,"date":"2025-08-08T00:00:00","date_gmt":"2025-08-07T22:00:00","guid":{"rendered":"https:\/\/gpl-love.com\/fr\/produit\/download-monitor-gravity-forms-lock\/"},"modified":"2026-03-20T23:01:26","modified_gmt":"2026-03-20T22:01:26","slug":"download-monitor-gravity-forms-lock","status":"publish","type":"product","link":"https:\/\/gpl-love.com\/fr\/produit\/download-monitor-gravity-forms-lock\/","title":{"rendered":"Download Monitor Gravity Forms Lock 5.0.2"},"content":{"rendered":"<h3>Download Monitor Gravity Forms Lock Traits<\/h3>\n<p>T\u00e9l\u00e9charger Monitor Gravity Forms Lock est un plugin WordPress extr\u00eamement robuste et influent qui offre la capacit\u00e9 de limiter sans effort l&rsquo;acc\u00e8s \u00e0 vos fichiers t\u00e9l\u00e9chargeables. En utilisant ce plugin exceptionnel, vous avez la possibilit\u00e9 de g\u00e9n\u00e9rer des liens de t\u00e9l\u00e9chargement s\u00e9curis\u00e9s impr\u00e9gnents exclusivement accessibles aux utilisateurs qui ont r\u00e9ussi un formulaire de gravit\u00e9. Cela implique que vous pouvez exploiter la puissance et l&rsquo;adaptabilit\u00e9 des formulaires de gravit\u00e9 afin d&rsquo;amasser des informations utilisateur, des d\u00e9tails de paiement ou toute autre donn\u00e9e essentielle avant d&rsquo;autoriser l&rsquo;entr\u00e9e \u00e0 vos fichiers. De plus, le verrouillage des formulaires de gravit\u00e9 du moniteur de t\u00e9l\u00e9chargement est encore enrichi de fonctionnalit\u00e9s avanc\u00e9es telles que des restrictions de t\u00e9l\u00e9chargement, des messages personnalis\u00e9s et des r\u00f4les utilisateur, vous donnant ainsi une domination compl\u00e8te sur qui est autoris\u00e9 \u00e0 t\u00e9l\u00e9charger vos fichiers et lorsque cet acc\u00e8s est accord\u00e9. Enti\u00e8rement adapt\u00e9 aux personnes engag\u00e9es dans la commercialisation de produits num\u00e9riques, en dispensant des t\u00e9l\u00e9chargements gratuits ou en aspirant simplement \u00e0 exercer un contr\u00f4le sur l&rsquo;accessibilit\u00e9 de leur contenu, le verrouillage des formulaires de gravit\u00e9 du moniteur est apparu comme la solution par excellence.<\/p>\n<ul>\n<li>Emp\u00eacher les t\u00e9l\u00e9chargements non autoris\u00e9s de fichiers li\u00e9s aux formulaires de gravit\u00e9<\/li>\n<li>Verrouiller facilement des formulaires sp\u00e9cifiques ou des t\u00e9l\u00e9chargements de fichiers individuels<\/li>\n<li>Contr\u00f4ler l&rsquo;acc\u00e8s aux t\u00e9l\u00e9chargements par un r\u00f4le utilisateur ou des utilisateurs sp\u00e9cifiques<\/li>\n<li>Personnaliser les messages de verrouillage pour les utilisateurs qui tentent de t\u00e9l\u00e9charger sans autorisation<\/li>\n<li>Voir l&rsquo;historique de t\u00e9l\u00e9chargement et suivre l&rsquo;activit\u00e9 utilisateur<\/li>\n<li>Int\u00e9grez parfaitement avec d&rsquo;autres extensions de formes de gravit\u00e9 et plugins<\/li>\n<li>Processus d&rsquo;installation et de configuration simple<\/li>\n<li>Mises \u00e0 jour r\u00e9guli\u00e8res et assistance fournies par le d\u00e9veloppeur.<\/li>\n<\/ul>\n","protected":false},"excerpt":{"rendered":"<p>D\u00e9couvrez la puissance de t\u00e9l\u00e9chargement des formulaires de gravit\u00e9 des formulaires, un outil inestimable pour les propri\u00e9taires de sites Web et les entreprises en ligne. Ce logiciel innovant vous permet de s\u00e9curiser votre contenu et votre contr\u00f4le t\u00e9l\u00e9chargeables qui peuvent y acc\u00e9der, vous offrant la tranquillit\u00e9 d&rsquo;esprit et la protection. Avec Gravity Forms Lock, vous pouvez cr\u00e9er des formulaires d\u00e9taill\u00e9s que les utilisateurs doivent remplir pour acc\u00e9der \u00e0 vos t\u00e9l\u00e9chargements. Cela peut \u00eatre n&rsquo;importe quoi, d&rsquo;un simple nom de nom et de collection de messagerie vers un questionnaire d\u00e9taill\u00e9. Cette fonctionnalit\u00e9 ajoute non seulement une couche de s\u00e9curit\u00e9 suppl\u00e9mentaire, mais vous permet \u00e9galement de recueillir des informations pr\u00e9cieuses sur vos utilisateurs. Il s&rsquo;int\u00e8gre de mani\u00e8re transparente aux formes de gravit\u00e9, l&rsquo;un des plugins de cr\u00e9ation de formulaires les plus fiables, ce qui en fait un jeu d&rsquo;enfant pour concevoir et mettre en \u0153uvre vos formulaires. T\u00e9l\u00e9charger Monitor Gravity Forms Lock est facile \u00e0 utiliser et parfait pour tous ceux qui cherchent \u00e0 prot\u00e9ger leur contenu num\u00e9rique tout en obtenant des informations sur leur public. T\u00e9l\u00e9chargez-le aujourd&rsquo;hui et exp\u00e9rimentez la combinaison de la protection et de la collecte de donn\u00e9es qu&rsquo;il offre.<\/p>\n","protected":false},"featured_media":143578,"comment_status":"open","ping_status":"open","template":"","meta":[],"product_brand":[2520],"product_cat":[1187,1181,1186],"product_tag":[1250],"class_list":{"0":"post-119918","1":"product","2":"type-product","3":"status-publish","4":"has-post-thumbnail","6":"product_brand-download-monitor","7":"product_cat-administration-wordpress-plugins","8":"product_cat-plugins","9":"product_cat-wordpress-plugins","10":"product_tag-download-monitor","11":"member-discount","12":"discount-restricted","14":"first","15":"instock","16":"sale","17":"downloadable","18":"virtual","19":"sold-individually","20":"purchasable","21":"product-type-simple"},"_links":{"self":[{"href":"https:\/\/gpl-love.com\/fr\/wp-json\/wp\/v2\/product\/119918","targetHints":{"allow":["GET"]}}],"collection":[{"href":"https:\/\/gpl-love.com\/fr\/wp-json\/wp\/v2\/product"}],"about":[{"href":"https:\/\/gpl-love.com\/fr\/wp-json\/wp\/v2\/types\/product"}],"replies":[{"embeddable":true,"href":"https:\/\/gpl-love.com\/fr\/wp-json\/wp\/v2\/comments?post=119918"}],"wp:featuredmedia":[{"embeddable":true,"href":"https:\/\/gpl-love.com\/fr\/wp-json\/wp\/v2\/media\/143578"}],"wp:attachment":[{"href":"https:\/\/gpl-love.com\/fr\/wp-json\/wp\/v2\/media?parent=119918"}],"wp:term":[{"taxonomy":"product_brand","embeddable":true,"href":"https:\/\/gpl-love.com\/fr\/wp-json\/wp\/v2\/product_brand?post=119918"},{"taxonomy":"product_cat","embeddable":true,"href":"https:\/\/gpl-love.com\/fr\/wp-json\/wp\/v2\/product_cat?post=119918"},{"taxonomy":"product_tag","embeddable":true,"href":"https:\/\/gpl-love.com\/fr\/wp-json\/wp\/v2\/product_tag?post=119918"}],"curies":[{"name":"wp","href":"https:\/\/api.w.org\/{rel}","templated":true}]}}