{"id":119916,"date":"2025-08-09T00:00:00","date_gmt":"2025-08-08T22:00:00","guid":{"rendered":"https:\/\/gpl-love.com\/fr\/produit\/download-monitor-google-drive\/"},"modified":"2026-03-20T23:01:25","modified_gmt":"2026-03-20T22:01:25","slug":"download-monitor-google-drive","status":"publish","type":"product","link":"https:\/\/gpl-love.com\/fr\/produit\/download-monitor-google-drive\/","title":{"rendered":"Download Monitor Google Drive 4.1.1"},"content":{"rendered":"<h3>Download Monitor Google Drive Traits<\/h3>\n<p>Le moniteur de t\u00e9l\u00e9chargement Google Drive est un outil incroyablement robuste et efficace qui offre la commodit\u00e9 de surveiller et de superviser sans effort les t\u00e9l\u00e9chargements \u00e0 partir de votre compte Google Drive. Ce logiciel poss\u00e8de de nombreuses fonctionnalit\u00e9s qui vous permettent non seulement de suivre la progression de vos t\u00e9l\u00e9chargements, mais \u00e9galement d&rsquo;acc\u00e9der rapidement \u00e0 des fichiers vitaux et de g\u00e9rer efficacement vos fichiers de mani\u00e8re transparente. Le moniteur de t\u00e9l\u00e9chargement Google Drive am\u00e9liore encore votre exp\u00e9rience en fournissant une interface con\u00e7ue intuitivement, vous accordant un acc\u00e8s instantan\u00e9 \u00e0 tous vos fichiers et dossiers, simplifiant ainsi la gestion de vos t\u00e9l\u00e9chargements \u00e0 partir de plusieurs sources. Sans aucun doute, ce logiciel est une n\u00e9cessit\u00e9 absolue pour les personnes qui utilisent fr\u00e9quemment Google Drive et Aspire pour rationaliser leur processus de gestion des fichiers. Il sert de solution incroyablement efficace, vous \u00e9quipant des outils n\u00e9cessaires pour optimiser votre productivit\u00e9 et maintenir une organisation impeccable.<\/p>\n<ul>\n<li>Suivre et g\u00e9rer les t\u00e9l\u00e9chargements depuis Google Drive<\/li>\n<li>Surveiller l&rsquo;activit\u00e9 de t\u00e9l\u00e9chargement et les statistiques<\/li>\n<li>Automatiser les processus de partage de fichiers et de t\u00e9l\u00e9chargement<\/li>\n<li>Personnaliser les autorisations de t\u00e9l\u00e9chargement et les restrictions<\/li>\n<li>Int\u00e9grez \u00e0 d&rsquo;autres applications Google comme les documents, les feuilles et les diapositives<\/li>\n<li>Acc\u00e9dez et partagez des fichiers \u00e0 partir de n&rsquo;importe o\u00f9 avec la connexion Internet<\/li>\n<li>Am\u00e9liorer la collaboration et la productivit\u00e9 au sein des \u00e9quipes et des projets<\/li>\n<li>Assurer la s\u00e9curit\u00e9 et la confidentialit\u00e9 des fichiers avec la protection des mots de passe et les param\u00e8tres de confidentialit\u00e9<\/li>\n<li>Organiser et cat\u00e9goriser efficacement des fichiers pour un acc\u00e8s et une gestion faciles<\/li>\n<\/ul>\n","protected":false},"excerpt":{"rendered":"<p>T\u00e9l\u00e9charger Monitor Google Drive est une application de pointe qui facilite la gestion de vos t\u00e9l\u00e9chargements directement \u00e0 partir de votre Google Drive, offrant une exp\u00e9rience transparente et efficace. Cet outil est con\u00e7u pour int\u00e9grer sans effort avec votre Google Drive, vous permettant de surveiller les t\u00e9l\u00e9chargements, de suivre les progr\u00e8s et d&rsquo;organiser efficacement vos fichiers. Avec cette application, vous pouvez facilement acc\u00e9der \u00e0 vos documents importants, vid\u00e9os, photos et plus encore, sans les tracas du suivi manuel. Dot\u00e9 d&rsquo;une interface conviviale, T\u00e9l\u00e9charger Monitor Google Drive garantit que vous avez un contr\u00f4le complet sur vos t\u00e9l\u00e9chargements. Am\u00e9liorez votre exp\u00e9rience Google Drive avec ce moniteur de t\u00e9l\u00e9chargement fiable et pratique.<\/p>\n","protected":false},"featured_media":143577,"comment_status":"open","ping_status":"open","template":"","meta":[],"product_brand":[2520],"product_cat":[1187,1181,1186],"product_tag":[1250],"class_list":{"0":"post-119916","1":"product","2":"type-product","3":"status-publish","4":"has-post-thumbnail","6":"product_brand-download-monitor","7":"product_cat-administration-wordpress-plugins","8":"product_cat-plugins","9":"product_cat-wordpress-plugins","10":"product_tag-download-monitor","11":"member-discount","12":"discount-restricted","14":"first","15":"instock","16":"sale","17":"downloadable","18":"virtual","19":"sold-individually","20":"purchasable","21":"product-type-simple"},"_links":{"self":[{"href":"https:\/\/gpl-love.com\/fr\/wp-json\/wp\/v2\/product\/119916","targetHints":{"allow":["GET"]}}],"collection":[{"href":"https:\/\/gpl-love.com\/fr\/wp-json\/wp\/v2\/product"}],"about":[{"href":"https:\/\/gpl-love.com\/fr\/wp-json\/wp\/v2\/types\/product"}],"replies":[{"embeddable":true,"href":"https:\/\/gpl-love.com\/fr\/wp-json\/wp\/v2\/comments?post=119916"}],"wp:featuredmedia":[{"embeddable":true,"href":"https:\/\/gpl-love.com\/fr\/wp-json\/wp\/v2\/media\/143577"}],"wp:attachment":[{"href":"https:\/\/gpl-love.com\/fr\/wp-json\/wp\/v2\/media?parent=119916"}],"wp:term":[{"taxonomy":"product_brand","embeddable":true,"href":"https:\/\/gpl-love.com\/fr\/wp-json\/wp\/v2\/product_brand?post=119916"},{"taxonomy":"product_cat","embeddable":true,"href":"https:\/\/gpl-love.com\/fr\/wp-json\/wp\/v2\/product_cat?post=119916"},{"taxonomy":"product_tag","embeddable":true,"href":"https:\/\/gpl-love.com\/fr\/wp-json\/wp\/v2\/product_tag?post=119916"}],"curies":[{"name":"wp","href":"https:\/\/api.w.org\/{rel}","templated":true}]}}