{"id":119914,"date":"2025-08-08T00:00:00","date_gmt":"2025-08-07T22:00:00","guid":{"rendered":"https:\/\/gpl-love.com\/fr\/produit\/download-monitor-email-notification\/"},"modified":"2026-03-20T23:01:24","modified_gmt":"2026-03-20T22:01:24","slug":"download-monitor-email-notification","status":"publish","type":"product","link":"https:\/\/gpl-love.com\/fr\/produit\/download-monitor-email-notification\/","title":{"rendered":"Download Monitor Email Notification 4.2.2"},"content":{"rendered":"<h3>Download Monitor Email Notification Traits<\/h3>\n<p>La notification par e-mail de t\u00e9l\u00e9chargement est un outil indispensable que les individus peuvent utiliser pour rester \u00e0 jour avec l&rsquo;\u00e9tat actuel de leurs t\u00e9l\u00e9chargements. Ce produit particulier propose des notifications par e-mail instantan\u00e9es qui informent les individus de toute modification du statut de t\u00e9l\u00e9chargement, que ce soit la r\u00e9ussite d&rsquo;un t\u00e9l\u00e9chargement ou de l&rsquo;occurrence d&rsquo;une erreur pendant le processus. En utilisant cet outil remarquable, on peut surveiller sans effort plusieurs t\u00e9l\u00e9chargements sans avoir besoin d&rsquo;inspecter fascin\u00e9 le statut manuellement. En outre, ces notifications par e-mail permettent de prendre des mesures rapides dans le cas o\u00f9 toutes les complications surviennent pendant le t\u00e9l\u00e9chargement, offrant ainsi aux individus un sentiment de tranquillit\u00e9 et aidant \u00e0 pr\u00e9venir les probl\u00e8mes potentiels. Dans l&rsquo;ensemble, la notification par e-mail de t\u00e9l\u00e9chargement est un produit exceptionnel qui non seulement gagne du temps mais garantit \u00e9galement que les individus restent bien inform\u00e9s concernant leurs t\u00e9l\u00e9chargements.<\/p>\n<ul>\n<li>Notifications par e-mail en temps r\u00e9el pour l&rsquo;activit\u00e9 de t\u00e9l\u00e9chargement<\/li>\n<li>Possibilit\u00e9 de personnaliser les mod\u00e8les de messagerie<\/li>\n<li>Int\u00e9gration avec des plateformes de marketing par e-mail populaires<\/li>\n<li>Informations d\u00e9taill\u00e9es sur les t\u00e9l\u00e9chargements, y compris la date, l&rsquo;heure et les informations utilisateur<\/li>\n<li>Processus d&rsquo;installation et de configuration facile<\/li>\n<li>Compatible avec WordPress et d&rsquo;autres plates-formes CMS<\/li>\n<li>Option pour recevoir des e-mails de r\u00e9sum\u00e9 quotidien ou hebdomadaire<\/li>\n<li>Possibilit\u00e9 de d\u00e9sactiver les notifications par e-mail pour des t\u00e9l\u00e9chargements ou des utilisateurs sp\u00e9cifiques<\/li>\n<li>Am\u00e9liore la s\u00e9curit\u00e9 du site Web en permettant la surveillance et le suivi de l&rsquo;activit\u00e9 de t\u00e9l\u00e9chargement<\/li>\n<\/ul>\n","protected":false},"excerpt":{"rendered":"<p>Restez au-dessus de vos t\u00e9l\u00e9chargements avec la notification par e-mail de t\u00e9l\u00e9chargement. Cet outil facile \u00e0 utiliser vous permet de suivre et de g\u00e9rer vos t\u00e9l\u00e9chargements efficacement, vous envoyant des notifications par e-mail invites chaque fois qu&rsquo;il y a un changement ou une mise \u00e0 jour. Avec cette fonctionnalit\u00e9 unique, vous pouvez acc\u00e9der instantan\u00e9ment \u00e0 votre statut de t\u00e9l\u00e9chargement, en vous assurant que vous \u00eates toujours dans la boucle. Dites adieu \u00e0 la v\u00e9rification constante de votre statut de t\u00e9l\u00e9chargement et bonjour \u00e0 la commodit\u00e9 des notifications par e-mail. La notification par e-mail de t\u00e9l\u00e9chargement est votre assistant de t\u00e9l\u00e9chargement personnel, vous tienant inform\u00e9 et mis \u00e0 jour \u00e0 tout moment. Profitez de la facilit\u00e9 d&rsquo;utilisation et de la tranquillit\u00e9 d&rsquo;esprit qui vient de savoir que vous \u00eates toujours au courant de vos t\u00e9l\u00e9chargements.<\/p>\n","protected":false},"featured_media":143576,"comment_status":"open","ping_status":"open","template":"","meta":[],"product_brand":[2520],"product_cat":[1232,1181,1186],"product_tag":[1250],"class_list":{"0":"post-119914","1":"product","2":"type-product","3":"status-publish","4":"has-post-thumbnail","6":"product_brand-download-monitor","7":"product_cat-social","8":"product_cat-plugins","9":"product_cat-wordpress-plugins","10":"product_tag-download-monitor","11":"member-discount","12":"discount-restricted","14":"first","15":"instock","16":"sale","17":"downloadable","18":"virtual","19":"sold-individually","20":"purchasable","21":"product-type-simple"},"_links":{"self":[{"href":"https:\/\/gpl-love.com\/fr\/wp-json\/wp\/v2\/product\/119914","targetHints":{"allow":["GET"]}}],"collection":[{"href":"https:\/\/gpl-love.com\/fr\/wp-json\/wp\/v2\/product"}],"about":[{"href":"https:\/\/gpl-love.com\/fr\/wp-json\/wp\/v2\/types\/product"}],"replies":[{"embeddable":true,"href":"https:\/\/gpl-love.com\/fr\/wp-json\/wp\/v2\/comments?post=119914"}],"wp:featuredmedia":[{"embeddable":true,"href":"https:\/\/gpl-love.com\/fr\/wp-json\/wp\/v2\/media\/143576"}],"wp:attachment":[{"href":"https:\/\/gpl-love.com\/fr\/wp-json\/wp\/v2\/media?parent=119914"}],"wp:term":[{"taxonomy":"product_brand","embeddable":true,"href":"https:\/\/gpl-love.com\/fr\/wp-json\/wp\/v2\/product_brand?post=119914"},{"taxonomy":"product_cat","embeddable":true,"href":"https:\/\/gpl-love.com\/fr\/wp-json\/wp\/v2\/product_cat?post=119914"},{"taxonomy":"product_tag","embeddable":true,"href":"https:\/\/gpl-love.com\/fr\/wp-json\/wp\/v2\/product_tag?post=119914"}],"curies":[{"name":"wp","href":"https:\/\/api.w.org\/{rel}","templated":true}]}}