{"id":119912,"date":"2025-10-16T00:00:00","date_gmt":"2025-10-15T22:00:00","guid":{"rendered":"https:\/\/gpl-love.com\/fr\/produit\/download-monitor-email-lock\/"},"modified":"2026-03-20T23:01:24","modified_gmt":"2026-03-20T22:01:24","slug":"download-monitor-email-lock","status":"publish","type":"product","link":"https:\/\/gpl-love.com\/fr\/produit\/download-monitor-email-lock\/","title":{"rendered":"Download Monitor Email Lock 5.0.5"},"content":{"rendered":"<h3>Download Monitor Email Lock Traits<\/h3>\n<p>T\u00e9l\u00e9charger le verrouillage des e-mails du moniteur est un outil exceptionnellement robuste et efficace qui sert \u00e0 prot\u00e9ger les actifs num\u00e9riques des entreprises. En fournissant un moyen s\u00e9curis\u00e9 de partage de fichiers avec des clients ou des partenaires, ce logiciel offre une protection sans pr\u00e9c\u00e9dent. Il poss\u00e8de une interface navigable sans effort qui permet aux administrateurs de g\u00e9rer efficacement l&rsquo;acc\u00e8s aux fichiers partag\u00e9s. Gr\u00e2ce \u00e0 la cr\u00e9ation d&rsquo;URL distinctes, les utilisateurs peuvent transmettre des fichiers aux destinataires, qui re\u00e7oivent par la suite un e-mail comprenant un lien s\u00e9curis\u00e9 pour acc\u00e9der auxdits fichiers. Cela garantit que l&rsquo;acc\u00e8s unique est accord\u00e9 uniquement au destinataire pr\u00e9vu, avec l&rsquo;avantage suppl\u00e9mentaire de pouvoir r\u00e9voquer les privil\u00e8ges d&rsquo;acc\u00e8s du lien \u00e0 un moment donn\u00e9. De plus, T\u00e9l\u00e9charger le verrouillage de l&rsquo;e-mail du moniteur int\u00e8gre les fonctionnalit\u00e9s de suivi et de rapport, offrant ainsi aux entreprises la possibilit\u00e9 de surveiller m\u00e9ticuleusement l&rsquo;identit\u00e9 des t\u00e9l\u00e9chargeurs de fichiers ainsi que le d\u00e9lai pr\u00e9cis dans lequel les t\u00e9l\u00e9chargements se produisent. Compte tenu de ses attributs multiples, ce logiciel est un choix exceptionnel pour les entreprises qui cherchent \u00e0 transmettre en toute s\u00e9curit\u00e9 des donn\u00e9es sensibles \u00e0 leur client\u00e8le estim\u00e9 ou \u00e0 leurs partenaires de confiance.<\/p>\n<ul>\n<li>Verrouillez en toute s\u00e9curit\u00e9 le contenu t\u00e9l\u00e9chargeable derri\u00e8re une porte d&rsquo;e-mail.<\/li>\n<li>Augmentez votre liste de diffusion tout en fournissant un contenu pr\u00e9cieux \u00e0 votre public.<\/li>\n<li>Personnalisez facilement l&rsquo;\u00e9cran de verrouillage avec votre marque et votre messagerie.<\/li>\n<li>Surveillez l&rsquo;activit\u00e9 de t\u00e9l\u00e9chargement et mesurez l&rsquo;efficacit\u00e9 de votre contenu.<\/li>\n<li>Prot\u00e9gez votre contenu contre le partage ou la redistribution non autoris\u00e9.<\/li>\n<li>Exp\u00e9rience non intrusive et conviviale pour votre public.<\/li>\n<\/ul>\n","protected":false},"excerpt":{"rendered":"<p>D\u00e9couvrez le contr\u00f4le ultime sur vos t\u00e9l\u00e9chargements avec notre plugin avanc\u00e9 &#8211; t\u00e9l\u00e9chargez le verrouillage de l&rsquo;e-mail du moniteur. Ce logiciel innovant vous donne non seulement le pouvoir de g\u00e9rer tous vos t\u00e9l\u00e9chargements de mani\u00e8re transparente, mais vous permet \u00e9galement de les verrouiller derri\u00e8re un abonnement par e-mail. Avec cette fonctionnalit\u00e9 unique, vous pouvez augmenter consid\u00e9rablement votre base d&rsquo;abonn\u00e9s. Le plugin vous facilite la mani\u00e8re incroyable d&rsquo;obliger les utilisateurs qu&rsquo;ils s&rsquo;abonnent \u00e0 votre newsletter avant de pouvoir acc\u00e9der \u00e0 des t\u00e9l\u00e9chargements sp\u00e9cifiques. De plus, le verrouillage de l&rsquo;e-mail de t\u00e9l\u00e9chargement du moniteur est incroyablement convivial et ne n\u00e9cessite aucune expertise technique. Avec sa conception intuitive et son interface facile \u00e0 utiliser, vous pouvez facilement g\u00e9rer tous vos t\u00e9l\u00e9chargements et abonnements par e-mail. Alors pourquoi attendre? Am\u00e9liorez les fonctionnalit\u00e9s de votre site Web et augmentez votre liste de diffusion avec T\u00e9l\u00e9chargez le verrouillage des e-mails du moniteur d\u00e8s aujourd&rsquo;hui.<\/p>\n","protected":false},"featured_media":143575,"comment_status":"open","ping_status":"open","template":"","meta":[],"product_brand":[2520],"product_cat":[1187,1181,1186],"product_tag":[1250],"class_list":{"0":"post-119912","1":"product","2":"type-product","3":"status-publish","4":"has-post-thumbnail","6":"product_brand-download-monitor","7":"product_cat-administration-wordpress-plugins","8":"product_cat-plugins","9":"product_cat-wordpress-plugins","10":"product_tag-download-monitor","11":"member-discount","12":"discount-restricted","14":"first","15":"instock","16":"sale","17":"downloadable","18":"virtual","19":"sold-individually","20":"purchasable","21":"product-type-simple"},"_links":{"self":[{"href":"https:\/\/gpl-love.com\/fr\/wp-json\/wp\/v2\/product\/119912","targetHints":{"allow":["GET"]}}],"collection":[{"href":"https:\/\/gpl-love.com\/fr\/wp-json\/wp\/v2\/product"}],"about":[{"href":"https:\/\/gpl-love.com\/fr\/wp-json\/wp\/v2\/types\/product"}],"replies":[{"embeddable":true,"href":"https:\/\/gpl-love.com\/fr\/wp-json\/wp\/v2\/comments?post=119912"}],"wp:featuredmedia":[{"embeddable":true,"href":"https:\/\/gpl-love.com\/fr\/wp-json\/wp\/v2\/media\/143575"}],"wp:attachment":[{"href":"https:\/\/gpl-love.com\/fr\/wp-json\/wp\/v2\/media?parent=119912"}],"wp:term":[{"taxonomy":"product_brand","embeddable":true,"href":"https:\/\/gpl-love.com\/fr\/wp-json\/wp\/v2\/product_brand?post=119912"},{"taxonomy":"product_cat","embeddable":true,"href":"https:\/\/gpl-love.com\/fr\/wp-json\/wp\/v2\/product_cat?post=119912"},{"taxonomy":"product_tag","embeddable":true,"href":"https:\/\/gpl-love.com\/fr\/wp-json\/wp\/v2\/product_tag?post=119912"}],"curies":[{"name":"wp","href":"https:\/\/api.w.org\/{rel}","templated":true}]}}