{"id":119910,"date":"2025-08-09T00:00:00","date_gmt":"2025-08-08T22:00:00","guid":{"rendered":"https:\/\/gpl-love.com\/fr\/produit\/download-monitor-downloading-page\/"},"modified":"2026-03-20T23:01:23","modified_gmt":"2026-03-20T22:01:23","slug":"download-monitor-downloading-page","status":"publish","type":"product","link":"https:\/\/gpl-love.com\/fr\/produit\/download-monitor-downloading-page\/","title":{"rendered":"Download Monitor Downloading Page 4.1.3"},"content":{"rendered":"<h3>Download Monitor Downloading Page Traits<\/h3>\n<p>La page de t\u00e9l\u00e9chargement du moniteur de t\u00e9l\u00e9chargement, un outil global, sert \u00e0 aider les utilisateurs \u00e0 g\u00e9rer efficacement leurs t\u00e9l\u00e9chargements. Poss\u00e9dant une interface conviviale, cet outil permet aux utilisateurs de suivre et de surveiller sans effort leurs t\u00e9l\u00e9chargements en temps r\u00e9el, garantissant ainsi la r\u00e9ussite de tous les fichiers t\u00e9l\u00e9charg\u00e9s. Cette page permet en outre les utilisateurs \u00e0 afficher et g\u00e9rer simultan\u00e9ment les t\u00e9l\u00e9chargements, garantissant la commodit\u00e9 de la pause et de la reprise des t\u00e9l\u00e9chargements en fonction de leurs exigences. En outre, la page de t\u00e9l\u00e9chargement du moniteur de t\u00e9l\u00e9chargement fournit aux utilisateurs des informations compl\u00e8tes concernant leurs t\u00e9l\u00e9chargements, englobant des d\u00e9tails tels que la vitesse de t\u00e9l\u00e9chargement, le temps estim\u00e9 restant et l&rsquo;historique de t\u00e9l\u00e9chargement. Avec ses fonctionnalit\u00e9s remarquables, cet outil s&rsquo;av\u00e8re \u00eatre une solution id\u00e9ale pour les personnes qui s&rsquo;engagent fr\u00e9quemment dans des t\u00e9l\u00e9chargements de fichiers, car il facilite la rationalisation de leur processus de t\u00e9l\u00e9chargement.<\/p>\n<ul>\n<li>Interface facile \u00e0 utiliser pour le t\u00e9l\u00e9chargement de fichiers<\/li>\n<li>Vitesses de t\u00e9l\u00e9chargement \u00e9lev\u00e9 pour les transferts de fichiers plus rapides<\/li>\n<li>Plusieurs options de t\u00e9l\u00e9chargement disponibles, y compris le t\u00e9l\u00e9chargement par lots et la planification de t\u00e9l\u00e9chargement<\/li>\n<li>Outils avanc\u00e9s de gestion des fichiers, tels que la possibilit\u00e9 de faire une pause, de reprendre et d&rsquo;annuler les t\u00e9l\u00e9chargements<\/li>\n<li>Interface personnalisable pour r\u00e9pondre aux pr\u00e9f\u00e9rences et besoins individuels<\/li>\n<li>Suivi des progr\u00e8s pr\u00e9cis pour chaque t\u00e9l\u00e9chargement<\/li>\n<li>Compatibilit\u00e9 avec divers types de fichiers et sources de t\u00e9l\u00e9chargement<\/li>\n<li>T\u00e9l\u00e9chargements s\u00e9curis\u00e9s avec la num\u00e9risation des virus et la v\u00e9rification des fichiers<\/li>\n<li>Mises \u00e0 jour logicielles r\u00e9guli\u00e8res pour assurer des performances optimales et une exp\u00e9rience utilisateur<\/li>\n<\/ul>\n","protected":false},"excerpt":{"rendered":"<p>D\u00e9couvrez le t\u00e9l\u00e9chargement transparent avec notre page de t\u00e9l\u00e9chargement de moniteur de t\u00e9l\u00e9chargement! Cet outil innovant offre un large \u00e9ventail de fonctionnalit\u00e9s con\u00e7ues pour vous offrir une exp\u00e9rience de t\u00e9l\u00e9chargement fluide et sans tracas. Avec son interface conviviale, vous pouvez surveiller et g\u00e9rer tous vos t\u00e9l\u00e9chargements en un seul endroit. Son syst\u00e8me de surveillance avanc\u00e9 vous permet de suivre les progr\u00e8s du t\u00e9l\u00e9chargement, de v\u00e9rifier l&rsquo;\u00e9tat des t\u00e9l\u00e9chargements et m\u00eame de faire une pause ou de reprendre les t\u00e9l\u00e9chargements selon votre commodit\u00e9. La page de t\u00e9l\u00e9chargement du moniteur de t\u00e9l\u00e9chargement prend \u00e9galement en charge plusieurs formats de fichiers, garantissant la compatibilit\u00e9 avec une gamme de contenu num\u00e9rique. De plus, ses fonctionnalit\u00e9s de s\u00e9curit\u00e9 robustes prot\u00e8gent vos t\u00e9l\u00e9chargements contre les menaces potentielles. Profitez d&rsquo;une exp\u00e9rience de t\u00e9l\u00e9chargement efficace, s\u00e9curis\u00e9e et simplifi\u00e9e avec la page de t\u00e9l\u00e9chargement du moniteur de t\u00e9l\u00e9chargement.<\/p>\n","protected":false},"featured_media":143574,"comment_status":"open","ping_status":"open","template":"","meta":[],"product_brand":[2520],"product_cat":[1189,1181,1186],"product_tag":[1250],"class_list":{"0":"post-119910","1":"product","2":"type-product","3":"status-publish","4":"has-post-thumbnail","6":"product_brand-download-monitor","7":"product_cat-personnalisation","8":"product_cat-plugins","9":"product_cat-wordpress-plugins","10":"product_tag-download-monitor","11":"member-discount","12":"discount-restricted","14":"first","15":"instock","16":"sale","17":"downloadable","18":"virtual","19":"sold-individually","20":"purchasable","21":"product-type-simple"},"_links":{"self":[{"href":"https:\/\/gpl-love.com\/fr\/wp-json\/wp\/v2\/product\/119910","targetHints":{"allow":["GET"]}}],"collection":[{"href":"https:\/\/gpl-love.com\/fr\/wp-json\/wp\/v2\/product"}],"about":[{"href":"https:\/\/gpl-love.com\/fr\/wp-json\/wp\/v2\/types\/product"}],"replies":[{"embeddable":true,"href":"https:\/\/gpl-love.com\/fr\/wp-json\/wp\/v2\/comments?post=119910"}],"wp:featuredmedia":[{"embeddable":true,"href":"https:\/\/gpl-love.com\/fr\/wp-json\/wp\/v2\/media\/143574"}],"wp:attachment":[{"href":"https:\/\/gpl-love.com\/fr\/wp-json\/wp\/v2\/media?parent=119910"}],"wp:term":[{"taxonomy":"product_brand","embeddable":true,"href":"https:\/\/gpl-love.com\/fr\/wp-json\/wp\/v2\/product_brand?post=119910"},{"taxonomy":"product_cat","embeddable":true,"href":"https:\/\/gpl-love.com\/fr\/wp-json\/wp\/v2\/product_cat?post=119910"},{"taxonomy":"product_tag","embeddable":true,"href":"https:\/\/gpl-love.com\/fr\/wp-json\/wp\/v2\/product_tag?post=119910"}],"curies":[{"name":"wp","href":"https:\/\/api.w.org\/{rel}","templated":true}]}}