{"id":119908,"date":"2021-02-09T00:00:00","date_gmt":"2021-02-08T23:00:00","guid":{"rendered":"https:\/\/gpl-love.com\/fr\/produit\/download-monitor-download-duplicator\/"},"modified":"2026-03-20T23:01:20","modified_gmt":"2026-03-20T22:01:20","slug":"download-monitor-download-duplicator","status":"publish","type":"product","link":"https:\/\/gpl-love.com\/fr\/produit\/download-monitor-download-duplicator\/","title":{"rendered":"Download Monitor Download Duplicator 4.0.1"},"content":{"rendered":"<h3>Download Monitor Download Duplicator Traits<\/h3>\n<p>Le t\u00e9l\u00e9chargement de t\u00e9l\u00e9chargement de t\u00e9l\u00e9chargement Duplicator est une solution logicielle exceptionnelle con\u00e7ue pour am\u00e9liorer votre productivit\u00e9 en facilitant la gestion et la duplication de t\u00e9l\u00e9chargement transparent. Cet outil remarquable vous permet de surveiller et de suivre sans effort tous vos t\u00e9l\u00e9chargements \u00e0 partir d&rsquo;un tableau de bord centralis\u00e9, vous offrant ainsi une commodit\u00e9 et une efficacit\u00e9 sans pr\u00e9c\u00e9dent. De plus, il vous offre la possibilit\u00e9 de cr\u00e9er des copies en double de vos t\u00e9l\u00e9chargements sans effort, vous permettant ainsi de les distribuer facilement \u00e0 plusieurs utilisateurs ou de prot\u00e9ger vos pr\u00e9cieux fichiers dans le malheureux \u00e9v\u00e9nement de perte de donn\u00e9es. L&rsquo;interface conviviale ajoute en outre \u00e0 l&rsquo;accessibilit\u00e9 globale de ce logiciel, garantissant que m\u00eame les individus sans arri\u00e8re-plan technique peuvent naviguer et utiliser efficacement ses fonctionnalit\u00e9s impressionnantes. En tirant parti du duplicator de t\u00e9l\u00e9chargement de t\u00e9l\u00e9chargement de t\u00e9l\u00e9chargement, vous obtiendrez un contr\u00f4le absolu sur vos t\u00e9l\u00e9chargements, en vous assurant que vos fichiers sont dupliqu\u00e9s et g\u00e9r\u00e9s avec la plus grande efficacit\u00e9 et pr\u00e9cision.<\/p>\n<ul>\n<li>Permet aux utilisateurs de dupliquer facilement les t\u00e9l\u00e9chargements sur plusieurs sites Web ou plateformes<\/li>\n<li>Interface utilisateur simple et intuitive pour une navigation et une convivialit\u00e9 faciles<\/li>\n<li>Prend en charge un large \u00e9ventail de types de fichiers et de tailles pour une plus grande flexibilit\u00e9 et commodit\u00e9<\/li>\n<li>Gave le temps et les efforts en \u00e9liminant le besoin de duplication de t\u00e9l\u00e9chargement manuel<\/li>\n<li>Peut \u00eatre utilis\u00e9 pour d\u00e9placer les t\u00e9l\u00e9chargements vers de nouveaux sites Web ou sauvegardes, ou pour distribuer des fichiers \u00e0 diff\u00e9rents groupes de clients<\/li>\n<li>Param\u00e8tres hautement personnalisables et fonctionnalit\u00e9s avanc\u00e9es pour les utilisateurs et d\u00e9veloppeurs avanc\u00e9s<\/li>\n<li>Mis \u00e0 jour en continu avec de nouvelles fonctionnalit\u00e9s et corrections de bogues pour assurer le d\u00e9veloppement et le support continu<\/li>\n<li>Infrastructure s\u00e9curis\u00e9e et fiable pour un transfert de fichiers s\u00fbr et s\u00e9curis\u00e9<\/li>\n<li>Compatible avec une large gamme de plates-formes et de syst\u00e8mes CMS, notamment WordPress, Joomla et Drupal.<\/li>\n<\/ul>\n","protected":false},"excerpt":{"rendered":"<p>T\u00e9l\u00e9charger Monitor Download Duplicator est une solution logicielle de premier ordre con\u00e7ue pour simplifier votre exp\u00e9rience num\u00e9rique. Avec cet outil puissant, vous pouvez facilement dupliquer et g\u00e9rer vos t\u00e9l\u00e9chargements, en garantissant un processus rationalis\u00e9. Le logiciel propose \u00e9galement une fonctionnalit\u00e9 de moniteur qui fournit un suivi en temps r\u00e9el de vos t\u00e9l\u00e9chargements. Cela implique que vous pouvez suivre facilement les progr\u00e8s de vos t\u00e9l\u00e9chargements, identifier tous les probl\u00e8mes et prendre les mesures n\u00e9cessaires rapidement. De plus, la fonction de t\u00e9l\u00e9chargement du duplicator vous permet de cr\u00e9er des copies de vos t\u00e9l\u00e9chargements, de fournir une solution de sauvegarde et de prot\u00e9ger vos fichiers. Ce logiciel est non seulement convivial mais \u00e9galement tr\u00e8s efficace, ce qui en fait un outil incontournable pour tous vos besoins de t\u00e9l\u00e9chargement. D\u00e9couvrez la commodit\u00e9, l&rsquo;efficacit\u00e9 et la tranquillit\u00e9 d&rsquo;esprit qui accompagnent l&rsquo;utilisation de Download Monitor Download Duplicator. T\u00e9l\u00e9chargez maintenant et prenez le contr\u00f4le de votre espace num\u00e9rique!<\/p>\n","protected":false},"featured_media":143573,"comment_status":"open","ping_status":"open","template":"","meta":[],"product_brand":[2520],"product_cat":[1187,1181,1186],"product_tag":[1250],"class_list":{"0":"post-119908","1":"product","2":"type-product","3":"status-publish","4":"has-post-thumbnail","6":"product_brand-download-monitor","7":"product_cat-administration-wordpress-plugins","8":"product_cat-plugins","9":"product_cat-wordpress-plugins","10":"product_tag-download-monitor","11":"member-discount","12":"discount-restricted","14":"first","15":"instock","16":"sale","17":"downloadable","18":"virtual","19":"sold-individually","20":"purchasable","21":"product-type-simple"},"_links":{"self":[{"href":"https:\/\/gpl-love.com\/fr\/wp-json\/wp\/v2\/product\/119908","targetHints":{"allow":["GET"]}}],"collection":[{"href":"https:\/\/gpl-love.com\/fr\/wp-json\/wp\/v2\/product"}],"about":[{"href":"https:\/\/gpl-love.com\/fr\/wp-json\/wp\/v2\/types\/product"}],"replies":[{"embeddable":true,"href":"https:\/\/gpl-love.com\/fr\/wp-json\/wp\/v2\/comments?post=119908"}],"wp:featuredmedia":[{"embeddable":true,"href":"https:\/\/gpl-love.com\/fr\/wp-json\/wp\/v2\/media\/143573"}],"wp:attachment":[{"href":"https:\/\/gpl-love.com\/fr\/wp-json\/wp\/v2\/media?parent=119908"}],"wp:term":[{"taxonomy":"product_brand","embeddable":true,"href":"https:\/\/gpl-love.com\/fr\/wp-json\/wp\/v2\/product_brand?post=119908"},{"taxonomy":"product_cat","embeddable":true,"href":"https:\/\/gpl-love.com\/fr\/wp-json\/wp\/v2\/product_cat?post=119908"},{"taxonomy":"product_tag","embeddable":true,"href":"https:\/\/gpl-love.com\/fr\/wp-json\/wp\/v2\/product_tag?post=119908"}],"curies":[{"name":"wp","href":"https:\/\/api.w.org\/{rel}","templated":true}]}}