{"id":119906,"date":"2025-08-09T00:00:00","date_gmt":"2025-08-08T22:00:00","guid":{"rendered":"https:\/\/gpl-love.com\/fr\/produit\/download-monitor-csv-importer\/"},"modified":"2026-03-20T23:01:19","modified_gmt":"2026-03-20T22:01:19","slug":"download-monitor-csv-importer","status":"publish","type":"product","link":"https:\/\/gpl-love.com\/fr\/produit\/download-monitor-csv-importer\/","title":{"rendered":"Download Monitor CSV Importer 4.2.1"},"content":{"rendered":"<h3>Download Monitor CSV Importer Traits<\/h3>\n<p>L&rsquo;importateur CSV de t\u00e9l\u00e9chargement est un outil tr\u00e8s efficace qui offre une gestion transparente et une organisation de t\u00e9l\u00e9chargements. Ce logiciel offre la capacit\u00e9 d&rsquo;importer rapidement des fichiers CSV contenant toutes les informations cruciales li\u00e9es \u00e0 vos t\u00e9l\u00e9chargements, englobant des d\u00e9tails tels que le nom de fichier, l&rsquo;URL de t\u00e9l\u00e9chargement, la cat\u00e9gorie de t\u00e9l\u00e9chargement, etc. En utilisant ce logiciel, vous pouvez optimiser l&rsquo;allocation du temps et g\u00e9rer efficacement les t\u00e2ches de gestion de t\u00e9l\u00e9chargement. Lors du t\u00e9l\u00e9chargement du fichier CSV, le logiciel remplit automatiquement votre liste de t\u00e9l\u00e9chargement, vous lib\u00e9rant du processus ardu et laborieux d&rsquo;ajouter manuellement chaque t\u00e9l\u00e9chargement individuellement. L&rsquo;importateur de t\u00e9l\u00e9chargement de t\u00e9l\u00e9chargement vous permet de superviser sans effort des quantit\u00e9s \u00e9tendues de t\u00e9l\u00e9chargements, vous accordant ainsi de nombreuses occasions de rediriger votre concentration sur d&rsquo;autres aspects pivots de vos op\u00e9rations commerciales.<\/p>\n<ul>\n<li>Un outil d&rsquo;importation de fichiers CSV dans le plugin de t\u00e9l\u00e9chargement du moniteur<\/li>\n<li>Gave le temps et \u00e9limine la saisie manuelle des donn\u00e9es<\/li>\n<li>Importe des noms de fichiers, des URL et d&rsquo;autres d\u00e9tails associ\u00e9s aux t\u00e9l\u00e9chargements<\/li>\n<li>Prend en charge divers formats de fichiers CSV<\/li>\n<li>Fournit un aper\u00e7u des donn\u00e9es avant l&rsquo;importation<\/li>\n<li>Option pour cartographier les champs CSV pour t\u00e9l\u00e9charger personnalis\u00e9 les champs de moniteur<\/li>\n<li>Interface facile \u00e0 utiliser avec des instructions et des documents d\u00e9taill\u00e9s<\/li>\n<li>Compatible avec WordPress Version -0 et sup\u00e9rieur<\/li>\n<li>Mises \u00e0 jour r\u00e9guli\u00e8res et support technique fourni par le d\u00e9veloppeur.<\/li>\n<\/ul>\n","protected":false},"excerpt":{"rendered":"<p>Pr\u00e9sentation de l&rsquo;importateur de t\u00e9l\u00e9chargement de moniteur CSV, un outil con\u00e7u pour rationaliser votre gestion des actifs num\u00e9riques. Cette solution innovante est parfaite pour les entreprises de toutes tailles, vous permettant d&rsquo;importer facilement vos fichiers dans un format CSV. Plus de t\u00e9l\u00e9chargements manuels fastidieux! L&rsquo;importateur de t\u00e9l\u00e9chargement de t\u00e9l\u00e9chargement CSV vous fait gagner du temps et assure la pr\u00e9cision, g\u00e9rant facilement les importations de lots. Son interface conviviale et ses fonctionnalit\u00e9s avanc\u00e9es en font un incontournable pour tous vos besoins de gestion de t\u00e9l\u00e9chargement. Ne laissez pas le #Value! Le message d&rsquo;erreur vous ralentit &#8211; Affonctionnez-le avec notre importateur CSV fiable et efficace. Profitez d&rsquo;une productivit\u00e9 am\u00e9lior\u00e9e, d&rsquo;une meilleure gestion des donn\u00e9es et plus de temps pour se concentrer sur ce qui compte vraiment &#8211; la croissance de votre entreprise.<\/p>\n","protected":false},"featured_media":143572,"comment_status":"open","ping_status":"open","template":"","meta":[],"product_brand":[2520],"product_cat":[1187,1181,1186],"product_tag":[1250],"class_list":{"0":"post-119906","1":"product","2":"type-product","3":"status-publish","4":"has-post-thumbnail","6":"product_brand-download-monitor","7":"product_cat-administration-wordpress-plugins","8":"product_cat-plugins","9":"product_cat-wordpress-plugins","10":"product_tag-download-monitor","11":"member-discount","12":"discount-restricted","14":"first","15":"instock","16":"sale","17":"downloadable","18":"virtual","19":"sold-individually","20":"purchasable","21":"product-type-simple"},"_links":{"self":[{"href":"https:\/\/gpl-love.com\/fr\/wp-json\/wp\/v2\/product\/119906","targetHints":{"allow":["GET"]}}],"collection":[{"href":"https:\/\/gpl-love.com\/fr\/wp-json\/wp\/v2\/product"}],"about":[{"href":"https:\/\/gpl-love.com\/fr\/wp-json\/wp\/v2\/types\/product"}],"replies":[{"embeddable":true,"href":"https:\/\/gpl-love.com\/fr\/wp-json\/wp\/v2\/comments?post=119906"}],"wp:featuredmedia":[{"embeddable":true,"href":"https:\/\/gpl-love.com\/fr\/wp-json\/wp\/v2\/media\/143572"}],"wp:attachment":[{"href":"https:\/\/gpl-love.com\/fr\/wp-json\/wp\/v2\/media?parent=119906"}],"wp:term":[{"taxonomy":"product_brand","embeddable":true,"href":"https:\/\/gpl-love.com\/fr\/wp-json\/wp\/v2\/product_brand?post=119906"},{"taxonomy":"product_cat","embeddable":true,"href":"https:\/\/gpl-love.com\/fr\/wp-json\/wp\/v2\/product_cat?post=119906"},{"taxonomy":"product_tag","embeddable":true,"href":"https:\/\/gpl-love.com\/fr\/wp-json\/wp\/v2\/product_tag?post=119906"}],"curies":[{"name":"wp","href":"https:\/\/api.w.org\/{rel}","templated":true}]}}