{"id":119904,"date":"2024-08-09T00:00:00","date_gmt":"2024-08-08T22:00:00","guid":{"rendered":"https:\/\/gpl-love.com\/fr\/produit\/download-monitor-csv-exporter\/"},"modified":"2026-03-20T23:01:18","modified_gmt":"2026-03-20T22:01:18","slug":"download-monitor-csv-exporter","status":"publish","type":"product","link":"https:\/\/gpl-love.com\/fr\/produit\/download-monitor-csv-exporter\/","title":{"rendered":"Download Monitor CSV Exporter 4.1.1"},"content":{"rendered":"<h3>Download Monitor CSV Exporter Traits<\/h3>\n<p>Le T\u00e9l\u00e9charger le moniteur CSV Exporter est un outil incroyablement utile qui offre la fonctionnalit\u00e9 pratique de l&rsquo;exportation des donn\u00e9es de t\u00e9l\u00e9chargement de votre site Web dans un format de fichier appel\u00e9 CSV. Cet outil est utile car il vous permet de garder sans effort l&rsquo;onglet sur les t\u00e9l\u00e9chargements de votre site Web et de plonger dans les donn\u00e9es dans le but d&rsquo;am\u00e9liorer les performances de votre site Web. Ce qui rend cet outil encore plus remarquable, c&rsquo;est le fait qu&rsquo;il vous fournit une pl\u00e9thore d&rsquo;informations d\u00e9taill\u00e9es concernant chaque t\u00e9l\u00e9chargement, y compris la date de t\u00e9l\u00e9chargement, le nom du fichier, le nombre de t\u00e9l\u00e9chargements et divers autres d\u00e9tails pertinents. Arm\u00e9s de ces informations, vous avez la capacit\u00e9 de surveiller \u00e9troitement la popularit\u00e9 de vos t\u00e9l\u00e9chargements, de d\u00e9tecter toutes les tendances \u00e9mergentes et d&rsquo;optimiser ensuite le contenu de votre site Web en cons\u00e9quence. Le T\u00e9l\u00e9charger le moniteur CSV Exporter est con\u00e7u pour \u00eatre convivial, ne n\u00e9cessitant que quelques clics pour l&rsquo;installer sur votre site Web. Ainsi, cet outil sert de solution id\u00e9ale pour les propri\u00e9taires de sites Web qui sont impatients de rester au courant de l&rsquo;activit\u00e9 de t\u00e9l\u00e9chargement de leur site Web et de prendre des d\u00e9cisions \u00e9clair\u00e9es sur la base de donn\u00e9es solides pour assurer le succ\u00e8s durable de leur site Web.<\/p>\n<ul>\n<li>Exporter sans effort vos donn\u00e9es de t\u00e9l\u00e9chargement de t\u00e9l\u00e9chargement dans un format de fichier CSV<\/li>\n<li>Compatible avec un large \u00e9ventail de logiciels qui prend en charge les fichiers CSV<\/li>\n<li>Gardez des informations pr\u00e9cieuses sur vos t\u00e9l\u00e9chargements, tels que la date et l&rsquo;heure, le montant t\u00e9l\u00e9charg\u00e9, le type de fichier, etc.<\/li>\n<li>Interface facile \u00e0 utiliser qui ne n\u00e9cessite aucune comp\u00e9tence technique pour fonctionner.<\/li>\n<li>Cr\u00e9ez des rapports personnalis\u00e9s en fonction de vos donn\u00e9es de t\u00e9l\u00e9chargement de t\u00e9l\u00e9chargement en les exportant simplement vers un programme de feuille de calcul.<\/li>\n<li>Rationalisez votre traitement des donn\u00e9es en automatisant les exportations de CSV avec des options d&rsquo;exportation planifi\u00e9es.<\/li>\n<li>Secure et priv\u00e9e &#8211; vos donn\u00e9es ne sont jamais partag\u00e9es ou accessibles par personne d&rsquo;autre.<\/li>\n<li>Pas de frais suppl\u00e9mentaires ou de co\u00fbts cach\u00e9s &#8211; prenez pleinement l&rsquo;avantage de toutes les fonctionnalit\u00e9s de l&rsquo;exportateur sans se casser la banque.<\/li>\n<li>Recevez un support client rapide et convivial de notre \u00e9quipe d&rsquo;experts.<\/li>\n<\/ul>\n","protected":false},"excerpt":{"rendered":"<p>Le T\u00e9l\u00e9charger le moniteur CSV Exporter est un outil puissant con\u00e7u pour simplifier vos t\u00e2ches de gestion des donn\u00e9es. Cette solution innovante offre un moyen facile d&rsquo;exporter vos donn\u00e9es de t\u00e9l\u00e9chargement au format CSV, ce qui facilite l&rsquo;organisation, d&rsquo;analyser et de partager vos informations. En un clic simple, vous pouvez exporter instantan\u00e9ment tous vos t\u00e9l\u00e9chargements, y compris toutes vos versions et cat\u00e9gories de t\u00e9l\u00e9chargement, vers un fichier CSV soigneusement organis\u00e9. Cette fonctionnalit\u00e9 permet non seulement votre temps pr\u00e9cieux, mais am\u00e9liore \u00e9galement votre productivit\u00e9 en automatisant les t\u00e2ches d&rsquo;exportation de donn\u00e9es. De plus, l&rsquo;exportateur CSV est enti\u00e8rement int\u00e9gr\u00e9 au moniteur de t\u00e9l\u00e9chargement, assurant une migration et une synchronisation des donn\u00e9es sans faille. Que vous ayez besoin de cr\u00e9er des sauvegardes, de partager des donn\u00e9es avec votre \u00e9quipe ou d&rsquo;analyser les statistiques de t\u00e9l\u00e9chargement, l&rsquo;exportateur CSV vous a couvert. D\u00e9couvrez la commodit\u00e9 et l&rsquo;efficacit\u00e9 de l&rsquo;exportateur de t\u00e9l\u00e9chargement du moniteur CSV d\u00e8s aujourd&rsquo;hui et passez votre gestion des donn\u00e9es au niveau sup\u00e9rieur.<\/p>\n","protected":false},"featured_media":143571,"comment_status":"open","ping_status":"open","template":"","meta":[],"product_brand":[2520],"product_cat":[1187,1181,1186],"product_tag":[1250],"class_list":{"0":"post-119904","1":"product","2":"type-product","3":"status-publish","4":"has-post-thumbnail","6":"product_brand-download-monitor","7":"product_cat-administration-wordpress-plugins","8":"product_cat-plugins","9":"product_cat-wordpress-plugins","10":"product_tag-download-monitor","11":"member-discount","12":"discount-restricted","14":"first","15":"instock","16":"sale","17":"downloadable","18":"virtual","19":"sold-individually","20":"purchasable","21":"product-type-simple"},"_links":{"self":[{"href":"https:\/\/gpl-love.com\/fr\/wp-json\/wp\/v2\/product\/119904","targetHints":{"allow":["GET"]}}],"collection":[{"href":"https:\/\/gpl-love.com\/fr\/wp-json\/wp\/v2\/product"}],"about":[{"href":"https:\/\/gpl-love.com\/fr\/wp-json\/wp\/v2\/types\/product"}],"replies":[{"embeddable":true,"href":"https:\/\/gpl-love.com\/fr\/wp-json\/wp\/v2\/comments?post=119904"}],"wp:featuredmedia":[{"embeddable":true,"href":"https:\/\/gpl-love.com\/fr\/wp-json\/wp\/v2\/media\/143571"}],"wp:attachment":[{"href":"https:\/\/gpl-love.com\/fr\/wp-json\/wp\/v2\/media?parent=119904"}],"wp:term":[{"taxonomy":"product_brand","embeddable":true,"href":"https:\/\/gpl-love.com\/fr\/wp-json\/wp\/v2\/product_brand?post=119904"},{"taxonomy":"product_cat","embeddable":true,"href":"https:\/\/gpl-love.com\/fr\/wp-json\/wp\/v2\/product_cat?post=119904"},{"taxonomy":"product_tag","embeddable":true,"href":"https:\/\/gpl-love.com\/fr\/wp-json\/wp\/v2\/product_tag?post=119904"}],"curies":[{"name":"wp","href":"https:\/\/api.w.org\/{rel}","templated":true}]}}