{"id":119902,"date":"2026-01-28T00:00:00","date_gmt":"2026-01-27T23:00:00","guid":{"rendered":"https:\/\/gpl-love.com\/fr\/produit\/download-monitor-captcha\/"},"modified":"2026-03-20T23:01:18","modified_gmt":"2026-03-20T22:01:18","slug":"download-monitor-captcha","status":"publish","type":"product","link":"https:\/\/gpl-love.com\/fr\/produit\/download-monitor-captcha\/","title":{"rendered":"Download Monitor Captcha 5.0.3"},"content":{"rendered":"<h3>Download Monitor Captcha Traits<\/h3>\n<p>T\u00e9l\u00e9charger Monitor Captcha est un plugin WordPress tr\u00e8s efficace et robuste qui am\u00e9liore la s\u00e9curit\u00e9 du syst\u00e8me de t\u00e9l\u00e9chargement de votre site Web en offrant une couche de protection suppl\u00e9mentaire. En incorporant ce plugin dans votre site Web, vous pouvez prot\u00e9ger sans effort vos t\u00e9l\u00e9chargements \u00e0 partir de tout acc\u00e8s non autoris\u00e9. Cette solution ing\u00e9nieuse oblige les utilisateurs \u00e0 r\u00e9soudre un captcha avant d&rsquo;avoir acc\u00e8s \u00e0 votre contenu pr\u00e9cieux. Par cons\u00e9quent, cette caract\u00e9ristique exceptionnelle att\u00e9nue le risque consid\u00e9rable associ\u00e9 aux spammeurs, bots et diverses entit\u00e9s malveillantes qui tentent d&rsquo;obtenir illicitement acc\u00e8s \u00e0 vos dossiers. L&rsquo;installation et la configuration de ce plugin est un processus sans tracas, et il offre une vaste gamme d&rsquo;options de personnalisation, vous offrant la possibilit\u00e9 de cr\u00e9er votre propre style CAPTCHA unique. Avec la mise en \u0153uvre de T\u00e9l\u00e9charger le moniteur CAPTCHA, vous avez la possibilit\u00e9 de garantir la plus grande s\u00e9curit\u00e9 et la protection de vos t\u00e9l\u00e9chargements, inculquant ainsi un sentiment de tranquillit\u00e9 et de r\u00e9confort de vos utilisateurs. En outre, cette solution compl\u00e8te am\u00e9liore consid\u00e9rablement la s\u00e9curit\u00e9 globale de votre site Web estim\u00e9.<\/p>\n<ul>\n<li>Prot\u00e8ge les produits num\u00e9riques des t\u00e9l\u00e9chargements non autoris\u00e9s<\/li>\n<li>R\u00e9duit les activit\u00e9s frauduleuses des utilisateurs qui essaient de t\u00e9l\u00e9charger le produit plusieurs fois<\/li>\n<li>Bloque des bots et des scripts automatis\u00e9s de l&rsquo;acc\u00e8s aux liens de t\u00e9l\u00e9chargement<\/li>\n<li>Processus d&rsquo;installation et de configuration facile<\/li>\n<li>CAPTCHA V\u00e9rification maintient l&rsquo;exp\u00e9rience utilisateur en douceur et sans tracas<\/li>\n<li>Compatible avec plusieurs plateformes de t\u00e9l\u00e9chargement et passerelles de paiement<\/li>\n<li>Pistes et journaux de l&rsquo;activit\u00e9 des utilisateurs pour de meilleures id\u00e9es et analyses<\/li>\n<li>Fournit des options personnalis\u00e9es pour les types de captcha et les niveaux de difficult\u00e9<\/li>\n<li>Offre la prise en charge et les mises \u00e0 jour pour des am\u00e9liorations et des corrections de bogues en cours<\/li>\n<\/ul>\n","protected":false},"excerpt":{"rendered":"<p>T\u00e9l\u00e9charger le moniteur CAPTCHA est un outil tr\u00e8s utile et efficace con\u00e7u pour la protection du contenu num\u00e9rique. Il offre une couche suppl\u00e9mentaire de s\u00e9curit\u00e9, emp\u00eachant efficacement les robots d&rsquo;acc\u00e9der \u00e0 votre contenu t\u00e9l\u00e9chargeable. Ce produit est \u00e9quip\u00e9 d&rsquo;une technologie CAPTCHA avanc\u00e9e qui distingue les utilisateurs humains des robots, garantissant que vos t\u00e9l\u00e9chargements sont s\u00fbrs et s\u00e9curis\u00e9s. Non seulement il prot\u00e8ge votre contenu, mais il assure \u00e9galement une exp\u00e9rience utilisateur fluide en minimisant les perturbations. Le moniteur de t\u00e9l\u00e9chargement CAPTCHA est votre solution ultime pour la gestion de contenu num\u00e9rique s\u00e9curis\u00e9e et sans tracas. Ne compromettez pas votre s\u00e9curit\u00e9 de contenu num\u00e9rique; Choisissez T\u00e9l\u00e9charger le moniteur CAPTCHA aujourd&rsquo;hui.<\/p>\n","protected":false},"featured_media":143570,"comment_status":"open","ping_status":"open","template":"","meta":[],"product_brand":[2520],"product_cat":[1189,1181,1186],"product_tag":[1250],"class_list":{"0":"post-119902","1":"product","2":"type-product","3":"status-publish","4":"has-post-thumbnail","6":"product_brand-download-monitor","7":"product_cat-personnalisation","8":"product_cat-plugins","9":"product_cat-wordpress-plugins","10":"product_tag-download-monitor","11":"member-discount","12":"discount-restricted","14":"first","15":"instock","16":"sale","17":"downloadable","18":"virtual","19":"sold-individually","20":"purchasable","21":"product-type-simple"},"_links":{"self":[{"href":"https:\/\/gpl-love.com\/fr\/wp-json\/wp\/v2\/product\/119902","targetHints":{"allow":["GET"]}}],"collection":[{"href":"https:\/\/gpl-love.com\/fr\/wp-json\/wp\/v2\/product"}],"about":[{"href":"https:\/\/gpl-love.com\/fr\/wp-json\/wp\/v2\/types\/product"}],"replies":[{"embeddable":true,"href":"https:\/\/gpl-love.com\/fr\/wp-json\/wp\/v2\/comments?post=119902"}],"wp:featuredmedia":[{"embeddable":true,"href":"https:\/\/gpl-love.com\/fr\/wp-json\/wp\/v2\/media\/143570"}],"wp:attachment":[{"href":"https:\/\/gpl-love.com\/fr\/wp-json\/wp\/v2\/media?parent=119902"}],"wp:term":[{"taxonomy":"product_brand","embeddable":true,"href":"https:\/\/gpl-love.com\/fr\/wp-json\/wp\/v2\/product_brand?post=119902"},{"taxonomy":"product_cat","embeddable":true,"href":"https:\/\/gpl-love.com\/fr\/wp-json\/wp\/v2\/product_cat?post=119902"},{"taxonomy":"product_tag","embeddable":true,"href":"https:\/\/gpl-love.com\/fr\/wp-json\/wp\/v2\/product_tag?post=119902"}],"curies":[{"name":"wp","href":"https:\/\/api.w.org\/{rel}","templated":true}]}}