{"id":119900,"date":"2025-08-09T00:00:00","date_gmt":"2025-08-08T22:00:00","guid":{"rendered":"https:\/\/gpl-love.com\/fr\/produit\/download-monitor-buttons\/"},"modified":"2026-03-20T23:01:17","modified_gmt":"2026-03-20T22:01:17","slug":"download-monitor-buttons","status":"publish","type":"product","link":"https:\/\/gpl-love.com\/fr\/produit\/download-monitor-buttons\/","title":{"rendered":"Download Monitor Buttons 4.2.2"},"content":{"rendered":"<h3>Download Monitor Buttons Traits<\/h3>\n<p>T\u00e9l\u00e9charger les boutons Monitor est un outil incroyablement efficace et tr\u00e8s efficace qui offre une gamme de fonctionnalit\u00e9s exceptionnelles, vous permettant de garder sans effort et de mani\u00e8re transparente tous vos t\u00e9l\u00e9chargements. Son interface remarquablement conviviale vous donne la possibilit\u00e9 de g\u00e9rer sans effort et efficacement tous vos t\u00e9l\u00e9chargements, tout en vous offrant simultan\u00e9ment la capacit\u00e9 inestimable \u00e0 surveiller m\u00e9ticuleusement leurs progr\u00e8s en temps r\u00e9el. Cet outil ing\u00e9nieux s&rsquo;accompagne d&rsquo;un ensemble m\u00e9ticuleusement con\u00e7u de boutons pratiques, que vous pouvez facilement utiliser pour faire une pause, reprendre ou m\u00eame annuler sans effort vos t\u00e9l\u00e9chargements en simple clic sur un bouton. De plus, il vous accorde \u00e9galement la capacit\u00e9 remarquable de configurer et d&rsquo;\u00e9tablir sans effort des notifications qui vous alerteront consciencieusement et rapidement au moment o\u00f9 vos t\u00e9l\u00e9chargements ont \u00e9t\u00e9 achev\u00e9s avec succ\u00e8s. Avec les capacit\u00e9s remarquables offertes par les boutons de t\u00e9l\u00e9chargement du moniteur, vous pouvez optimiser consid\u00e9rablement \u00e0 la fois votre gestion du temps et la productivit\u00e9 globale en rationalisant et en simplifiant ing\u00e9nieusement votre processus de t\u00e9l\u00e9chargement.<\/p>\n<ul>\n<li>Surveillance de t\u00e9l\u00e9chargement pratique<\/li>\n<li>Conception facile \u00e0 utiliser<\/li>\n<li>Options de bouton personnalisables<\/li>\n<li>\u00c9tiquetage clair pour une organisation efficace<\/li>\n<li>Suivi des progr\u00e8s en temps r\u00e9el<\/li>\n<li>Capacit\u00e9s multifonctionnelles<\/li>\n<li>Compatibilit\u00e9 avec une vari\u00e9t\u00e9 de plateformes et d&rsquo;appareils<\/li>\n<li>Augmente l&rsquo;efficacit\u00e9 de la productivit\u00e9 et du flux de travail<\/li>\n<li>Gestion de t\u00e9l\u00e9chargement s\u00e9curis\u00e9 et fiable<\/li>\n<\/ul>\n","protected":false},"excerpt":{"rendered":"<p>Surveillez facilement vos t\u00e9l\u00e9chargements en utilisant notre logiciel haute performance, t\u00e9l\u00e9chargez les boutons du moniteur. Cet outil vous offre une plate-forme efficace et conviviale pour g\u00e9rer tous vos t\u00e9l\u00e9chargements. Il est livr\u00e9 avec des fonctionnalit\u00e9s pr\u00e9cieuses telles que le t\u00e9l\u00e9chargement \u00e0 grande vitesse, la reprise automatique de t\u00e9l\u00e9chargements interrompus et un planificateur intelligent qui peut lancer des t\u00e9l\u00e9chargements \u00e0 vos moments pr\u00e9f\u00e9r\u00e9s.<\/p>\n<p>Avec les boutons de t\u00e9l\u00e9chargement du moniteur, vous n&rsquo;avez pas \u00e0 vous soucier de perdre vos t\u00e9l\u00e9chargements en raison des interruptions de r\u00e9seau ou des accidents du syst\u00e8me. Notre logiciel reprend automatiquement les t\u00e9l\u00e9chargements l\u00e0 o\u00f9 ils s&rsquo;\u00e9taient arr\u00eat\u00e9s, vous faisant gagner du temps et \u00e9vitant la duplication.<\/p>\n<p>Si vous \u00eates un multi-t\u00e2ches, notre planificateur intelligent est une fonctionnalit\u00e9 parfaite pour vous. Cet outil vous permet de planifier des t\u00e9l\u00e9chargements \u00e0 des moments pr\u00e9cis ou m\u00eame lorsque votre syst\u00e8me est inactif. Vous pouvez \u00e9galement le d\u00e9finir pour d\u00e9connecter ou arr\u00eater votre ordinateur apr\u00e8s le t\u00e9l\u00e9chargement, ce qui en fait une excellente solution d&rsquo;\u00e9conomie d&rsquo;\u00e9nergie.<\/p>\n<p>T\u00e9l\u00e9charger le moniteur Buttons offre un t\u00e9l\u00e9chargement \u00e0 haut d\u00e9bit, en vous assurant d&rsquo;obtenir vos fichiers plus rapidement. Notre logiciel optimise la vitesse de t\u00e9l\u00e9chargement en fonction de votre connexion Internet, garantissant que vous utilisez votre bande passante au maximum<\/p>\n","protected":false},"featured_media":143569,"comment_status":"open","ping_status":"open","template":"","meta":[],"product_brand":[2520],"product_cat":[1189,1181,1186],"product_tag":[1250],"class_list":{"0":"post-119900","1":"product","2":"type-product","3":"status-publish","4":"has-post-thumbnail","6":"product_brand-download-monitor","7":"product_cat-personnalisation","8":"product_cat-plugins","9":"product_cat-wordpress-plugins","10":"product_tag-download-monitor","11":"member-discount","12":"discount-restricted","14":"first","15":"instock","16":"sale","17":"downloadable","18":"virtual","19":"sold-individually","20":"purchasable","21":"product-type-simple"},"_links":{"self":[{"href":"https:\/\/gpl-love.com\/fr\/wp-json\/wp\/v2\/product\/119900","targetHints":{"allow":["GET"]}}],"collection":[{"href":"https:\/\/gpl-love.com\/fr\/wp-json\/wp\/v2\/product"}],"about":[{"href":"https:\/\/gpl-love.com\/fr\/wp-json\/wp\/v2\/types\/product"}],"replies":[{"embeddable":true,"href":"https:\/\/gpl-love.com\/fr\/wp-json\/wp\/v2\/comments?post=119900"}],"wp:featuredmedia":[{"embeddable":true,"href":"https:\/\/gpl-love.com\/fr\/wp-json\/wp\/v2\/media\/143569"}],"wp:attachment":[{"href":"https:\/\/gpl-love.com\/fr\/wp-json\/wp\/v2\/media?parent=119900"}],"wp:term":[{"taxonomy":"product_brand","embeddable":true,"href":"https:\/\/gpl-love.com\/fr\/wp-json\/wp\/v2\/product_brand?post=119900"},{"taxonomy":"product_cat","embeddable":true,"href":"https:\/\/gpl-love.com\/fr\/wp-json\/wp\/v2\/product_cat?post=119900"},{"taxonomy":"product_tag","embeddable":true,"href":"https:\/\/gpl-love.com\/fr\/wp-json\/wp\/v2\/product_tag?post=119900"}],"curies":[{"name":"wp","href":"https:\/\/api.w.org\/{rel}","templated":true}]}}