{"id":119898,"date":"2024-08-27T00:00:00","date_gmt":"2024-08-26T22:00:00","guid":{"rendered":"https:\/\/gpl-love.com\/fr\/produit\/download-monitor-amazon-s3\/"},"modified":"2026-03-20T23:01:16","modified_gmt":"2026-03-20T22:01:16","slug":"download-monitor-amazon-s3","status":"publish","type":"product","link":"https:\/\/gpl-love.com\/fr\/produit\/download-monitor-amazon-s3\/","title":{"rendered":"Download Monitor Amazon S3 4.1.1"},"content":{"rendered":"<h3>Download Monitor Amazon S3 Traits<\/h3>\n<p>Le moniteur de t\u00e9l\u00e9chargement Amazon S3 est un outil extr\u00eamement robuste et efficace qui permet aux utilisateurs la possibilit\u00e9 d&rsquo;administrer et de superviser sans effort leurs t\u00e9l\u00e9chargements \u00e0 partir de la c\u00e9l\u00e8bre plate-forme Amazon S3. En tirant parti des fonctionnalit\u00e9s de cet outil, les utilisateurs ont la capacit\u00e9 de surveiller avec diligence les activit\u00e9s de t\u00e9l\u00e9chargement, d&rsquo;\u00e9tablir des limitations pr\u00e9cises sur les quantit\u00e9s de t\u00e9l\u00e9chargement et m\u00eame d&rsquo;imposer des restrictions d&rsquo;acc\u00e8s strictes sur des fichiers sp\u00e9cifiques. Le syst\u00e8me lui-m\u00eame poss\u00e8de une interface remarquablement conviviale, ce qui rend le processus de gestion et d&rsquo;organisation des t\u00e9l\u00e9chargements une brise absolue. Que vous cherchiez \u00e0 r\u00e9gir les t\u00e9l\u00e9chargements pour votre entreprise d&rsquo;entreprise estim\u00e9e ou pour une utilisation personnelle, le moniteur de t\u00e9l\u00e9chargement Amazon S3 assume incontestablement le r\u00f4le d&rsquo;un actif vital qui facilite sans aucun doute la rationalisation harmonieuse de vos processus op\u00e9rationnels, qui se termine par aboutir dans une am\u00e9lioration substantielle de la productivit\u00e9 de la productivit\u00e9 les niveaux.<\/p>\n<ul>\n<li>Surveillez sans effort les t\u00e9l\u00e9chargements en utilisant la technologie Amazon S3<\/li>\n<li>Profitez d&rsquo;un acc\u00e8s pratique et facile \u00e0 vos t\u00e9l\u00e9chargements<\/li>\n<li>Stockez votre contenu sur une plate-forme cloud s\u00e9curis\u00e9e<\/li>\n<li>Suivre le nombre de t\u00e9l\u00e9chargements et obtenir des rapports d\u00e9taill\u00e9s<\/li>\n<li>Int\u00e9grez de mani\u00e8re transparente avec n&rsquo;importe quel site Web WordPress<\/li>\n<li>Gardez votre contenu en s\u00e9curit\u00e9 avec des technologies de chiffrement avanc\u00e9es<\/li>\n<li>Contr\u00f4le et gestion am\u00e9lior\u00e9s sur vos t\u00e9l\u00e9chargements num\u00e9riques<\/li>\n<li>\u00c9conomisez du temps et des efforts en automatisant le processus de t\u00e9l\u00e9chargement<\/li>\n<li>Am\u00e9liorez votre exp\u00e9rience utilisateur avec une interface intuitive<\/li>\n<li>Vitesses de t\u00e9l\u00e9chargement fiables et rapides gr\u00e2ce \u00e0 la puissance de la technologie Amazon S3<\/li>\n<\/ul>\n","protected":false},"excerpt":{"rendered":"<p>D\u00e9couvrez la facilit\u00e9 ultime de la gestion des fichiers avec notre moniteur de t\u00e9l\u00e9chargement Amazon S3. Cet outil puissant int\u00e8gre sans effort votre seau Amazon S3 avec votre moniteur de t\u00e9l\u00e9chargement, vous permettant de stocker et de suivre vos fichiers en toute s\u00e9curit\u00e9 sur Amazon S3. Offrant une int\u00e9gration transparente, il vous permet de t\u00e9l\u00e9charger, de t\u00e9l\u00e9charger et de g\u00e9rer des fichiers directement \u00e0 partir de votre seau S3 sans tracas. Le plugin de t\u00e9l\u00e9chargement fournit une interface utilisateur intuitive, ce qui facilite l&rsquo;acc\u00e8s et la navigation sur votre seau S3. Avec cet outil, vos fichiers sont non seulement stock\u00e9s en toute s\u00e9curit\u00e9 mais \u00e9galement distribu\u00e9s rapidement et de mani\u00e8re fiable \u00e0 vos clients du monde entier, gr\u00e2ce \u00e0 l&rsquo;infrastructure robuste d&rsquo;Amazon S3. T\u00e9l\u00e9charger Monitor Amazon S3 est un outil incontournable pour ceux qui recherchent une gestion de fichiers efficace, s\u00e9curis\u00e9e et conviviale.<\/p>\n","protected":false},"featured_media":143568,"comment_status":"open","ping_status":"open","template":"","meta":[],"product_brand":[2520],"product_cat":[1187,1181,1186],"product_tag":[1250],"class_list":{"0":"post-119898","1":"product","2":"type-product","3":"status-publish","4":"has-post-thumbnail","6":"product_brand-download-monitor","7":"product_cat-administration-wordpress-plugins","8":"product_cat-plugins","9":"product_cat-wordpress-plugins","10":"product_tag-download-monitor","11":"member-discount","12":"discount-restricted","14":"first","15":"instock","16":"sale","17":"downloadable","18":"virtual","19":"sold-individually","20":"purchasable","21":"product-type-simple"},"_links":{"self":[{"href":"https:\/\/gpl-love.com\/fr\/wp-json\/wp\/v2\/product\/119898","targetHints":{"allow":["GET"]}}],"collection":[{"href":"https:\/\/gpl-love.com\/fr\/wp-json\/wp\/v2\/product"}],"about":[{"href":"https:\/\/gpl-love.com\/fr\/wp-json\/wp\/v2\/types\/product"}],"replies":[{"embeddable":true,"href":"https:\/\/gpl-love.com\/fr\/wp-json\/wp\/v2\/comments?post=119898"}],"wp:featuredmedia":[{"embeddable":true,"href":"https:\/\/gpl-love.com\/fr\/wp-json\/wp\/v2\/media\/143568"}],"wp:attachment":[{"href":"https:\/\/gpl-love.com\/fr\/wp-json\/wp\/v2\/media?parent=119898"}],"wp:term":[{"taxonomy":"product_brand","embeddable":true,"href":"https:\/\/gpl-love.com\/fr\/wp-json\/wp\/v2\/product_brand?post=119898"},{"taxonomy":"product_cat","embeddable":true,"href":"https:\/\/gpl-love.com\/fr\/wp-json\/wp\/v2\/product_cat?post=119898"},{"taxonomy":"product_tag","embeddable":true,"href":"https:\/\/gpl-love.com\/fr\/wp-json\/wp\/v2\/product_tag?post=119898"}],"curies":[{"name":"wp","href":"https:\/\/api.w.org\/{rel}","templated":true}]}}