{"id":119894,"date":"2026-03-08T00:00:00","date_gmt":"2026-03-07T23:00:00","guid":{"rendered":"https:\/\/gpl-love.com\/fr\/produit\/dokan-pro-wordpress-plugin\/"},"modified":"2026-04-07T00:31:03","modified_gmt":"2026-04-06T22:31:03","slug":"dokan-pro-wordpress-plugin","status":"publish","type":"product","link":"https:\/\/gpl-love.com\/fr\/produit\/dokan-pro-wordpress-plugin\/","title":{"rendered":"Dokan Pro WordPress Plugin 4.3.3"},"content":{"rendered":"<h3>Dokan Pro WordPress Plugin Traits<\/h3>\n<p>Dokan Pro, un plugin WordPress hautement redoutable, permet aux utilisateurs de cr\u00e9er et d&rsquo;administrer sans effort leur propre site de march\u00e9 en ligne. Ce plugin accorde \u00e0 ses utilisateurs la possibilit\u00e9 de m\u00e9tamorphoser de mani\u00e8re transparente leur site Web WordPress actuel en une plate-forme de march\u00e9 multi-fournisseurs enti\u00e8rement op\u00e9rationnelle, dans laquelle divers fournisseurs peuvent colporter leur assortiment de produits et de services. Le plugin profite d&rsquo;une vaste gamme d&rsquo;attributs, y compris une vitrine personnalisable, un tableau de bord intuitivement navigable, une administration de produit facile, ainsi qu&rsquo;un suivi des commandes sophistiqu\u00e9. De plus, Dokan Pro accorde \u00e9galement l&rsquo;acc\u00e8s aux options de passerelle de paiement de collecteur, accord\u00e9 aux outils de gestion de l&rsquo;exp\u00e9dition et compl\u00e9t\u00e9 par un syst\u00e8me de rapports complet sp\u00e9cialement con\u00e7u sp\u00e9cialement pour les fournisseurs. En somme, Dokan Pro est un plugin exceptionnel, qui s&rsquo;adresse \u00e0 l&rsquo;aspiration des individus souhaitant fa\u00e7onner leur propre march\u00e9 en ligne, qu&rsquo;ils soient propri\u00e9taires d&rsquo;une modeste entreprise ou d&rsquo;entrepreneurs en d\u00e9sirant avec ferveur pour \u00e9largir leur empreinte num\u00e9rique.<\/p>\n<ul>\n<li>Solution de march\u00e9 multi-vendeurs: le plugin Dokan Pro WordPress vous permet de cr\u00e9er une plate-forme de march\u00e9 multi-vendeurs puissante et personnalisable sur votre site Web propuls\u00e9 par WordPress.<\/li>\n<li>Interface conviviale: L&rsquo;interface utilisateur intuitive de Dokan Pro permet \u00e0 la fois aux fournisseurs et aux clients d&rsquo;acc\u00e9der et de g\u00e9rer facilement leurs comptes.<\/li>\n<li>Gestion avanc\u00e9e des produits: les fournisseurs peuvent cr\u00e9er et g\u00e9rer leurs produits, fixer des prix et des remises, g\u00e9rer l&rsquo;exp\u00e9dition et les stocks et des fonctionnalit\u00e9s plus avanc\u00e9es.<\/li>\n<li>Store personnalisables: les fournisseurs peuvent personnaliser leurs vitrines avec leur propre image de marque, images et cat\u00e9gories de produits pour cr\u00e9er une forte pr\u00e9sence de marque.<\/li>\n<li>Gestion des commandes avanc\u00e9es: Dokan Pro propose un syst\u00e8me de gestion des commandes efficace qui permet aux fournisseurs de g\u00e9rer et de passer les commandes des clients en temps opportun et efficace.<\/li>\n<li>Int\u00e9gration de la passerelle de paiement s\u00e9curis\u00e9e: le plugin prend en charge plusieurs passerelles de paiement, y compris PayPal, Stripe et autres, pour s&rsquo;assurer que les transactions sont s\u00fbres, s\u00e9curis\u00e9es et transparentes.<\/li>\n<li>Syst\u00e8me de retrait facile: les fournisseurs peuvent facilement retirer leurs revenus via un syst\u00e8me de traitement des paiements sans tracas et s\u00e9curis\u00e9.<\/li>\n<li>\u00c9voluable et personnalisable: Dokan Pro est \u00e9volutif et personnalisable avec une gamme de modules compl\u00e9mentaires et d&rsquo;options de personnalisation pour r\u00e9pondre aux besoins uniques de votre entreprise.<\/li>\n<\/ul>\n","protected":false},"excerpt":{"rendered":"<p>Pr\u00e9sentation du plugin Dokan Pro WordPress, un outil intuitif con\u00e7u pour r\u00e9volutionner votre entreprise de commerce \u00e9lectronique. Notre plugin propose une plate-forme compl\u00e8te pour g\u00e9rer et personnaliser facilement votre boutique en ligne. Dokan Pro est con\u00e7u pour \u00eatre convivial, permettant m\u00eame aux d\u00e9butants de cr\u00e9er un site Web de commerce \u00e9lectronique de qualit\u00e9 professionnelle. Avec Dokan Pro, vous pouvez cr\u00e9er et g\u00e9rer sans effort vos listes de produits, g\u00e9rer l&rsquo;exp\u00e9dition et les paiements et m\u00eame concevoir une vitrine unique pour correspondre \u00e0 votre marque.<\/p>\n<p>Le plugin Dokan Pro WordPress est \u00e9galement largement reconnu pour sa fonctionnalit\u00e9 de march\u00e9 multi-vendeurs. Cette fonctionnalit\u00e9 fantastique permet \u00e0 plusieurs fournisseurs d&rsquo;h\u00e9berger leurs produits sur votre plate-forme, transformant votre boutique en ligne en un march\u00e9 num\u00e9rique anim\u00e9.<\/p>\n<p>Dokan Pro fournit \u00e9galement aux fournisseurs des tableaux de bord individuels, leur permettant de g\u00e9rer leurs produits et leurs ventes ind\u00e9pendamment. Avec cette fonctionnalit\u00e9, vous pouvez attirer plus de fournisseurs sur votre plate-forme, ce qui entra\u00eene une augmentation de la vari\u00e9t\u00e9 des produits et du trafic client.<\/p>\n<p>Le plugin Dokan Pro WordPress assure \u00e9galement une int\u00e9gration transparente avec diverses passerelles de paiement, offrant \u00e0 la fois vous et votre<\/p>\n","protected":false},"featured_media":143562,"comment_status":"open","ping_status":"open","template":"","meta":[],"product_brand":[2519],"product_cat":[1182,1223,1181],"product_tag":[1248],"class_list":{"0":"post-119894","1":"product","2":"type-product","3":"status-publish","4":"has-post-thumbnail","6":"product_brand-dokan","7":"product_cat-commerce-electronique-plugins","8":"product_cat-personnalisation-commerce-electronique-plugins","9":"product_cat-plugins","10":"product_tag-dokan","11":"member-discount","12":"discount-restricted","14":"first","15":"instock","16":"sale","17":"downloadable","18":"virtual","19":"sold-individually","20":"purchasable","21":"product-type-simple"},"_links":{"self":[{"href":"https:\/\/gpl-love.com\/fr\/wp-json\/wp\/v2\/product\/119894","targetHints":{"allow":["GET"]}}],"collection":[{"href":"https:\/\/gpl-love.com\/fr\/wp-json\/wp\/v2\/product"}],"about":[{"href":"https:\/\/gpl-love.com\/fr\/wp-json\/wp\/v2\/types\/product"}],"replies":[{"embeddable":true,"href":"https:\/\/gpl-love.com\/fr\/wp-json\/wp\/v2\/comments?post=119894"}],"wp:featuredmedia":[{"embeddable":true,"href":"https:\/\/gpl-love.com\/fr\/wp-json\/wp\/v2\/media\/143562"}],"wp:attachment":[{"href":"https:\/\/gpl-love.com\/fr\/wp-json\/wp\/v2\/media?parent=119894"}],"wp:term":[{"taxonomy":"product_brand","embeddable":true,"href":"https:\/\/gpl-love.com\/fr\/wp-json\/wp\/v2\/product_brand?post=119894"},{"taxonomy":"product_cat","embeddable":true,"href":"https:\/\/gpl-love.com\/fr\/wp-json\/wp\/v2\/product_cat?post=119894"},{"taxonomy":"product_tag","embeddable":true,"href":"https:\/\/gpl-love.com\/fr\/wp-json\/wp\/v2\/product_tag?post=119894"}],"curies":[{"name":"wp","href":"https:\/\/api.w.org\/{rel}","templated":true}]}}