{"id":119892,"date":"2026-03-13T00:00:00","date_gmt":"2026-03-12T23:00:00","guid":{"rendered":"https:\/\/gpl-love.com\/fr\/produit\/divi-the-most-popular-wordpress-theme\/"},"modified":"2026-03-20T23:01:01","modified_gmt":"2026-03-20T22:01:01","slug":"divi-the-most-popular-wordpress-theme","status":"publish","type":"product","link":"https:\/\/gpl-love.com\/fr\/produit\/divi-the-most-popular-wordpress-theme\/","title":{"rendered":"Divi Theme 5.0.3"},"content":{"rendered":"<h3>Divi Theme Traits<\/h3>\n<p>Le th\u00e8me Divi est un th\u00e8me WordPress incroyablement robuste et flexible qui fournit aux utilisateurs un vaste \u00e9ventail de choix de conception et de fonctionnalit\u00e9s de personnalisation qui ne peuvent m\u00eame pas satisfaire les cr\u00e9ateurs Web les plus exigeants. Son constructeur visuel tr\u00e8s intuitif permet aux utilisateurs de fabriquer sans effort des sites Web qui d\u00e9gagent une esth\u00e9tique professionnelle, le tout sans n\u00e9cessiter aucune connaissance du codage. De plus, ce th\u00e8me est dot\u00e9 d&rsquo;une pl\u00e9thore de mod\u00e8les et de dispositions pr\u00e9-con\u00e7us, rendant l&rsquo;initiation d&rsquo;un projet une entreprise sans effort. De plus, le th\u00e8me Divi a \u00e9t\u00e9 m\u00e9ticuleusement optimis\u00e9 pour la vitesse et le r\u00e9f\u00e9rencement, garantissant ainsi que tout site Web \u00e9tabli sur cette plate-forme particuli\u00e8re pr\u00e9sentera des performances exceptionnelles et obtiendra des classements remarquables dans les r\u00e9sultats des moteurs de recherche. Que vous vous identifiiez en tant que blogueur prolifique, propri\u00e9taire d&rsquo;une petite entreprise ou d\u00e9veloppeur Web adepte, le th\u00e8me Divi \u00e9merge sans aucun doute le choix optimal pour mat\u00e9rialiser des sites Web \u00e9poustouflants et hautement fonctionnels.<\/p>\n<ul>\n<li>Th\u00e8me WordPress hautement personnalisable avec g\u00e9n\u00e9rateur de pages glisser-d\u00e9poser<\/li>\n<li>Comprend des mod\u00e8les et des dispositions pr\u00e9fabriqu\u00e9s pour une cr\u00e9ation de site Web facile<\/li>\n<li>Large gamme d&rsquo;options de conception pour personnaliser la typographie, les couleurs, les animations et plus encore<\/li>\n<li>Intregate de mani\u00e8re transparente avec les plugins WordPress populaires pour des fonctionnalit\u00e9s suppl\u00e9mentaires<\/li>\n<li>Optimis\u00e9 pour la r\u00e9activit\u00e9 sur tous les appareils, assurant une exp\u00e9rience utilisateur transparente<\/li>\n<li>Fonctionnalit\u00e9s de tests et d&rsquo;optimisation de conversion int\u00e9gr\u00e9s pour am\u00e9liorer les performances du site Web<\/li>\n<li>Documentation compl\u00e8te de soutien et forum communautaire d\u00e9di\u00e9 au d\u00e9pannage et \u00e0 l&rsquo;assistance<\/li>\n<li>Mises \u00e0 jour r\u00e9guli\u00e8res et am\u00e9liorations des fonctionnalit\u00e9s pour maintenir votre site Web \u00e0 jour avec les derni\u00e8res tendances et technologies de conception.<\/li>\n<\/ul>\n","protected":false},"excerpt":{"rendered":"<p>Le th\u00e8me Divi est un th\u00e8me WordPress incroyablement polyvalent qui vous permet de cr\u00e9er des sites Web \u00e9tonnants facilement et efficacement. Ce th\u00e8me hautement personnalisable est aliment\u00e9 par le Divi Builder, un \u00e9diteur frontal intuitif qui vous permet de concevoir votre site en temps r\u00e9el, offrant un contr\u00f4le ultime sur la conception de votre site Web. Avec le th\u00e8me Divi, vous pouvez construire quoi que ce soit visuellement et enregistrer vos mises en page dans la biblioth\u00e8que pour une utilisation future. Le th\u00e8me est livr\u00e9 avec plus de 40 \u00e9l\u00e9ments de site Web, plus de 800 conceptions pr\u00e9-faites et plus de 100 packs de sites Web complets. Il poss\u00e8de \u00e9galement un \u00e9ventail de fonctionnalit\u00e9s impressionnantes, notamment l&rsquo;\u00e9dition r\u00e9active, des \u00e9l\u00e9ments et des styles mondiaux, et un syst\u00e8me de test partag\u00e9 complet. La flexibilit\u00e9 et la fonctionnalit\u00e9 du th\u00e8me Divi en font un choix id\u00e9al pour les d\u00e9butants et les professionnels chevronn\u00e9s.<\/p>\n","protected":false},"featured_media":143552,"comment_status":"open","ping_status":"open","template":"","meta":[],"product_brand":[2511],"product_cat":[1214,1212,1213],"product_tag":[1261],"class_list":{"0":"post-119892","1":"product","2":"type-product","3":"status-publish","4":"has-post-thumbnail","6":"product_brand-elegant-themes","7":"product_cat-polyvalent","8":"product_cat-themes","9":"product_cat-wordpress-themes","10":"product_tag-elegant-themes","11":"member-discount","12":"discount-restricted","14":"first","15":"instock","16":"sale","17":"downloadable","18":"virtual","19":"sold-individually","20":"purchasable","21":"product-type-simple"},"_links":{"self":[{"href":"https:\/\/gpl-love.com\/fr\/wp-json\/wp\/v2\/product\/119892","targetHints":{"allow":["GET"]}}],"collection":[{"href":"https:\/\/gpl-love.com\/fr\/wp-json\/wp\/v2\/product"}],"about":[{"href":"https:\/\/gpl-love.com\/fr\/wp-json\/wp\/v2\/types\/product"}],"replies":[{"embeddable":true,"href":"https:\/\/gpl-love.com\/fr\/wp-json\/wp\/v2\/comments?post=119892"}],"wp:featuredmedia":[{"embeddable":true,"href":"https:\/\/gpl-love.com\/fr\/wp-json\/wp\/v2\/media\/143552"}],"wp:attachment":[{"href":"https:\/\/gpl-love.com\/fr\/wp-json\/wp\/v2\/media?parent=119892"}],"wp:term":[{"taxonomy":"product_brand","embeddable":true,"href":"https:\/\/gpl-love.com\/fr\/wp-json\/wp\/v2\/product_brand?post=119892"},{"taxonomy":"product_cat","embeddable":true,"href":"https:\/\/gpl-love.com\/fr\/wp-json\/wp\/v2\/product_cat?post=119892"},{"taxonomy":"product_tag","embeddable":true,"href":"https:\/\/gpl-love.com\/fr\/wp-json\/wp\/v2\/product_tag?post=119892"}],"curies":[{"name":"wp","href":"https:\/\/api.w.org\/{rel}","templated":true}]}}