{"id":119888,"date":"2026-04-16T00:00:00","date_gmt":"2026-04-15T22:00:00","guid":{"rendered":"https:\/\/gpl-love.com\/fr\/produit\/divi-booster-plugin\/"},"modified":"2026-04-17T00:30:31","modified_gmt":"2026-04-16T22:30:31","slug":"divi-booster-plugin","status":"publish","type":"product","link":"https:\/\/gpl-love.com\/fr\/produit\/divi-booster-plugin\/","title":{"rendered":"Divi Booster Plugin 5.2"},"content":{"rendered":"<h3>Divi Booster Plugin Traits<\/h3>\n<p>Le plugin Divi Booster, qui sert d&rsquo;outil puissant, poss\u00e8de la capacit\u00e9 d&rsquo;augmenter le th\u00e8me Divi, un th\u00e8me WordPress tr\u00e8s recherch\u00e9. Ce plugin particulier offre plus d&rsquo;une centaine d&rsquo;options de personnalisation, accordant ainsi aux utilisateurs la possibilit\u00e9 de modifier l&rsquo;apparence et la fonctionnalit\u00e9 de leur site Web sans n\u00e9cessiter de comp\u00e9tences de codage. En utilisant le plugin Divi Booster, les individus peuvent incorporer sans effort de nouveaux modules et fonctionnalit\u00e9s dans leur site, affiner la mise en page et le style des modules pr\u00e9existants, et optimiser leur plate-forme en ligne pour des performances optimales de moteur de recherche. Notamment, l&rsquo;interface conviviale et les contr\u00f4les con\u00e7us intuitivement garantissent que m\u00eame les individus d\u00e9pourvus d&rsquo;expertise technique peuvent mettre en \u0153uvre sans effort des modifications substantielles de leur site Web. Dans l&rsquo;ensemble, ce plugin repr\u00e9sente une s\u00e9lection exceptionnelle pour ceux qui cherchent \u00e0 \u00e9lever le calibre de leur site Divi.<\/p>\n<ul>\n<li>Boose la fonctionnalit\u00e9 de votre th\u00e8me divi<\/li>\n<li>Ajoute plus de 100 options de personnalisation \u00e0 Divi<\/li>\n<li>Meilleures performances du site avec un ballonnement de code minimal<\/li>\n<li>Interface facile \u00e0 utiliser pour les d\u00e9butants et les utilisateurs avanc\u00e9s<\/li>\n<li>Am\u00e9liore le r\u00e9f\u00e9rencement avec des options int\u00e9gr\u00e9es pour le balisage du sch\u00e9ma et la chapelure<\/li>\n<li>Boose l&rsquo;exp\u00e9rience utilisateur avec des options pour les en-t\u00eates, superpositions et pop-ups collants<\/li>\n<li>Permet plus de contr\u00f4le sur l&rsquo;apparence et la fonctionnalit\u00e9 des modules et des lignes<\/li>\n<li>Fournit des options pour CSS et JavaScript personnalis\u00e9s<\/li>\n<li>Mises \u00e0 jour r\u00e9guli\u00e8res et correctifs de bogues d&rsquo;une \u00e9quipe de d\u00e9veloppeur d\u00e9di\u00e9e<\/li>\n<li>Compatible avec la derni\u00e8re version de Divi et WordPress<\/li>\n<\/ul>\n","protected":false},"excerpt":{"rendered":"<p>Lib\u00e9rez le plein potentiel de votre site Web avec le plugin Divi Booster. Cet outil puissant am\u00e9liore la fonctionnalit\u00e9 de Divi, l&rsquo;un des th\u00e8mes WordPress les plus populaires, vous offrant des options de personnalisation illimit\u00e9es. Avec Divi Booster, vous pouvez facilement personnaliser la disposition, les couleurs et les polices de votre site. Il permet \u00e9galement des fonctionnalit\u00e9s avanc\u00e9es comme l&rsquo;ajout de CSS et JavaScript personnalis\u00e9s. C&rsquo;est un plugin incontournable pour ceux qui cherchent \u00e0 affiner leur site Divi au plus petit, le rendant plus attrayant et convivial. Le plugin Divi Booster n&rsquo;est pas seulement un outil, mais une solution pour vous aider \u00e0 cr\u00e9er un espace num\u00e9rique unique et personnalis\u00e9. Passez l&rsquo;esth\u00e9tique et les performances de votre site Web au niveau sup\u00e9rieur avec Divi Booster.<\/p>\n","protected":false},"featured_media":143542,"comment_status":"open","ping_status":"open","template":"","meta":[],"product_brand":[2510],"product_cat":[1189,1181,1186],"product_tag":[2345],"class_list":{"0":"post-119888","1":"product","2":"type-product","3":"status-publish","4":"has-post-thumbnail","6":"product_brand-divi-booster","7":"product_cat-personnalisation","8":"product_cat-plugins","9":"product_cat-wordpress-plugins","10":"product_tag-divi-booster","11":"member-discount","12":"discount-restricted","14":"first","15":"instock","16":"sale","17":"downloadable","18":"virtual","19":"sold-individually","20":"purchasable","21":"product-type-simple"},"_links":{"self":[{"href":"https:\/\/gpl-love.com\/fr\/wp-json\/wp\/v2\/product\/119888","targetHints":{"allow":["GET"]}}],"collection":[{"href":"https:\/\/gpl-love.com\/fr\/wp-json\/wp\/v2\/product"}],"about":[{"href":"https:\/\/gpl-love.com\/fr\/wp-json\/wp\/v2\/types\/product"}],"replies":[{"embeddable":true,"href":"https:\/\/gpl-love.com\/fr\/wp-json\/wp\/v2\/comments?post=119888"}],"wp:featuredmedia":[{"embeddable":true,"href":"https:\/\/gpl-love.com\/fr\/wp-json\/wp\/v2\/media\/143542"}],"wp:attachment":[{"href":"https:\/\/gpl-love.com\/fr\/wp-json\/wp\/v2\/media?parent=119888"}],"wp:term":[{"taxonomy":"product_brand","embeddable":true,"href":"https:\/\/gpl-love.com\/fr\/wp-json\/wp\/v2\/product_brand?post=119888"},{"taxonomy":"product_cat","embeddable":true,"href":"https:\/\/gpl-love.com\/fr\/wp-json\/wp\/v2\/product_cat?post=119888"},{"taxonomy":"product_tag","embeddable":true,"href":"https:\/\/gpl-love.com\/fr\/wp-json\/wp\/v2\/product_tag?post=119888"}],"curies":[{"name":"wp","href":"https:\/\/api.w.org\/{rel}","templated":true}]}}