{"id":119886,"date":"2025-10-13T00:00:00","date_gmt":"2025-10-12T22:00:00","guid":{"rendered":"https:\/\/gpl-love.com\/fr\/produit\/directory-pro\/"},"modified":"2026-03-20T23:00:49","modified_gmt":"2026-03-20T22:00:49","slug":"directory-pro","status":"publish","type":"product","link":"https:\/\/gpl-love.com\/fr\/produit\/directory-pro\/","title":{"rendered":"Directory Pro 2.5.6"},"content":{"rendered":"<h3>Directory Pro Traits<\/h3>\n<p>Directory Pro est un plugin WordPress incroyablement robuste et charg\u00e9 de fonctionnalit\u00e9s qui pr\u00e9sente aux utilisateurs un syst\u00e8me de gestion de r\u00e9pertoire complet et adaptable. En utilisant Directory Pro, les individus peuvent g\u00e9n\u00e9rer et personnaliser sans effort tout type de r\u00e9pertoire, allant des listes commerciales et des publicit\u00e9s classifi\u00e9es aux cartes d&#8217;emploi et aux calendriers d&rsquo;\u00e9v\u00e9nements. Ce plugin poss\u00e8de un large \u00e9ventail de fonctionnalit\u00e9s avanc\u00e9es, telles que les formulaires de soumission frontale, les profils d&rsquo;utilisateurs, les options de connexion sociale, l&rsquo;int\u00e9gration transparente avec Google Maps, les capacit\u00e9s avanc\u00e9es de recherche et de filtrage, et bien plus encore. Avec son interface intuitive, ses options de personnalisation expansives et sa documentation approfondie, Directory Pro appara\u00eet comme la solution id\u00e9ale pour tous ceux qui cherchent \u00e0 \u00e9tablir un site Web d&rsquo;annuaire professionnel et extr\u00eamement efficace. Que vous soyez un propri\u00e9taire commercial, un marketing ou un d\u00e9veloppeur, soyez assur\u00e9 que ce plugin r\u00e9pondra efficacement \u00e0 chacune de vos exigences de gestion de la r\u00e9pertoire.<\/p>\n<ul>\n<li>La solution parfaite pour cr\u00e9er et g\u00e9rer les sites Web d&rsquo;annuaire<\/li>\n<li>Vous permet d&rsquo;ajouter, de modifier et de classer facilement les listes<\/li>\n<li>S&rsquo;int\u00e8gre \u00e0 plusieurs passerelles de paiement pour accepter les paiements pour les listes<\/li>\n<li>Les options de recherche et de filtrage configurables permettent aux utilisateurs de trouver facilement ce qu&rsquo;ils recherchent<\/li>\n<li>Les cartes interactives avec des marqueurs de localisation am\u00e9liorent l&rsquo;exp\u00e9rience de navigation<\/li>\n<li>Des options de conception flexibles vous permettent de personnaliser la disposition frontale pour correspondre \u00e0 votre marque<\/li>\n<li>Les param\u00e8tres avanc\u00e9s vous permettent de contr\u00f4ler les fonctionnalit\u00e9s, les autorisations et les r\u00f4les des utilisateurs du r\u00e9pertoire<\/li>\n<li>Des tonnes de modules compl\u00e9mentaires suppl\u00e9mentaires disponibles pour am\u00e9liorer les fonctionnalit\u00e9s<\/li>\n<li>Compatible avec WordPress, ce qui le rend simple \u00e0 installer et \u00e0 utiliser<\/li>\n<li>Support client d\u00e9di\u00e9 pour vous aider \u00e0 tirer le meilleur parti de votre r\u00e9pertoire.<\/li>\n<\/ul>\n","protected":false},"excerpt":{"rendered":"<p>Directory Pro est un plugin WordPress complet et convivial con\u00e7u pour r\u00e9pondre \u00e0 tous vos besoins de r\u00e9pertoire. Il s&rsquo;agit d&rsquo;une solution id\u00e9ale pour les entreprises et les personnes qui cherchent \u00e0 cr\u00e9er un r\u00e9pertoire en ligne professionnel et fonctionnel. Avec son interface intuitive, Directory Pro vous permet de cr\u00e9er, g\u00e9rer et personnaliser sans effort les listes commerciales. Il est convivial pour le r\u00e9f\u00e9rencement, garantissant que votre r\u00e9pertoire est facilement d\u00e9couverte par les moteurs de recherche. Le plugin prend \u00e9galement en charge l&rsquo;int\u00e9gration PayPal et Stripe, offrant des options de paiement s\u00e9curis\u00e9es et flexibles. Une autre caract\u00e9ristique cl\u00e9 est sa conception r\u00e9active, qui garantit que votre r\u00e9pertoire a fi\u00e8re allure sur tous les appareils. Avec Directory Pro, la construction d&rsquo;un r\u00e9pertoire en ligne est un jeu d&rsquo;enfant. Ce n&rsquo;est pas seulement un plugin; C&rsquo;est un outil puissant qui vous donne le contr\u00f4le pour cr\u00e9er un r\u00e9pertoire qui r\u00e9pond \u00e0 vos besoins sp\u00e9cifiques.<\/p>\n","protected":false},"featured_media":143538,"comment_status":"open","ping_status":"open","template":"","meta":[],"product_brand":[2435],"product_cat":[1189,1181,1186],"product_tag":[1231],"class_list":{"0":"post-119886","1":"product","2":"type-product","3":"status-publish","4":"has-post-thumbnail","6":"product_brand-codecanyon","7":"product_cat-personnalisation","8":"product_cat-plugins","9":"product_cat-wordpress-plugins","10":"product_tag-codecanyon","11":"member-discount","12":"discount-restricted","14":"first","15":"instock","16":"sale","17":"downloadable","18":"virtual","19":"sold-individually","20":"purchasable","21":"product-type-simple"},"_links":{"self":[{"href":"https:\/\/gpl-love.com\/fr\/wp-json\/wp\/v2\/product\/119886","targetHints":{"allow":["GET"]}}],"collection":[{"href":"https:\/\/gpl-love.com\/fr\/wp-json\/wp\/v2\/product"}],"about":[{"href":"https:\/\/gpl-love.com\/fr\/wp-json\/wp\/v2\/types\/product"}],"replies":[{"embeddable":true,"href":"https:\/\/gpl-love.com\/fr\/wp-json\/wp\/v2\/comments?post=119886"}],"wp:featuredmedia":[{"embeddable":true,"href":"https:\/\/gpl-love.com\/fr\/wp-json\/wp\/v2\/media\/143538"}],"wp:attachment":[{"href":"https:\/\/gpl-love.com\/fr\/wp-json\/wp\/v2\/media?parent=119886"}],"wp:term":[{"taxonomy":"product_brand","embeddable":true,"href":"https:\/\/gpl-love.com\/fr\/wp-json\/wp\/v2\/product_brand?post=119886"},{"taxonomy":"product_cat","embeddable":true,"href":"https:\/\/gpl-love.com\/fr\/wp-json\/wp\/v2\/product_cat?post=119886"},{"taxonomy":"product_tag","embeddable":true,"href":"https:\/\/gpl-love.com\/fr\/wp-json\/wp\/v2\/product_tag?post=119886"}],"curies":[{"name":"wp","href":"https:\/\/api.w.org\/{rel}","templated":true}]}}