{"id":119882,"date":"2026-05-01T00:00:00","date_gmt":"2026-04-30T22:00:00","guid":{"rendered":"https:\/\/gpl-love.com\/fr\/produit\/digits-wordpress-mobile-number-signup-et-login-et-add-ons\/"},"modified":"2026-05-01T12:30:17","modified_gmt":"2026-05-01T10:30:17","slug":"digits-wordpress-mobile-number-signup-et-login-et-add-ons","status":"publish","type":"product","link":"https:\/\/gpl-love.com\/fr\/produit\/digits-wordpress-mobile-number-signup-et-login-et-add-ons\/","title":{"rendered":"Digits WordPress Mobile Number Signup et Login et Add-ons 9.1.0.4"},"content":{"rendered":"<h3>Digits WordPress Mobile Number Signup et Login et Add-ons Traits<\/h3>\n<p>Digits WordPress Num\u00e9ro Mobile Inscription et Connexion et compl\u00e9mentations est une solution tout compris qui r\u00e9pond aux besoins des propri\u00e9taires de sites Web qui souhaitent incorporer l&rsquo;authentification des num\u00e9ros de mobile dans leur site Web WordPress. En utilisant ce plugin, les utilisateurs ont la possibilit\u00e9 de s&rsquo;inscrire et de se connecter en utilisant leur num\u00e9ro de mobile, avec l&rsquo;assurance suppl\u00e9mentaire de la v\u00e9rification SMS. Le package comprend \u00e9galement des modules compl\u00e9mentaires suppl\u00e9mentaires qui offrent des fonctionnalit\u00e9s suppl\u00e9mentaires, telles que l&rsquo;authentification \u00e0 deux facteurs, les redirections de connexion personnalis\u00e9es et les champs de profil utilisateur. Le plugin poss\u00e8de un niveau \u00e9lev\u00e9 d&rsquo;adaptabilit\u00e9, car il pr\u00e9sente une pl\u00e9thore de param\u00e8tres personnalisables qui peuvent \u00eatre adapt\u00e9s aux exigences uniques d&rsquo;un site Web donn\u00e9. Dans l&rsquo;ensemble, la connexion et la connexion des num\u00e9ros mobiles de Digits WordPress sert de solution fiable et tr\u00e8s efficace pour les propri\u00e9taires de sites Web qui cherchent \u00e0 renforcer la s\u00e9curit\u00e9 et \u00e0 am\u00e9liorer l&rsquo;exp\u00e9rience utilisateur de leur site Web.<\/p>\n<ul>\n<li>Processus de v\u00e9rification du num\u00e9ro de mobile OTP (mot de passe ponctuel facile) facile pour les nouveaux utilisateurs<\/li>\n<li>Processus de connexion sans couture pour les utilisateurs existants avec leur num\u00e9ro de mobile v\u00e9rifi\u00e9<\/li>\n<li>Option pour les utilisateurs pour enregistrer leur num\u00e9ro de mobile pour un acc\u00e8s rapide dans les connexions futures<\/li>\n<li>Int\u00e9gration sans effort avec tout site Web WordPress<\/li>\n<li>Messages de notification personnalisables pour la v\u00e9rification OTP et le succ\u00e8s de la connexion<\/li>\n<li>Option pour l&rsquo;administrateur pour afficher et g\u00e9rer les num\u00e9ros mobiles des utilisateurs dans le backend<\/li>\n<li>Plusieurs modules compl\u00e9mentaires disponibles pour am\u00e9liorer les fonctionnalit\u00e9s du plugin, tels que la restriction de certaines pages aux utilisateurs uniquement avec des num\u00e9ros mobiles v\u00e9rifi\u00e9s ou l&rsquo;ajout d&rsquo;un menu d\u00e9roulant de code de pays.<\/li>\n<\/ul>\n","protected":false},"excerpt":{"rendered":"<p>D\u00e9couvrez la commodit\u00e9 de l&rsquo;enregistrement et de la connexion des utilisateurs sans couture sur votre site WordPress avec des chiffres de la inscription et de la connexion du num\u00e9ro de mobile WordPress. Cet outil puissant permet aux utilisateurs de s&rsquo;inscrire ou de se connecter sur votre site \u00e0 l&rsquo;aide de leurs num\u00e9ros mobiles, en \u00e9liminant le besoin d&rsquo;identifices d&rsquo;e-mail. Digits est compatible avec toutes les derni\u00e8res versions de WordPress et fonctionne parfaitement sur n&rsquo;importe quel appareil.<\/p>\n<p>De plus, ce plugin est charg\u00e9 d&rsquo;une gamme de modules compl\u00e9mentaires qui am\u00e9liorent la fonctionnalit\u00e9 et l&rsquo;exp\u00e9rience utilisateur. De la connexion OTP, de la connexion sans mot de passe, de la connexion sans e-mail aux champs personnalis\u00e9s et du constructeur logique, Digits offre tout ce dont vous avez besoin pour simplifier le processus d&rsquo;inscription et de connexion de votre site.<\/p>\n<p>Avec les chiffres, vous pouvez \u00e9galement personnaliser l&rsquo;interface utilisateur pour correspondre \u00e0 l&rsquo;esth\u00e9tique de votre marque, offrant une exp\u00e9rience coh\u00e9rente et visuellement agr\u00e9able \u00e0 vos utilisateurs. Ses performances \u00e0 grande vitesse garantissent un processus d&rsquo;enregistrement rapide et fluide, am\u00e9liorant la satisfaction des utilisateurs et r\u00e9duisant les taux de rebond.<\/p>\n<p>Choisissez des chiffres WordPress Num\u00e9ro mobile et connexion et ses modules compl\u00e9mentaires pour un processus d&rsquo;enregistrement et de connexion simplifi\u00e9, efficace et convivial sur votre WordPress<\/p>\n","protected":false},"featured_media":143534,"comment_status":"open","ping_status":"open","template":"","meta":[],"product_brand":[2435],"product_cat":[1181,1232,1186],"product_tag":[1231],"class_list":{"0":"post-119882","1":"product","2":"type-product","3":"status-publish","4":"has-post-thumbnail","6":"product_brand-codecanyon","7":"product_cat-plugins","8":"product_cat-social","9":"product_cat-wordpress-plugins","10":"product_tag-codecanyon","11":"member-discount","12":"discount-restricted","14":"first","15":"instock","16":"sale","17":"downloadable","18":"virtual","19":"sold-individually","20":"purchasable","21":"product-type-simple"},"_links":{"self":[{"href":"https:\/\/gpl-love.com\/fr\/wp-json\/wp\/v2\/product\/119882","targetHints":{"allow":["GET"]}}],"collection":[{"href":"https:\/\/gpl-love.com\/fr\/wp-json\/wp\/v2\/product"}],"about":[{"href":"https:\/\/gpl-love.com\/fr\/wp-json\/wp\/v2\/types\/product"}],"replies":[{"embeddable":true,"href":"https:\/\/gpl-love.com\/fr\/wp-json\/wp\/v2\/comments?post=119882"}],"wp:featuredmedia":[{"embeddable":true,"href":"https:\/\/gpl-love.com\/fr\/wp-json\/wp\/v2\/media\/143534"}],"wp:attachment":[{"href":"https:\/\/gpl-love.com\/fr\/wp-json\/wp\/v2\/media?parent=119882"}],"wp:term":[{"taxonomy":"product_brand","embeddable":true,"href":"https:\/\/gpl-love.com\/fr\/wp-json\/wp\/v2\/product_brand?post=119882"},{"taxonomy":"product_cat","embeddable":true,"href":"https:\/\/gpl-love.com\/fr\/wp-json\/wp\/v2\/product_cat?post=119882"},{"taxonomy":"product_tag","embeddable":true,"href":"https:\/\/gpl-love.com\/fr\/wp-json\/wp\/v2\/product_tag?post=119882"}],"curies":[{"name":"wp","href":"https:\/\/api.w.org\/{rel}","templated":true}]}}