{"id":119880,"date":"2022-06-19T00:00:00","date_gmt":"2022-06-18T22:00:00","guid":{"rendered":"https:\/\/gpl-love.com\/fr\/produit\/dhwc-elementor\/"},"modified":"2026-03-20T23:00:39","modified_gmt":"2026-03-20T22:00:39","slug":"dhwc-elementor","status":"publish","type":"product","link":"https:\/\/gpl-love.com\/fr\/produit\/dhwc-elementor\/","title":{"rendered":"DHWC Elementor 1.2.8"},"content":{"rendered":"<h3>DHWC Elementor Traits<\/h3>\n<p>DHWC Elementor appara\u00eet comme un plugin extr\u00eamement robuste m\u00e9ticuleusement con\u00e7u pour \u00e9lever la fonctionnalit\u00e9 de votre emporium virtuel. Il s&rsquo;amalgate sans effort avec Elementor, un constructeur de pages pr\u00e9\u00e9minent, pour vous fournir une interface \u00e0 la fois conviviale et propice \u00e0 la cr\u00e9ation de pages de produits personnalis\u00e9s. En vertu de DHWC Elementor, l&rsquo;exposition d&rsquo;informations sur les produits, de variations, d&rsquo;images et d&rsquo;\u00e9valuations est accomplie de mani\u00e8re visuellement resplendissante et impeccablement organis\u00e9e. De plus, ce plugin poss\u00e8de des aspects suppl\u00e9mentaires tels que Ajax Ajouter \u00e0 la fonctionnalit\u00e9 de CART, des capacit\u00e9s de filtration des produits et des m\u00e9canismes de pagination qui am\u00e9liorent en synergie l&rsquo;\u00e9preuve d&rsquo;achat de votre client\u00e8le estim\u00e9e. De plus, DHWC Elementor poss\u00e8de une r\u00e9activit\u00e9 compl\u00e8te et s&rsquo;harmonise parfaitement avec tous les th\u00e8mes WordPress de premier plan. Par cons\u00e9quent, que vous superviiez une petite boutique ou un vaste march\u00e9 \u00e9lectronique, DHWC Elementor facilitera efficacement la cr\u00e9ation d&rsquo;une plate-forme de vente au d\u00e9tail en ligne sophistiqu\u00e9e et rationalis\u00e9e.<\/p>\n<ul>\n<li>DHWC Elementor est un plugin puissant qui vous permet de cr\u00e9er des dispositions de produits personnalis\u00e9es dans WooCommerce \u00e0 l&rsquo;aide du Builder de page Elementor populaire.<\/li>\n<li>Avec DHWC Elementor, vous pouvez facilement personnaliser vos pages de produits pour mieux pr\u00e9senter vos produits, y compris les images de produits, les prix, etc.<\/li>\n<li>Ce plugin est facile \u00e0 utiliser, m\u00eame si vous n&rsquo;\u00eates pas familier avec le codage ou les constructeurs de pages compliqu\u00e9s. Faites simplement glisser et d\u00e9posez les widgets pour cr\u00e9er votre disposition, avec un contr\u00f4le complet sur la typographie, les couleurs et les styles.<\/li>\n<li>DHWC Elementor comprend \u00e9galement une large gamme de mod\u00e8les pr\u00e9-con\u00e7us pour vous aider \u00e0 d\u00e9marrer rapidement, ainsi qu&rsquo;une vari\u00e9t\u00e9 d&rsquo;options de personnalisation pour rendre vos pages de produits vraiment uniques.<\/li>\n<li>Avec son int\u00e9gration transparente avec WooCommerce et Elementor, DHWC Elementor est un outil incontournable pour tout propri\u00e9taire de magasin en ligne qui cherche \u00e0 cr\u00e9er de superbes pages de produits qui se convertissent.<\/li>\n<\/ul>\n","protected":false},"excerpt":{"rendered":"<p>\u00c9levez la fonctionnalit\u00e9 et le style de votre site Web avec DHWC Elementor, un puissant plugin WordPress con\u00e7u pour suralimenter votre boutique en ligne. Offrant une personnalisation in\u00e9gal\u00e9e, DHWC Elementor vous permet de construire et de g\u00e9rer sans effort les dispositions de produits WooCommerce. Avec son interface conviviale, vous pouvez concevoir des pages de produits uniques qui refl\u00e8tent l&rsquo;esth\u00e9tique de votre marque, maximisant l&rsquo;attrait visuel de votre site. Ses widgets de contenu dynamique offrent un moyen intuitif de pr\u00e9senter des produits, attirant l&rsquo;attention des clients sur les d\u00e9tails cl\u00e9s et les promotions. Le plugin prend \u00e9galement en charge plusieurs langues, ce qui en fait un outil polyvalent pour les entreprises visant \u00e0 atteindre un public mondial. D\u00e9couvrez la diff\u00e9rence Elementor DHWC &#8211; un outil essentiel pour tout site de commerce \u00e9lectronique qui cherche \u00e0 optimiser sa pr\u00e9sence num\u00e9rique et \u00e0 stimuler les ventes.<\/p>\n","protected":false},"featured_media":143527,"comment_status":"open","ping_status":"open","template":"","meta":[],"product_brand":[2435],"product_cat":[1182,1223,1181],"product_tag":[1231],"class_list":{"0":"post-119880","1":"product","2":"type-product","3":"status-publish","4":"has-post-thumbnail","6":"product_brand-codecanyon","7":"product_cat-commerce-electronique-plugins","8":"product_cat-personnalisation-commerce-electronique-plugins","9":"product_cat-plugins","10":"product_tag-codecanyon","11":"member-discount","12":"discount-restricted","14":"first","15":"instock","16":"sale","17":"downloadable","18":"virtual","19":"sold-individually","20":"purchasable","21":"product-type-simple"},"_links":{"self":[{"href":"https:\/\/gpl-love.com\/fr\/wp-json\/wp\/v2\/product\/119880","targetHints":{"allow":["GET"]}}],"collection":[{"href":"https:\/\/gpl-love.com\/fr\/wp-json\/wp\/v2\/product"}],"about":[{"href":"https:\/\/gpl-love.com\/fr\/wp-json\/wp\/v2\/types\/product"}],"replies":[{"embeddable":true,"href":"https:\/\/gpl-love.com\/fr\/wp-json\/wp\/v2\/comments?post=119880"}],"wp:featuredmedia":[{"embeddable":true,"href":"https:\/\/gpl-love.com\/fr\/wp-json\/wp\/v2\/media\/143527"}],"wp:attachment":[{"href":"https:\/\/gpl-love.com\/fr\/wp-json\/wp\/v2\/media?parent=119880"}],"wp:term":[{"taxonomy":"product_brand","embeddable":true,"href":"https:\/\/gpl-love.com\/fr\/wp-json\/wp\/v2\/product_brand?post=119880"},{"taxonomy":"product_cat","embeddable":true,"href":"https:\/\/gpl-love.com\/fr\/wp-json\/wp\/v2\/product_cat?post=119880"},{"taxonomy":"product_tag","embeddable":true,"href":"https:\/\/gpl-love.com\/fr\/wp-json\/wp\/v2\/product_tag?post=119880"}],"curies":[{"name":"wp","href":"https:\/\/api.w.org\/{rel}","templated":true}]}}