{"id":119878,"date":"2026-04-24T00:00:00","date_gmt":"2026-04-23T22:00:00","guid":{"rendered":"https:\/\/gpl-love.com\/fr\/produit\/custom-facebook-feed-pro-by-smash-balloon\/"},"modified":"2026-04-24T00:30:13","modified_gmt":"2026-04-23T22:30:13","slug":"custom-facebook-feed-pro-by-smash-balloon","status":"publish","type":"product","link":"https:\/\/gpl-love.com\/fr\/produit\/custom-facebook-feed-pro-by-smash-balloon\/","title":{"rendered":"Custom Facebook Feeds Pro 4.7.7"},"content":{"rendered":"<h3>Custom Facebook Feeds Pro Traits<\/h3>\n<p>Le plugin Facebook Face Facebook personnalis\u00e9 d\u00e9velopp\u00e9 par Smash Balloon est un outil incroyablement robuste qui permet aux utilisateurs de pr\u00e9senter un flux Facebook enti\u00e8rement personnalisable directement sur leur site Web. En tirant parti de ce plugin remarquable, les individus peuvent pr\u00e9senter sans effort leur contenu Facebook diversifi\u00e9, comprenant des publications, des photos, des vid\u00e9os et des \u00e9v\u00e9nements, sur n&rsquo;importe quel site WordPress. Le processus d&rsquo;installation est remarquablement convivial, et la gamme approfondie des fonctionnalit\u00e9s fournies permet aux utilisateurs d&rsquo;exercer un contr\u00f4le complet sur l&rsquo;apparence visuelle et l&rsquo;ambiance de leur flux. On peut s\u00e9lectionner parmi un assortiment d&rsquo;options de mise en page, de sch\u00e9mas de couleurs et de styles de police, en plus de personnaliser la taille du flux lui-m\u00eame pour harmoniser parfaitement la conception existante de leur site Web. En outre, le plugin Facebook Face Facebook Custom facilite l&rsquo;inclusion de plusieurs flux, ce qui rend possible de pr\u00e9senter des flux provenant de pages Facebook ou de groupes distinctes. En r\u00e9sum\u00e9, ce plugin se d\u00e9marque comme un choix exceptionnel pour les personnes qui aspirent \u00e0 fusionner leur contenu Facebook de mani\u00e8re transparente dans leur site Web, favorisant ainsi un engagement actif avec leur public sur les deux plateformes.<\/p>\n<ul>\n<li>Affiche les flux Facebook personnalisables directement sur votre site Web<\/li>\n<li>Permet d&rsquo;afficher plusieurs flux sur une page<\/li>\n<li>Prend en charge tous les types de publiques Facebook, y compris les photos, les vid\u00e9os et les \u00e9v\u00e9nements<\/li>\n<li>Conception enti\u00e8rement r\u00e9active pour une visualisation optimale sur n&rsquo;importe quel appareil<\/li>\n<li>Options de conception personnalisables pour correspondre \u00e0 la marque de votre site Web<\/li>\n<li>Possibilit\u00e9 de limiter le nombre de messages affich\u00e9s et d\u00e9finir un \u00e2ge maximum pour les messages<\/li>\n<li>Shortcode facile \u00e0 utiliser pour une insertion facile dans n&rsquo;importe quelle page ou publication<\/li>\n<li>Option pour inclure Facebook like et partager des boutons sur chaque publication<\/li>\n<li>Cache post personnalis\u00e9e pour am\u00e9liorer les temps de chargement du site Web<\/li>\n<li>La version Premium comprend encore plus d&rsquo;options de personnalisation et un support prioritaire.<\/li>\n<\/ul>\n","protected":false},"excerpt":{"rendered":"<p>D\u00e9couvrez le pouvoir des m\u00e9dias sociaux avec Facebook Feeds Feeds Pro. Cet outil innovant vous permet d&rsquo;int\u00e9grer de mani\u00e8re transparente votre contenu Facebook directement sur votre site Web. Avec des fonctionnalit\u00e9s telles que des flux illimit\u00e9s, plusieurs options de mise en page et un CSS personnalisable, vous pouvez adapter vos flux Facebook pour correspondre parfaitement \u00e0 l&rsquo;esth\u00e9tique de votre marque. Rendez votre site Web plus attrayant et interactif avec nos options de filtre, vous permettant d&rsquo;afficher les publications par type ou hashtag. Custom Facebook Feeds Pro prend \u00e9galement en charge les r\u00e9actions Facebook, vous donnant une compr\u00e9hension plus approfondie de la r\u00e9ponse de votre public. Le plugin est r\u00e9actif mobile, garantissant que vos flux Facebook ont \u200b\u200bfi\u00e8re allure sur tous les appareils. Ne manquez pas les avantages de l&rsquo;engagement accru des utilisateurs et du r\u00e9f\u00e9rencement du site Web. Prenez le contr\u00f4le de votre pr\u00e9sence en ligne avec Custom Facebook Feeds Pro.<\/p>\n","protected":false},"featured_media":143501,"comment_status":"open","ping_status":"open","template":"","meta":[],"product_brand":[2500],"product_cat":[1207,1181,1186],"product_tag":[1349],"class_list":{"0":"post-119878","1":"product","2":"type-product","3":"status-publish","4":"has-post-thumbnail","6":"product_brand-smashballoon","7":"product_cat-commercialisation-wordpress-plugins","8":"product_cat-plugins","9":"product_cat-wordpress-plugins","10":"product_tag-smashballoon","11":"member-discount","12":"discount-restricted","14":"first","15":"instock","16":"sale","17":"downloadable","18":"virtual","19":"sold-individually","20":"purchasable","21":"product-type-simple"},"_links":{"self":[{"href":"https:\/\/gpl-love.com\/fr\/wp-json\/wp\/v2\/product\/119878","targetHints":{"allow":["GET"]}}],"collection":[{"href":"https:\/\/gpl-love.com\/fr\/wp-json\/wp\/v2\/product"}],"about":[{"href":"https:\/\/gpl-love.com\/fr\/wp-json\/wp\/v2\/types\/product"}],"replies":[{"embeddable":true,"href":"https:\/\/gpl-love.com\/fr\/wp-json\/wp\/v2\/comments?post=119878"}],"wp:featuredmedia":[{"embeddable":true,"href":"https:\/\/gpl-love.com\/fr\/wp-json\/wp\/v2\/media\/143501"}],"wp:attachment":[{"href":"https:\/\/gpl-love.com\/fr\/wp-json\/wp\/v2\/media?parent=119878"}],"wp:term":[{"taxonomy":"product_brand","embeddable":true,"href":"https:\/\/gpl-love.com\/fr\/wp-json\/wp\/v2\/product_brand?post=119878"},{"taxonomy":"product_cat","embeddable":true,"href":"https:\/\/gpl-love.com\/fr\/wp-json\/wp\/v2\/product_cat?post=119878"},{"taxonomy":"product_tag","embeddable":true,"href":"https:\/\/gpl-love.com\/fr\/wp-json\/wp\/v2\/product_tag?post=119878"}],"curies":[{"name":"wp","href":"https:\/\/api.w.org\/{rel}","templated":true}]}}