{"id":119876,"date":"2023-03-19T00:00:00","date_gmt":"2023-03-18T23:00:00","guid":{"rendered":"https:\/\/gpl-love.com\/fr\/produit\/composer-responsive-multi-purpose-high-performance-wordpress-theme\/"},"modified":"2026-03-20T22:58:51","modified_gmt":"2026-03-20T21:58:51","slug":"composer-responsive-multi-purpose-high-performance-wordpress-theme","status":"publish","type":"product","link":"https:\/\/gpl-love.com\/fr\/produit\/composer-responsive-multi-purpose-high-performance-wordpress-theme\/","title":{"rendered":"Composer Responsive Multi-Purpose High Performance WordPress Theme 4.3.0"},"content":{"rendered":"<h3>Composer Responsive Multi-Purpose High Performance WordPress Theme Traits<\/h3>\n<p>Le compositeur, un th\u00e8me WordPress, poss\u00e8de une r\u00e9activit\u00e9 et une polyvalence exceptionnelles, ce qui le rend un choix impeccable pour le d\u00e9veloppement de divers sites Web. Sa conception, qui s&rsquo;adresse \u00e0 des fins diverses, s&rsquo;av\u00e8re \u00eatre une solution id\u00e9ale pour les entreprises, les professionnels de la cr\u00e9ation et les individus. Ce th\u00e8me offre une pl\u00e9thore d&rsquo;options et de fonctionnalit\u00e9s personnalisables, permettant aux utilisateurs d&rsquo;\u00e9laborer m\u00e9ticuleusement un site Web qui incarne parfaitement leur vision unique. En outre, le compositeur met fortement l&rsquo;accent sur l&rsquo;optimisation des performances, ce qui entra\u00eene des temps de chargement rapides et une navigation sans effort, m\u00eame sur les appareils mobiles. Ainsi, que vous aspirez \u00e0 \u00e9tablir une pr\u00e9sence en ligne pour votre entreprise ou \u00e0 cr\u00e9er un blog personnel, la s\u00e9lection du compositeur comme th\u00e8me WordPress se r\u00e9v\u00e9lera sans aucun doute une d\u00e9cision exceptionnelle, car elle incarne une fusion de puissance, de convivialit\u00e9 et de fonctionnalit\u00e9.<\/p>\n<ul>\n<li>Conception enti\u00e8rement r\u00e9active<\/li>\n<li>Fonctionnalit\u00e9 polyvalente pour un large \u00e9ventail de types de sites Web<\/li>\n<li>Hautement personnalisable avec diverses options de disposition, couleurs et polices<\/li>\n<li>Installation rapide et facile avec une fonction d&rsquo;importation de d\u00e9monstration en un clic<\/li>\n<li>SEO optimis\u00e9 pour un meilleur classement des moteurs de recherche<\/li>\n<li>Hautes performances avec du code optimis\u00e9 et des temps de chargement rapide<\/li>\n<li>Compatible avec des plugins populaires tels que WooCommerce et Contact Form 7<\/li>\n<li>Comprend des plugins premium tels que Slider Revolution et Visual Composer<\/li>\n<li>R\u00e9guli\u00e8rement mis \u00e0 jour avec de nouvelles fonctionnalit\u00e9s et am\u00e9liorations<\/li>\n<li>Documentation approfondie et \u00e9quipe de soutien d\u00e9di\u00e9e \u00e0 l&rsquo;aide<\/li>\n<\/ul>\n","protected":false},"excerpt":{"rendered":"<p>Plongez dans le monde de WordPress avec notre compositeur de pointe des compositeurs de pointe r\u00e9active le th\u00e8me WordPress haute performance. Ce th\u00e8me n&rsquo;est pas seulement attrayant esth\u00e9tique mais aussi tr\u00e8s polyvalent, ce qui le rend parfait pour un large \u00e9ventail de sites Web. Avec sa conception r\u00e9active, il s&rsquo;adapte de mani\u00e8re transparente \u00e0 diverses tailles d&rsquo;\u00e9cran, garantissant que votre contenu est fantastique sur tous les appareils. En tant que th\u00e8me polyvalent, il offre une pl\u00e9thore d&rsquo;options de personnalisation vous permettant de l&rsquo;adapter \u00e0 vos besoins sp\u00e9cifiques, que ce soit pour un site Web d&rsquo;entreprise, un blog personnel ou un magasin de commerce \u00e9lectronique. De plus, il est optimis\u00e9 \u00e0 haute performance et \u00e0 la vitesse pour vous assurer que votre site Web fonctionne bien et se charge rapidement pour tous vos visiteurs. D\u00e9couvrez la puissance et la facilit\u00e9 du th\u00e8me WordPress du compositeur et cr\u00e9ez un site Web \u00e9tonnant sans effort.<\/p>\n","protected":false},"featured_media":143410,"comment_status":"open","ping_status":"open","template":"","meta":[],"product_brand":[2433],"product_cat":[1214,1212,1213],"product_tag":[1366],"class_list":{"0":"post-119876","1":"product","2":"type-product","3":"status-publish","4":"has-post-thumbnail","6":"product_brand-themeforest","7":"product_cat-polyvalent","8":"product_cat-themes","9":"product_cat-wordpress-themes","10":"product_tag-themeforest","11":"member-discount","12":"discount-restricted","14":"first","15":"instock","16":"sale","17":"downloadable","18":"virtual","19":"sold-individually","20":"purchasable","21":"product-type-simple"},"_links":{"self":[{"href":"https:\/\/gpl-love.com\/fr\/wp-json\/wp\/v2\/product\/119876","targetHints":{"allow":["GET"]}}],"collection":[{"href":"https:\/\/gpl-love.com\/fr\/wp-json\/wp\/v2\/product"}],"about":[{"href":"https:\/\/gpl-love.com\/fr\/wp-json\/wp\/v2\/types\/product"}],"replies":[{"embeddable":true,"href":"https:\/\/gpl-love.com\/fr\/wp-json\/wp\/v2\/comments?post=119876"}],"wp:featuredmedia":[{"embeddable":true,"href":"https:\/\/gpl-love.com\/fr\/wp-json\/wp\/v2\/media\/143410"}],"wp:attachment":[{"href":"https:\/\/gpl-love.com\/fr\/wp-json\/wp\/v2\/media?parent=119876"}],"wp:term":[{"taxonomy":"product_brand","embeddable":true,"href":"https:\/\/gpl-love.com\/fr\/wp-json\/wp\/v2\/product_brand?post=119876"},{"taxonomy":"product_cat","embeddable":true,"href":"https:\/\/gpl-love.com\/fr\/wp-json\/wp\/v2\/product_cat?post=119876"},{"taxonomy":"product_tag","embeddable":true,"href":"https:\/\/gpl-love.com\/fr\/wp-json\/wp\/v2\/product_tag?post=119876"}],"curies":[{"name":"wp","href":"https:\/\/api.w.org\/{rel}","templated":true}]}}